{"id":1650,"date":"2023-04-25T02:09:04","date_gmt":"2023-04-25T02:09:04","guid":{"rendered":"https:\/\/yingmeipack.com\/?post_type=product&#038;p=1650"},"modified":"2025-06-04T09:19:00","modified_gmt":"2025-06-04T09:19:00","slug":"custom-aluminum-jar-box-loaded-hair-wax-eye-face-cream-candle-80g","status":"publish","type":"product","link":"https:\/\/yingmeipack.com\/pt\/product\/custom-aluminum-jar-box-loaded-hair-wax-eye-face-cream-candle-80g\/","title":{"rendered":"caixa de frasco de alum\u00ednio personalizada carregada de cera para cabelo e rosto vela de creme 80g"},"content":{"rendered":"","protected":false},"excerpt":{"rendered":"<p>Matieral: Aluminium, Size: dia68mm x h35mm, Capacity: 2.7 Ounce \/ 80 ml.<br \/>\nDIY Aluminum Containers: These aluminum containers can be applied on weddings, anniversary, New Year and more parties to store items, are perfect for candle making, DIY balm, cosmetic packaging storage, and so on.<br \/>\nDesign de rosca: As tampas de rosca garantem um aperto f\u00e1cil da tampa e n\u00e3o deixam sair o conte\u00fado. Al\u00e9m disso, a junta no interior da tampa tamb\u00e9m tem um certo efeito. Estas tampas de rosca dos recipientes n\u00e3o t\u00eam arestas vivas, todas as arestas s\u00e3o arredondadas para evitar arranhar a m\u00e3o.<br \/>\nAmpla aplica\u00e7\u00e3o: Os nossos recipientes de lata de alum\u00ednio de qualidade alimentar servem para armazenar uma grande variedade de artigos como b\u00e1lsamos labiais, brilho labial, mini velas, cosm\u00e9ticos, potes de amostras, ervas, lo\u00e7\u00f5es artesanais, cremes, pomadas, b\u00e1lsamos e muito mais.<\/p>","protected":false},"featured_media":1651,"template":"","meta":{"_kad_post_transparent":"default","_kad_post_title":"","_kad_post_layout":"default","_kad_post_sidebar_id":"","_kad_post_content_style":"default","_kad_post_vertical_padding":"default","_kad_post_feature":"","_kad_post_feature_position":"","_kad_post_header":false,"_kad_post_footer":false,"jetpack_publicize_message":"","jetpack_publicize_feature_enabled":true,"jetpack_social_post_already_shared":false,"jetpack_social_options":{"image_generator_settings":{"template":"highway","default_image_id":0,"enabled":false},"version":2}},"product_brand":[],"product_cat":[28,24,27],"product_tag":[282,283,281],"class_list":{"0":"post-1650","1":"product","2":"type-product","3":"status-publish","4":"has-post-thumbnail","6":"product_cat-aluminum-jars","7":"product_cat-jars","8":"product_cat-metal-jars","9":"product_tag-aluminum-jar","10":"product_tag-aluminum-wax-tins","11":"product_tag-empty-metal-cans","13":"first","14":"instock","15":"shipping-taxable","16":"purchasable","17":"product-type-simple","18":"entry","19":"content-bg","20":"loop-entry"},"aioseo_notices":[],"jetpack_publicize_connections":[],"jetpack_sharing_enabled":true,"_links":{"self":[{"href":"https:\/\/yingmeipack.com\/pt\/wp-json\/wp\/v2\/product\/1650","targetHints":{"allow":["GET"]}}],"collection":[{"href":"https:\/\/yingmeipack.com\/pt\/wp-json\/wp\/v2\/product"}],"about":[{"href":"https:\/\/yingmeipack.com\/pt\/wp-json\/wp\/v2\/types\/product"}],"version-history":[{"count":2,"href":"https:\/\/yingmeipack.com\/pt\/wp-json\/wp\/v2\/product\/1650\/revisions"}],"predecessor-version":[{"id":1658,"href":"https:\/\/yingmeipack.com\/pt\/wp-json\/wp\/v2\/product\/1650\/revisions\/1658"}],"wp:featuredmedia":[{"embeddable":true,"href":"https:\/\/yingmeipack.com\/pt\/wp-json\/wp\/v2\/media\/1651"}],"wp:attachment":[{"href":"https:\/\/yingmeipack.com\/pt\/wp-json\/wp\/v2\/media?parent=1650"}],"wp:term":[{"taxonomy":"product_brand","embeddable":true,"href":"https:\/\/yingmeipack.com\/pt\/wp-json\/wp\/v2\/product_brand?post=1650"},{"taxonomy":"product_cat","embeddable":true,"href":"https:\/\/yingmeipack.com\/pt\/wp-json\/wp\/v2\/product_cat?post=1650"},{"taxonomy":"product_tag","embeddable":true,"href":"https:\/\/yingmeipack.com\/pt\/wp-json\/wp\/v2\/product_tag?post=1650"}],"curies":[{"name":"wp","href":"https:\/\/api.w.org\/{rel}","templated":true}]}}