{"id":1636,"date":"2023-04-24T08:43:55","date_gmt":"2023-04-24T08:43:55","guid":{"rendered":"https:\/\/yingmeipack.com\/?post_type=product&#038;p=1636"},"modified":"2025-06-05T03:03:22","modified_gmt":"2025-06-05T03:03:22","slug":"custom-round-solid-perfume-lipstick-hair-wax-metal-storage-box-empty-aluminium-can-100ml","status":"publish","type":"product","link":"https:\/\/yingmeipack.com\/pt\/product\/custom-round-solid-perfume-lipstick-hair-wax-metal-storage-box-empty-aluminium-can-100ml\/","title":{"rendered":"Caixa de armazenamento met\u00e1lica redonda personalizada para perfume s\u00f3lido, batom, cera para o cabelo, lata de alum\u00ednio vazia de 100 ml"},"content":{"rendered":"","protected":false},"excerpt":{"rendered":"<p>\u2714High Quality:\u00a0 100ml Round Tin Cans are made of durable aluminum with secure threaded screw top lid to protect your products and prevent Leaks.These tins are made to be strong and durable have no sharp edges and are reusable making them eco friendly,safe to store items.<br \/>\n\u2714Smooth Edges: have no sharp edges, these screw cans are safe to open and close.Easy and convenient to carry, enough to store different small items for quick and convenient accessgood for travel and business trip.<br \/>\nMultiuso: Ideal para seus b\u00e1lsamos labiais e corporais feitos \u00e0 m\u00e3o, cremes e pomadas para as m\u00e3os, \u00f3leos essenciais, pomadas, ervas medicinais e ceras, especiarias e temperos, velas de ch\u00e1, p\u00f3s, ch\u00e1s de folhas soltas, glitter, potpourri, brincos e outras pequenas joiasr.<br \/>\nPerfeito para b\u00e1lsamos labiais DIY, p\u00edlulas, lembran\u00e7as de festas, doces, balas, balas, vitaminas ou para incluir em presentes. Latas vazias t\u00eam v\u00e1rios usos DIY. F\u00e1cil de transportar e usar.<br \/>\nUse-os em seu casamento, anivers\u00e1rio, ch\u00e1 de beb\u00ea como o recipiente de presente pequeno perfeito para seus doces, balas ou chocolates caseiros. tamb\u00e9m pode ser uma decora\u00e7\u00e3o para o seu quarto e desktop. adequado para uso profissional ou pessoal.<\/p>","protected":false},"featured_media":1637,"template":"","meta":{"_kad_post_transparent":"default","_kad_post_title":"","_kad_post_layout":"default","_kad_post_sidebar_id":"","_kad_post_content_style":"default","_kad_post_vertical_padding":"default","_kad_post_feature":"","_kad_post_feature_position":"","_kad_post_header":false,"_kad_post_footer":false,"jetpack_publicize_message":"","jetpack_publicize_feature_enabled":true,"jetpack_social_post_already_shared":false,"jetpack_social_options":{"image_generator_settings":{"template":"highway","default_image_id":0,"enabled":false},"version":2}},"product_brand":[],"product_cat":[28,24,27],"product_tag":[282,283,281],"class_list":{"0":"post-1636","1":"product","2":"type-product","3":"status-publish","4":"has-post-thumbnail","6":"product_cat-aluminum-jars","7":"product_cat-jars","8":"product_cat-metal-jars","9":"product_tag-aluminum-jar","10":"product_tag-aluminum-wax-tins","11":"product_tag-empty-metal-cans","13":"first","14":"instock","15":"shipping-taxable","16":"purchasable","17":"product-type-simple","18":"entry","19":"content-bg","20":"loop-entry"},"aioseo_notices":[],"jetpack_publicize_connections":[],"jetpack_sharing_enabled":true,"_links":{"self":[{"href":"https:\/\/yingmeipack.com\/pt\/wp-json\/wp\/v2\/product\/1636","targetHints":{"allow":["GET"]}}],"collection":[{"href":"https:\/\/yingmeipack.com\/pt\/wp-json\/wp\/v2\/product"}],"about":[{"href":"https:\/\/yingmeipack.com\/pt\/wp-json\/wp\/v2\/types\/product"}],"version-history":[{"count":1,"href":"https:\/\/yingmeipack.com\/pt\/wp-json\/wp\/v2\/product\/1636\/revisions"}],"predecessor-version":[{"id":1642,"href":"https:\/\/yingmeipack.com\/pt\/wp-json\/wp\/v2\/product\/1636\/revisions\/1642"}],"wp:featuredmedia":[{"embeddable":true,"href":"https:\/\/yingmeipack.com\/pt\/wp-json\/wp\/v2\/media\/1637"}],"wp:attachment":[{"href":"https:\/\/yingmeipack.com\/pt\/wp-json\/wp\/v2\/media?parent=1636"}],"wp:term":[{"taxonomy":"product_brand","embeddable":true,"href":"https:\/\/yingmeipack.com\/pt\/wp-json\/wp\/v2\/product_brand?post=1636"},{"taxonomy":"product_cat","embeddable":true,"href":"https:\/\/yingmeipack.com\/pt\/wp-json\/wp\/v2\/product_cat?post=1636"},{"taxonomy":"product_tag","embeddable":true,"href":"https:\/\/yingmeipack.com\/pt\/wp-json\/wp\/v2\/product_tag?post=1636"}],"curies":[{"name":"wp","href":"https:\/\/api.w.org\/{rel}","templated":true}]}}