{"id":1574,"date":"2023-04-19T08:04:07","date_gmt":"2023-04-19T08:04:07","guid":{"rendered":"https:\/\/yingmeipack.com\/?post_type=product&#038;p=1574"},"modified":"2025-06-05T03:08:02","modified_gmt":"2025-06-05T03:08:02","slug":"120g-round-matte-black-aluminum-tin-metal-jar","status":"publish","type":"product","link":"https:\/\/yingmeipack.com\/pt\/product\/120g-round-matte-black-aluminum-tin-metal-jar\/","title":{"rendered":"Frasco de metal redondo de alum\u00ednio preto mate de 120g"},"content":{"rendered":"","protected":false},"excerpt":{"rendered":"<p>Alta qualidade: as latas redondas de 4,2 on\u00e7as s\u00e3o feitas de alum\u00ednio dur\u00e1vel com tampa de rosca segura para proteger seus produtos e evitar vazamentos. Essas latas s\u00e3o feitas para serem fortes e dur\u00e1veis, n\u00e3o t\u00eam bordas afiadas e s\u00e3o reutiliz\u00e1veis, tornando-as ecologicamente corretas e seguras para armazenar itens.<br \/>\nBordas suaves: Latas de 120ML, n\u00e3o t\u00eam bordas afiadas, essas latas de parafuso s\u00e3o seguras para abrir e fechar.F\u00e1cil e conveniente de transportar, o suficiente para armazenar diferentes itens pequenos para acesso r\u00e1pido e convenientebom para viagens e viagens de neg\u00f3cios.<br \/>\nMultiuso: Ideal para seus b\u00e1lsamos labiais e corporais feitos \u00e0 m\u00e3o, cremes e pomadas para as m\u00e3os, \u00f3leos essenciais, pomadas, ervas medicinais e ceras, especiarias e temperos, velas de ch\u00e1, p\u00f3s, ch\u00e1s de folhas soltas, glitter, potpourri, brincos e outras pequenas joiasr.<br \/>\nPerfeito para b\u00e1lsamos labiais DIY, p\u00edlulas, lembran\u00e7as de festas, doces, balas, balas, vitaminas ou para incluir em presentes. Latas vazias t\u00eam v\u00e1rios usos DIY. F\u00e1cil de transportar e usar.<br \/>\nUse-os em seu casamento, anivers\u00e1rio, ch\u00e1 de beb\u00ea como o recipiente de presente pequeno perfeito para seus doces, balas ou chocolates caseiros. tamb\u00e9m pode ser uma decora\u00e7\u00e3o para o seu quarto e desktop. adequado para uso profissional ou pessoal.<\/p>","protected":false},"featured_media":1575,"template":"","meta":{"_kad_post_transparent":"default","_kad_post_title":"","_kad_post_layout":"default","_kad_post_sidebar_id":"","_kad_post_content_style":"default","_kad_post_vertical_padding":"default","_kad_post_feature":"","_kad_post_feature_position":"","_kad_post_header":false,"_kad_post_footer":false,"jetpack_publicize_message":"","jetpack_publicize_feature_enabled":true,"jetpack_social_post_already_shared":false,"jetpack_social_options":{"image_generator_settings":{"template":"highway","default_image_id":0,"enabled":false},"version":2}},"product_brand":[],"product_cat":[28,24,27],"product_tag":[282,285,304],"class_list":{"0":"post-1574","1":"product","2":"type-product","3":"status-publish","4":"has-post-thumbnail","6":"product_cat-aluminum-jars","7":"product_cat-jars","8":"product_cat-metal-jars","9":"product_tag-aluminum-jar","10":"product_tag-aluminum-tin-can-with-slip-lid","11":"product_tag-matte-black-aluminum-tin-metal-jar","13":"first","14":"instock","15":"shipping-taxable","16":"purchasable","17":"product-type-simple","18":"entry","19":"content-bg","20":"loop-entry"},"aioseo_notices":[],"jetpack_publicize_connections":[],"jetpack_sharing_enabled":true,"_links":{"self":[{"href":"https:\/\/yingmeipack.com\/pt\/wp-json\/wp\/v2\/product\/1574","targetHints":{"allow":["GET"]}}],"collection":[{"href":"https:\/\/yingmeipack.com\/pt\/wp-json\/wp\/v2\/product"}],"about":[{"href":"https:\/\/yingmeipack.com\/pt\/wp-json\/wp\/v2\/types\/product"}],"version-history":[{"count":1,"href":"https:\/\/yingmeipack.com\/pt\/wp-json\/wp\/v2\/product\/1574\/revisions"}],"predecessor-version":[{"id":1581,"href":"https:\/\/yingmeipack.com\/pt\/wp-json\/wp\/v2\/product\/1574\/revisions\/1581"}],"wp:featuredmedia":[{"embeddable":true,"href":"https:\/\/yingmeipack.com\/pt\/wp-json\/wp\/v2\/media\/1575"}],"wp:attachment":[{"href":"https:\/\/yingmeipack.com\/pt\/wp-json\/wp\/v2\/media?parent=1574"}],"wp:term":[{"taxonomy":"product_brand","embeddable":true,"href":"https:\/\/yingmeipack.com\/pt\/wp-json\/wp\/v2\/product_brand?post=1574"},{"taxonomy":"product_cat","embeddable":true,"href":"https:\/\/yingmeipack.com\/pt\/wp-json\/wp\/v2\/product_cat?post=1574"},{"taxonomy":"product_tag","embeddable":true,"href":"https:\/\/yingmeipack.com\/pt\/wp-json\/wp\/v2\/product_tag?post=1574"}],"curies":[{"name":"wp","href":"https:\/\/api.w.org\/{rel}","templated":true}]}}