{"id":1565,"date":"2023-04-19T07:15:48","date_gmt":"2023-04-19T07:15:48","guid":{"rendered":"https:\/\/yingmeipack.com\/?post_type=product&#038;p=1565"},"modified":"2025-06-05T08:16:49","modified_gmt":"2025-06-05T08:16:49","slug":"round-rose-gold-window-lid-5ml-metal-packaging-aluminum-can","status":"publish","type":"product","link":"https:\/\/yingmeipack.com\/pt\/product\/round-rose-gold-window-lid-5ml-metal-packaging-aluminum-can\/","title":{"rendered":"Tampa de janela redonda em ouro rosa 5ml embalagem met\u00e1lica lata de alum\u00ednio"},"content":{"rendered":"","protected":false},"excerpt":{"rendered":"<p>Latas cor-de-rosa com janela transparente, para que seja mais f\u00e1cil encontrar os artigos na caixa<br \/>\nRefer\u00eancia de tamanho: Capacidade - 5ml, D27MM*H14MM<br \/>\nAlta qualidade: Feito de alum\u00ednio de alta qualidade, seguro para armazenar itens, tamb\u00e9m pode ser reciclado ou reutilizado<br \/>\nArestas suaves: Estas latas de rosca n\u00e3o t\u00eam arestas vivas, s\u00e3o f\u00e1ceis de abrir e fechar, o que pode proporcionar-lhe uma experi\u00eancia de utiliza\u00e7\u00e3o segura<br \/>\nLatas de metal multiusos: O material de alta qualidade \u00e9 \u00f3timo para armazenar lo\u00e7\u00f5es, cremes, pomadas, b\u00e1lsamos, potes de amostras, ervas, arte de unhas, etc. Elimina o risco de derretimento ou fugas. Recipientes rasos com tampa de press\u00e3o feitos de a\u00e7o estanhado com tampas roscadas. Uma vez aplicado na base da lata, o chumbo mant\u00e9m-se seguro, eliminando o risco de fugas durante as suas muitas viagens. Este artigo \u00e9 fant\u00e1stico para a bagagem de m\u00e3o<\/p>","protected":false},"featured_media":1566,"template":"","meta":{"_kad_post_transparent":"default","_kad_post_title":"","_kad_post_layout":"default","_kad_post_sidebar_id":"","_kad_post_content_style":"default","_kad_post_vertical_padding":"default","_kad_post_feature":"","_kad_post_feature_position":"","_kad_post_header":false,"_kad_post_footer":false,"jetpack_publicize_message":"","jetpack_publicize_feature_enabled":true,"jetpack_social_post_already_shared":false,"jetpack_social_options":{"image_generator_settings":{"template":"highway","default_image_id":0,"enabled":false},"version":2}},"product_brand":[],"product_cat":[28,24,27],"product_tag":[284,282,285],"class_list":{"0":"post-1565","1":"product","2":"type-product","3":"status-publish","4":"has-post-thumbnail","6":"product_cat-aluminum-jars","7":"product_cat-jars","8":"product_cat-metal-jars","9":"product_tag-10-aluminum-can","10":"product_tag-aluminum-jar","11":"product_tag-aluminum-tin-can-with-slip-lid","13":"first","14":"instock","15":"shipping-taxable","16":"purchasable","17":"product-type-simple","18":"entry","19":"content-bg","20":"loop-entry"},"aioseo_notices":[],"jetpack_publicize_connections":[],"jetpack_sharing_enabled":true,"_links":{"self":[{"href":"https:\/\/yingmeipack.com\/pt\/wp-json\/wp\/v2\/product\/1565","targetHints":{"allow":["GET"]}}],"collection":[{"href":"https:\/\/yingmeipack.com\/pt\/wp-json\/wp\/v2\/product"}],"about":[{"href":"https:\/\/yingmeipack.com\/pt\/wp-json\/wp\/v2\/types\/product"}],"version-history":[{"count":1,"href":"https:\/\/yingmeipack.com\/pt\/wp-json\/wp\/v2\/product\/1565\/revisions"}],"predecessor-version":[{"id":1573,"href":"https:\/\/yingmeipack.com\/pt\/wp-json\/wp\/v2\/product\/1565\/revisions\/1573"}],"wp:featuredmedia":[{"embeddable":true,"href":"https:\/\/yingmeipack.com\/pt\/wp-json\/wp\/v2\/media\/1566"}],"wp:attachment":[{"href":"https:\/\/yingmeipack.com\/pt\/wp-json\/wp\/v2\/media?parent=1565"}],"wp:term":[{"taxonomy":"product_brand","embeddable":true,"href":"https:\/\/yingmeipack.com\/pt\/wp-json\/wp\/v2\/product_brand?post=1565"},{"taxonomy":"product_cat","embeddable":true,"href":"https:\/\/yingmeipack.com\/pt\/wp-json\/wp\/v2\/product_cat?post=1565"},{"taxonomy":"product_tag","embeddable":true,"href":"https:\/\/yingmeipack.com\/pt\/wp-json\/wp\/v2\/product_tag?post=1565"}],"curies":[{"name":"wp","href":"https:\/\/api.w.org\/{rel}","templated":true}]}}