{"id":1557,"date":"2023-04-18T09:03:27","date_gmt":"2023-04-18T09:03:27","guid":{"rendered":"https:\/\/yingmeipack.com\/?post_type=product&#038;p=1557"},"modified":"2025-06-05T08:14:15","modified_gmt":"2025-06-05T08:14:15","slug":"10ml-custom-size-color-logo-mini-metal-aluminum-tin-box-can-jars","status":"publish","type":"product","link":"https:\/\/yingmeipack.com\/pt\/product\/10ml-custom-size-color-logo-mini-metal-aluminum-tin-box-can-jars\/","title":{"rendered":"Frascos de 10 ml tamanho personalizado cor logotipo mini metal alum\u00ednio caixa de lata"},"content":{"rendered":"","protected":false},"excerpt":{"rendered":"<p>Um frasco de alum\u00ednio de 10 ml - muito leve e dur\u00e1vel. Os recipientes s\u00e3o revestidos com EPA (Epoxy Phenolic*) com esta resina especial no interior, pelo que o alum\u00ednio n\u00e3o entrar\u00e1 em contacto direto com o seu produto e, por conseguinte, n\u00e3o h\u00e1 qualquer possibilidade de rea\u00e7\u00e3o ou oxida\u00e7\u00e3o com o seu produto. Os nossos recipientes de alum\u00ednio s\u00e3o totalmente reutiliz\u00e1veis e recicl\u00e1veis e podem ser reciclados em instala\u00e7\u00f5es de reciclagem normais. O alum\u00ednio revestido com EP torna o frasco de alum\u00ednio adequado para a maioria dos tipos de produtos, incluindo produtos \u00e0 base de \u00e1gua, \u00e0 base de \u00f3leo e \u00e0 base de solventes. Este frasco de alum\u00ednio \u00e9 fornecido completo com uma tampa de alum\u00ednio, especificamente concebida para este frasco, de modo a garantir uma veda\u00e7\u00e3o herm\u00e9tica. O alum\u00ednio \u00e9 totalmente recicl\u00e1vel, com um baixo consumo de calor. O baixo peso torna o alum\u00ednio ideal para o transporte. O alum\u00ednio n\u00e3o lixivia se for colocado num aterro sanit\u00e1rio.<\/p>","protected":false},"featured_media":1558,"template":"","meta":{"_kad_post_transparent":"default","_kad_post_title":"","_kad_post_layout":"default","_kad_post_sidebar_id":"","_kad_post_content_style":"default","_kad_post_vertical_padding":"default","_kad_post_feature":"","_kad_post_feature_position":"","_kad_post_header":false,"_kad_post_footer":false,"jetpack_publicize_message":"","jetpack_publicize_feature_enabled":true,"jetpack_social_post_already_shared":false,"jetpack_social_options":{"image_generator_settings":{"template":"highway","default_image_id":0,"enabled":false},"version":2}},"product_brand":[],"product_cat":[28,24,27],"product_tag":[284,282,285],"class_list":{"0":"post-1557","1":"product","2":"type-product","3":"status-publish","4":"has-post-thumbnail","6":"product_cat-aluminum-jars","7":"product_cat-jars","8":"product_cat-metal-jars","9":"product_tag-10-aluminum-can","10":"product_tag-aluminum-jar","11":"product_tag-aluminum-tin-can-with-slip-lid","13":"first","14":"instock","15":"shipping-taxable","16":"purchasable","17":"product-type-simple","18":"entry","19":"content-bg","20":"loop-entry"},"aioseo_notices":[],"jetpack_publicize_connections":[],"jetpack_sharing_enabled":true,"_links":{"self":[{"href":"https:\/\/yingmeipack.com\/pt\/wp-json\/wp\/v2\/product\/1557","targetHints":{"allow":["GET"]}}],"collection":[{"href":"https:\/\/yingmeipack.com\/pt\/wp-json\/wp\/v2\/product"}],"about":[{"href":"https:\/\/yingmeipack.com\/pt\/wp-json\/wp\/v2\/types\/product"}],"version-history":[{"count":1,"href":"https:\/\/yingmeipack.com\/pt\/wp-json\/wp\/v2\/product\/1557\/revisions"}],"predecessor-version":[{"id":1564,"href":"https:\/\/yingmeipack.com\/pt\/wp-json\/wp\/v2\/product\/1557\/revisions\/1564"}],"wp:featuredmedia":[{"embeddable":true,"href":"https:\/\/yingmeipack.com\/pt\/wp-json\/wp\/v2\/media\/1558"}],"wp:attachment":[{"href":"https:\/\/yingmeipack.com\/pt\/wp-json\/wp\/v2\/media?parent=1557"}],"wp:term":[{"taxonomy":"product_brand","embeddable":true,"href":"https:\/\/yingmeipack.com\/pt\/wp-json\/wp\/v2\/product_brand?post=1557"},{"taxonomy":"product_cat","embeddable":true,"href":"https:\/\/yingmeipack.com\/pt\/wp-json\/wp\/v2\/product_cat?post=1557"},{"taxonomy":"product_tag","embeddable":true,"href":"https:\/\/yingmeipack.com\/pt\/wp-json\/wp\/v2\/product_tag?post=1557"}],"curies":[{"name":"wp","href":"https:\/\/api.w.org\/{rel}","templated":true}]}}