{"id":1414,"date":"2023-04-15T08:33:32","date_gmt":"2023-04-15T08:33:32","guid":{"rendered":"https:\/\/yingmeipack.com\/?post_type=product&#038;p=1414"},"modified":"2025-06-10T01:26:27","modified_gmt":"2025-06-10T01:26:27","slug":"empty-tin-jars-aluminum-cans-round-containers-for-candle","status":"publish","type":"product","link":"https:\/\/yingmeipack.com\/pt\/product\/empty-tin-jars-aluminum-cans-round-containers-for-candle\/","title":{"rendered":"Frascos pequenos vazios de metal em folha de Flandres para velas"},"content":{"rendered":"<p>&nbsp;<\/p>\n<p>&nbsp;<\/p>\n<p>&nbsp;<\/p>\n<p>&nbsp;<\/p>\n<p>&nbsp;<\/p>","protected":false},"excerpt":{"rendered":"<p>Tamanho: dia3,8 polegadas \/80mm* h2,1 polegadas\/54mm, leve e pr\u00e1tico, Mini lata redonda, pode guardar pequenos objectos, brincos, etc., pode colocar j\u00f3ias doces no interior como um presente, perto As pessoas que v\u00eam para o presente v\u00e3o definitivamente gostar.<\/p>\n<p>Lata redonda multifun\u00e7\u00f5es: Esta bonita e pequena caixa para velas pode ser usada para guardar muitas coisas, ideal para velas DIY, biscoitos, doces, moedas, an\u00e9is e pequenos objectos. Tamb\u00e9m pode ser usada como um presente perfeito para a sua fam\u00edlia ou amigos com b\u00e1lsamo labial, creme de erva, creme de consolda e recipientes s\u00f3lidos de armazenamento de aromaterapia.<br \/>\nMateriais de alta qualidade: Este frasco de vela \u00e9 feito de metal estanhado. \u00c9 muito resistente e dur\u00e1vel. A superf\u00edcie \u00e9 lisa e amiga do ambiente. \u00c9 f\u00e1cil de limpar. Pode ser reutilizado muitas vezes sem deforma\u00e7\u00e3o f\u00e1cil. O padr\u00e3o de impress\u00e3o chique n\u00e3o se desvanece. N\u00e3o pode ser espremido.<\/p>","protected":false},"featured_media":2152,"template":"","meta":{"_kad_post_transparent":"default","_kad_post_title":"","_kad_post_layout":"default","_kad_post_sidebar_id":"","_kad_post_content_style":"default","_kad_post_vertical_padding":"default","_kad_post_feature":"","_kad_post_feature_position":"","_kad_post_header":false,"_kad_post_footer":false,"jetpack_publicize_message":"","jetpack_publicize_feature_enabled":true,"jetpack_social_post_already_shared":false,"jetpack_social_options":{"image_generator_settings":{"template":"highway","default_image_id":0,"enabled":false},"version":2}},"product_brand":[],"product_cat":[28,48,24,27,29],"product_tag":[298,301,303,302],"class_list":{"0":"post-1414","1":"product","2":"type-product","3":"status-publish","4":"has-post-thumbnail","6":"product_cat-aluminum-jars","7":"product_cat-box","8":"product_cat-jars","9":"product_cat-metal-jars","10":"product_cat-tinplate-jars","11":"product_tag-candle-jars","12":"product_tag-empty-candle-tin","13":"product_tag-metal-jar-containers","14":"product_tag-tinplate-can","16":"first","17":"instock","18":"shipping-taxable","19":"purchasable","20":"product-type-simple","21":"entry","22":"content-bg","23":"loop-entry"},"aioseo_notices":[],"jetpack_publicize_connections":[],"jetpack_sharing_enabled":true,"_links":{"self":[{"href":"https:\/\/yingmeipack.com\/pt\/wp-json\/wp\/v2\/product\/1414","targetHints":{"allow":["GET"]}}],"collection":[{"href":"https:\/\/yingmeipack.com\/pt\/wp-json\/wp\/v2\/product"}],"about":[{"href":"https:\/\/yingmeipack.com\/pt\/wp-json\/wp\/v2\/types\/product"}],"version-history":[{"count":4,"href":"https:\/\/yingmeipack.com\/pt\/wp-json\/wp\/v2\/product\/1414\/revisions"}],"predecessor-version":[{"id":2153,"href":"https:\/\/yingmeipack.com\/pt\/wp-json\/wp\/v2\/product\/1414\/revisions\/2153"}],"wp:featuredmedia":[{"embeddable":true,"href":"https:\/\/yingmeipack.com\/pt\/wp-json\/wp\/v2\/media\/2152"}],"wp:attachment":[{"href":"https:\/\/yingmeipack.com\/pt\/wp-json\/wp\/v2\/media?parent=1414"}],"wp:term":[{"taxonomy":"product_brand","embeddable":true,"href":"https:\/\/yingmeipack.com\/pt\/wp-json\/wp\/v2\/product_brand?post=1414"},{"taxonomy":"product_cat","embeddable":true,"href":"https:\/\/yingmeipack.com\/pt\/wp-json\/wp\/v2\/product_cat?post=1414"},{"taxonomy":"product_tag","embeddable":true,"href":"https:\/\/yingmeipack.com\/pt\/wp-json\/wp\/v2\/product_tag?post=1414"}],"curies":[{"name":"wp","href":"https:\/\/api.w.org\/{rel}","templated":true}]}}