{"id":1407,"date":"2023-04-15T08:12:05","date_gmt":"2023-04-15T08:12:05","guid":{"rendered":"https:\/\/yingmeipack.com\/?post_type=product&#038;p=1407"},"modified":"2023-04-15T08:32:48","modified_gmt":"2023-04-15T08:32:48","slug":"biscuit-cake-tins-boxes-with-handle-for-gifts-tin-containers","status":"publish","type":"product","link":"https:\/\/yingmeipack.com\/pt\/product\/biscuit-cake-tins-boxes-with-handle-for-gifts-tin-containers\/","title":{"rendered":"Caixas para bolos e biscoitos Caixas com pega para prendas"},"content":{"rendered":"","protected":false},"excerpt":{"rendered":"<p>A nossa tecnologia de superf\u00edcie pode fazer serigrafia, impress\u00e3o a cores, estampagem, esvaziamento, abertura de janelas e outros processos, e a cor e o tamanho podem ser personalizados<\/p>\n<ul class=\"a-unordered-list a-vertical a-spacing-mini\">\n<li>Perfeitas para o Natal, casamentos, noivados, ch\u00e1s de beb\u00e9, festas de anivers\u00e1rio e muitas outras celebra\u00e7\u00f5es ou colec\u00e7\u00f5es. As latas vazias para guardar bolachas s\u00e3o feitas de folha de Flandres de alta qualidade, com desenhos natal\u00edcios, que real\u00e7am o ambiente festivo<br \/>\nCaixa de doces quadrada elegante e delicada com padr\u00e3o de Natal, adequada para o Natal. Frasco de doces ador\u00e1vel para crian\u00e7as, tamb\u00e9m para f\u00e9rias, Natal, presentes<br \/>\nFrasco para v\u00e1rios doces que pode ser enchido com presentes, doces, folhas de ch\u00e1, etc. Pode ser utilizado para guardar alimentos (bolachas, rebu\u00e7ados, biscoitos, doces), para guardar material de artesanato (trabalhos manuais), para oferecer bolachas nas f\u00e9rias<br \/>\nAdopta material de folha de Flandres espesso, tecnologia avan\u00e7ada aplicada, o acabamento \u00e9 excelente. Perfeitas para presentes, bolachas caseiras e guloseimas durante as f\u00e9rias ou em qualquer altura do ano! Latas de Natal para bolachas, doces, biscoitos ou outros presentes<br \/>\nAdequado para guardar pequenas prendas, artesanato, chocolate, doces, etc. E fazer uma surpresa memor\u00e1vel para os seus convidados. Adequado para o Natal, Ano Novo, boutique, lojas de departamentos, comida caseira e todos os tipos de lojas de presentes, etc<\/li>\n<\/ul>","protected":false},"featured_media":1408,"template":"","meta":{"_kad_post_transparent":"default","_kad_post_title":"","_kad_post_layout":"default","_kad_post_sidebar_id":"","_kad_post_content_style":"default","_kad_post_vertical_padding":"default","_kad_post_feature":"","_kad_post_feature_position":"","_kad_post_header":false,"_kad_post_footer":false,"jetpack_publicize_message":"","jetpack_publicize_feature_enabled":true,"jetpack_social_post_already_shared":false,"jetpack_social_options":{"image_generator_settings":{"template":"highway","default_image_id":0,"enabled":false},"version":2}},"product_brand":[],"product_cat":[28,48,24,27,29],"product_tag":[297,295,296],"class_list":{"0":"post-1407","1":"product","2":"type-product","3":"status-publish","4":"has-post-thumbnail","6":"product_cat-aluminum-jars","7":"product_cat-box","8":"product_cat-jars","9":"product_cat-metal-jars","10":"product_cat-tinplate-jars","11":"product_tag-container-canister-empty-bakery-treat-boxes","12":"product_tag-cookie-gift-tins-jars","13":"product_tag-tinplate-candy-box","15":"first","16":"instock","17":"shipping-taxable","18":"product-type-simple","19":"entry","20":"content-bg","21":"loop-entry"},"aioseo_notices":[],"jetpack_publicize_connections":[],"jetpack_sharing_enabled":true,"_links":{"self":[{"href":"https:\/\/yingmeipack.com\/pt\/wp-json\/wp\/v2\/product\/1407","targetHints":{"allow":["GET"]}}],"collection":[{"href":"https:\/\/yingmeipack.com\/pt\/wp-json\/wp\/v2\/product"}],"about":[{"href":"https:\/\/yingmeipack.com\/pt\/wp-json\/wp\/v2\/types\/product"}],"version-history":[{"count":1,"href":"https:\/\/yingmeipack.com\/pt\/wp-json\/wp\/v2\/product\/1407\/revisions"}],"predecessor-version":[{"id":1412,"href":"https:\/\/yingmeipack.com\/pt\/wp-json\/wp\/v2\/product\/1407\/revisions\/1412"}],"wp:featuredmedia":[{"embeddable":true,"href":"https:\/\/yingmeipack.com\/pt\/wp-json\/wp\/v2\/media\/1408"}],"wp:attachment":[{"href":"https:\/\/yingmeipack.com\/pt\/wp-json\/wp\/v2\/media?parent=1407"}],"wp:term":[{"taxonomy":"product_brand","embeddable":true,"href":"https:\/\/yingmeipack.com\/pt\/wp-json\/wp\/v2\/product_brand?post=1407"},{"taxonomy":"product_cat","embeddable":true,"href":"https:\/\/yingmeipack.com\/pt\/wp-json\/wp\/v2\/product_cat?post=1407"},{"taxonomy":"product_tag","embeddable":true,"href":"https:\/\/yingmeipack.com\/pt\/wp-json\/wp\/v2\/product_tag?post=1407"}],"curies":[{"name":"wp","href":"https:\/\/api.w.org\/{rel}","templated":true}]}}