{"id":1196,"date":"2023-04-12T02:59:06","date_gmt":"2023-04-12T02:59:06","guid":{"rendered":"https:\/\/yingmeipack.com\/?post_type=product&#038;p=1196"},"modified":"2025-06-05T08:47:26","modified_gmt":"2025-06-05T08:47:26","slug":"3oz-cosmetic-aluminum-tin-beard-oil-hair-wax-skin-care-cream","status":"publish","type":"product","link":"https:\/\/yingmeipack.com\/pt\/product\/3oz-cosmetic-aluminum-tin-beard-oil-hair-wax-skin-care-cream\/","title":{"rendered":"Lata de alum\u00ednio para cosm\u00e9ticos de 3 oz \u00d3leo de barba cera para cabelo creme de cuidados da pele"},"content":{"rendered":"","protected":false},"excerpt":{"rendered":"<ul class=\"a-unordered-list a-vertical a-spacing-mini\">\n<li><span class=\"a-list-item\">O pacote cont\u00e9m: 90 latas de alum\u00ednio com tampa de rosca.<\/span><\/li>\n<li><span class=\"a-list-item\">Capacidade: 3oz\/90ml, 68mm<\/span><span class=\"a-list-item\">\" de di\u00e2metro x 42mm\" de altura.<\/span><\/li>\n<li><span class=\"a-list-item\">Material: Fabricada em alum\u00ednio met\u00e1lico de alta qualidade, a lata tem uma forma bonita, \u00e9 leve e dur\u00e1vel, n\u00e3o \u00e9 t\u00f3xica, n\u00e3o tem cheiro peculiar e \u00e9 segura para entrar em contacto com os alimentos.<\/span><\/li>\n<li><span class=\"a-list-item\">Design de veda\u00e7\u00e3o herm\u00e9tica: A lata met\u00e1lica de alum\u00ednio adopta uma estrutura de tampa de rosca bem fechada, que pode evitar eficazmente fugas. Pode utiliz\u00e1-las para todos os tipos de armazenamento sem se preocupar com fugas.<\/span><\/li>\n<li><span class=\"a-list-item\">Aplica\u00e7\u00f5es m\u00faltiplas: Estas latas de alum\u00ednio vazias podem ser amplamente utilizadas para fazer velas ou armazenar pomadas DIY, bast\u00f5es de lo\u00e7\u00e3o, cremes, pomadas, b\u00e1lsamos para a barba, b\u00e1lsamos, amostras, folhas de ch\u00e1, velas, contas, etc. para atender \u00e0s suas v\u00e1rias necessidades. Estas pequenas latas s\u00e3o tamb\u00e9m essenciais para as viagens.<\/span><\/li>\n<\/ul>","protected":false},"featured_media":1197,"template":"","meta":{"_kad_post_transparent":"default","_kad_post_title":"","_kad_post_layout":"default","_kad_post_sidebar_id":"","_kad_post_content_style":"default","_kad_post_vertical_padding":"default","_kad_post_feature":"","_kad_post_feature_position":"","_kad_post_header":false,"_kad_post_footer":false,"jetpack_publicize_message":"","jetpack_publicize_feature_enabled":true,"jetpack_social_post_already_shared":false,"jetpack_social_options":{"image_generator_settings":{"template":"highway","default_image_id":0,"enabled":false},"version":2}},"product_brand":[],"product_cat":[28,24,27],"product_tag":[282,283,281],"class_list":{"0":"post-1196","1":"product","2":"type-product","3":"status-publish","4":"has-post-thumbnail","6":"product_cat-aluminum-jars","7":"product_cat-jars","8":"product_cat-metal-jars","9":"product_tag-aluminum-jar","10":"product_tag-aluminum-wax-tins","11":"product_tag-empty-metal-cans","13":"first","14":"instock","15":"shipping-taxable","16":"purchasable","17":"product-type-simple","18":"entry","19":"content-bg","20":"loop-entry"},"aioseo_notices":[],"jetpack_publicize_connections":[],"jetpack_sharing_enabled":true,"_links":{"self":[{"href":"https:\/\/yingmeipack.com\/pt\/wp-json\/wp\/v2\/product\/1196","targetHints":{"allow":["GET"]}}],"collection":[{"href":"https:\/\/yingmeipack.com\/pt\/wp-json\/wp\/v2\/product"}],"about":[{"href":"https:\/\/yingmeipack.com\/pt\/wp-json\/wp\/v2\/types\/product"}],"version-history":[{"count":1,"href":"https:\/\/yingmeipack.com\/pt\/wp-json\/wp\/v2\/product\/1196\/revisions"}],"predecessor-version":[{"id":1202,"href":"https:\/\/yingmeipack.com\/pt\/wp-json\/wp\/v2\/product\/1196\/revisions\/1202"}],"wp:featuredmedia":[{"embeddable":true,"href":"https:\/\/yingmeipack.com\/pt\/wp-json\/wp\/v2\/media\/1197"}],"wp:attachment":[{"href":"https:\/\/yingmeipack.com\/pt\/wp-json\/wp\/v2\/media?parent=1196"}],"wp:term":[{"taxonomy":"product_brand","embeddable":true,"href":"https:\/\/yingmeipack.com\/pt\/wp-json\/wp\/v2\/product_brand?post=1196"},{"taxonomy":"product_cat","embeddable":true,"href":"https:\/\/yingmeipack.com\/pt\/wp-json\/wp\/v2\/product_cat?post=1196"},{"taxonomy":"product_tag","embeddable":true,"href":"https:\/\/yingmeipack.com\/pt\/wp-json\/wp\/v2\/product_tag?post=1196"}],"curies":[{"name":"wp","href":"https:\/\/api.w.org\/{rel}","templated":true}]}}