{"id":1128,"date":"2023-04-11T02:52:59","date_gmt":"2023-04-11T02:52:59","guid":{"rendered":"https:\/\/yingmeipack.com\/?post_type=product&#038;p=1128"},"modified":"2025-06-05T08:59:00","modified_gmt":"2025-06-05T08:59:00","slug":"aluminum-tin-jar-with-screw-lid-25ml-refillable-containers","status":"publish","type":"product","link":"https:\/\/yingmeipack.com\/pt\/product\/aluminum-tin-jar-with-screw-lid-25ml-refillable-containers\/","title":{"rendered":"Frasco de alum\u00ednio com tampa de rosca Recipientes recarreg\u00e1veis de 25 ml"},"content":{"rendered":"","protected":false},"excerpt":{"rendered":"<ul class=\"a-unordered-list a-vertical a-spacing-mini\">\n<li><span class=\"a-list-item\">Recipiente para creme de maquilhagem Ruond: Estas caixas de oferta s\u00e3o duradouras, resistentes ao desgaste e \u00e0s quedas. Uma caixa de embalagem para o Natal, anivers\u00e1rio, casamento,<\/span><\/li>\n<li><span class=\"a-list-item\">Lata de alum\u00ednio redonda para velas: A lata \u00e9 um recipiente vazio com um design redondo, que pode reduzir o risco de o pico magoar as pessoas, f\u00e1cil e seguro de abrir e fechar.<\/span><\/li>\n<li><span class=\"a-list-item\">Latas de metal redondas: Podem ser para caixas de embalagem, como caixas de ch\u00e1, caixas de doces, caixas de j\u00f3ias,<\/span><\/li>\n<li><span class=\"a-list-item\">Latas para folhas de ch\u00e1: Feitas de alum\u00ednio, n\u00e3o s\u00e3o f\u00e1ceis de partir, o que as tornar\u00e1 \u00fateis durante um per\u00edodo, t\u00eam uma superf\u00edcie lisa que pode ser colocada em conjunto para uma utiliza\u00e7\u00e3o conveniente.<\/span><\/li>\n<li><span class=\"a-list-item\">Frascos para amostras de cosm\u00e9ticos: Constru\u00e7\u00e3o sem costuras, dur\u00e1vel, f\u00e1cil de transportar e usar. Projectos de fabrico de velas DIY.<\/span><\/li>\n<\/ul>\n<ul class=\"a-unordered-list a-vertical a-spacing-mini\">\n<li><span class=\"a-list-item\">Frascos de alum\u00ednio para b\u00e1lsamos labiais DIY, comprimidos, lembran\u00e7as de festas, doces, rebu\u00e7ados, vitaminas, cuidados com a pele, amostras de maquilhagem ou ch\u00e1s de folhas soltas, ervas, medicamentos, etc.<\/span><\/li>\n<li><span class=\"a-list-item\">Tampa de rosca para tacho redondo Fabricada em alum\u00ednio dur\u00e1vel com tampa de rosca segura para proteger os seus produtos e evitar fugas.<\/span><\/li>\n<li><span class=\"a-list-item\">Estas tampas de rosca dos recipientes n\u00e3o t\u00eam arestas vivas, todas as arestas s\u00e3o arredondadas para evitar arranhar a sua m\u00e3o.<\/span><\/li>\n<li><span class=\"a-list-item\">Latas de 0,8 oz com tampa Leves e pequenas, perfeitas para viajar!<\/span><\/li>\n<\/ul>","protected":false},"featured_media":1129,"template":"","meta":{"_kad_post_transparent":"default","_kad_post_title":"","_kad_post_layout":"default","_kad_post_sidebar_id":"","_kad_post_content_style":"default","_kad_post_vertical_padding":"default","_kad_post_feature":"","_kad_post_feature_position":"","_kad_post_header":false,"_kad_post_footer":false,"jetpack_publicize_message":"","jetpack_publicize_feature_enabled":true,"jetpack_social_post_already_shared":false,"jetpack_social_options":{"image_generator_settings":{"template":"highway","default_image_id":0,"enabled":false},"version":2}},"product_brand":[],"product_cat":[28,24,27],"product_tag":[292,282,283,281],"class_list":{"0":"post-1128","1":"product","2":"type-product","3":"status-publish","4":"has-post-thumbnail","6":"product_cat-aluminum-jars","7":"product_cat-jars","8":"product_cat-metal-jars","9":"product_tag-25ml-aluminum-tin-jar","10":"product_tag-aluminum-jar","11":"product_tag-aluminum-wax-tins","12":"product_tag-empty-metal-cans","14":"first","15":"instock","16":"shipping-taxable","17":"purchasable","18":"product-type-simple","19":"entry","20":"content-bg","21":"loop-entry"},"aioseo_notices":[],"jetpack_publicize_connections":[],"jetpack_sharing_enabled":true,"_links":{"self":[{"href":"https:\/\/yingmeipack.com\/pt\/wp-json\/wp\/v2\/product\/1128","targetHints":{"allow":["GET"]}}],"collection":[{"href":"https:\/\/yingmeipack.com\/pt\/wp-json\/wp\/v2\/product"}],"about":[{"href":"https:\/\/yingmeipack.com\/pt\/wp-json\/wp\/v2\/types\/product"}],"version-history":[{"count":1,"href":"https:\/\/yingmeipack.com\/pt\/wp-json\/wp\/v2\/product\/1128\/revisions"}],"predecessor-version":[{"id":1136,"href":"https:\/\/yingmeipack.com\/pt\/wp-json\/wp\/v2\/product\/1128\/revisions\/1136"}],"wp:featuredmedia":[{"embeddable":true,"href":"https:\/\/yingmeipack.com\/pt\/wp-json\/wp\/v2\/media\/1129"}],"wp:attachment":[{"href":"https:\/\/yingmeipack.com\/pt\/wp-json\/wp\/v2\/media?parent=1128"}],"wp:term":[{"taxonomy":"product_brand","embeddable":true,"href":"https:\/\/yingmeipack.com\/pt\/wp-json\/wp\/v2\/product_brand?post=1128"},{"taxonomy":"product_cat","embeddable":true,"href":"https:\/\/yingmeipack.com\/pt\/wp-json\/wp\/v2\/product_cat?post=1128"},{"taxonomy":"product_tag","embeddable":true,"href":"https:\/\/yingmeipack.com\/pt\/wp-json\/wp\/v2\/product_tag?post=1128"}],"curies":[{"name":"wp","href":"https:\/\/api.w.org\/{rel}","templated":true}]}}