{"id":1120,"date":"2023-04-11T02:25:16","date_gmt":"2023-04-11T02:25:16","guid":{"rendered":"https:\/\/yingmeipack.com\/?post_type=product&#038;p=1120"},"modified":"2025-06-05T09:00:16","modified_gmt":"2025-06-05T09:00:16","slug":"20g-empty-round-metal-tin-aluminum-candle-jar-with-slip-lid","status":"publish","type":"product","link":"https:\/\/yingmeipack.com\/pt\/product\/20g-empty-round-metal-tin-aluminum-candle-jar-with-slip-lid\/","title":{"rendered":"Frasco de vela de alum\u00ednio de metal redondo de 25g vazio com tampa deslizante"},"content":{"rendered":"","protected":false},"excerpt":{"rendered":"<ul class=\"a-unordered-list a-vertical a-spacing-mini\">\n<li><span class=\"a-list-item\">Recipiente para creme de maquilhagem Ruond: Estas caixas de oferta s\u00e3o duradouras, resistentes ao desgaste e \u00e0s quedas. Uma caixa de embalagem para o Natal, anivers\u00e1rio, casamento,<\/span><\/li>\n<li><span class=\"a-list-item\">Lata de alum\u00ednio redonda para velas: A lata \u00e9 um recipiente vazio com um design redondo, que pode reduzir o risco de o pico magoar as pessoas, f\u00e1cil e seguro de abrir e fechar.<\/span><\/li>\n<li><span class=\"a-list-item\">Latas de metal redondas: Podem ser para caixas de embalagem, como caixas de ch\u00e1, caixas de doces, caixas de j\u00f3ias,<\/span><\/li>\n<li><span class=\"a-list-item\">Latas para folhas de ch\u00e1: Feitas de alum\u00ednio, n\u00e3o s\u00e3o f\u00e1ceis de partir, o que as tornar\u00e1 \u00fateis durante um per\u00edodo, t\u00eam uma superf\u00edcie lisa que pode ser colocada em conjunto para uma utiliza\u00e7\u00e3o conveniente.<\/span><\/li>\n<li><span class=\"a-list-item\">Frascos para amostras de cosm\u00e9ticos: Constru\u00e7\u00e3o sem costuras, dur\u00e1vel, f\u00e1cil de transportar e usar. Projectos de fabrico de velas DIY.<\/span><\/li>\n<\/ul>\n<p>Este frasco de alum\u00ednio com tampa de rosca \u00e9 feito de materiais de qualidade alimentar e a dimens\u00e3o \u00e9 45*18*0,3 mm. A embalagem a granel satisfaz as suas utiliza\u00e7\u00f5es polivalentes. Estrutura de tampa de tor\u00e7\u00e3o de parafuso hermeticamente fechada com uma almofada de espuma sob a tampa interna que pode efetivamente evitar vazamentos. Feito de alum\u00ednio, leve mas dur\u00e1vel, f\u00e1cil de transportar. Estas latas n\u00e3o t\u00eam arestas vivas, todas as arestas s\u00e3o arredondadas e t\u00eam uma forma perfeita. O material pode ser reciclado ou reutilizado. Excelentes recipientes para b\u00e1lsamos labiais, brilhos labiais, cremes, cosm\u00e9ticos, pomadas, comprimidos, missangas, parafusos, rebu\u00e7ados, bot\u00f5es, moedas, ervas, ch\u00e1, velas e muito mais. Tamb\u00e9m s\u00e3o adequados para armazenar slime, fazer velas e artesanato DIY.<\/p>","protected":false},"featured_media":1121,"template":"","meta":{"_kad_post_transparent":"default","_kad_post_title":"","_kad_post_layout":"default","_kad_post_sidebar_id":"","_kad_post_content_style":"default","_kad_post_vertical_padding":"default","_kad_post_feature":"","_kad_post_feature_position":"","_kad_post_header":false,"_kad_post_footer":false,"jetpack_publicize_message":"","jetpack_publicize_feature_enabled":true,"jetpack_social_post_already_shared":false,"jetpack_social_options":{"image_generator_settings":{"template":"highway","default_image_id":0,"enabled":false},"version":2}},"product_brand":[],"product_cat":[28,24,27],"product_tag":[291,282,283,281],"class_list":{"0":"post-1120","1":"product","2":"type-product","3":"status-publish","4":"has-post-thumbnail","6":"product_cat-aluminum-jars","7":"product_cat-jars","8":"product_cat-metal-jars","9":"product_tag-20g-aluminum-jar","10":"product_tag-aluminum-jar","11":"product_tag-aluminum-wax-tins","12":"product_tag-empty-metal-cans","14":"first","15":"instock","16":"shipping-taxable","17":"purchasable","18":"product-type-simple","19":"entry","20":"content-bg","21":"loop-entry"},"aioseo_notices":[],"jetpack_publicize_connections":[],"jetpack_sharing_enabled":true,"_links":{"self":[{"href":"https:\/\/yingmeipack.com\/pt\/wp-json\/wp\/v2\/product\/1120","targetHints":{"allow":["GET"]}}],"collection":[{"href":"https:\/\/yingmeipack.com\/pt\/wp-json\/wp\/v2\/product"}],"about":[{"href":"https:\/\/yingmeipack.com\/pt\/wp-json\/wp\/v2\/types\/product"}],"version-history":[{"count":3,"href":"https:\/\/yingmeipack.com\/pt\/wp-json\/wp\/v2\/product\/1120\/revisions"}],"predecessor-version":[{"id":1749,"href":"https:\/\/yingmeipack.com\/pt\/wp-json\/wp\/v2\/product\/1120\/revisions\/1749"}],"wp:featuredmedia":[{"embeddable":true,"href":"https:\/\/yingmeipack.com\/pt\/wp-json\/wp\/v2\/media\/1121"}],"wp:attachment":[{"href":"https:\/\/yingmeipack.com\/pt\/wp-json\/wp\/v2\/media?parent=1120"}],"wp:term":[{"taxonomy":"product_brand","embeddable":true,"href":"https:\/\/yingmeipack.com\/pt\/wp-json\/wp\/v2\/product_brand?post=1120"},{"taxonomy":"product_cat","embeddable":true,"href":"https:\/\/yingmeipack.com\/pt\/wp-json\/wp\/v2\/product_cat?post=1120"},{"taxonomy":"product_tag","embeddable":true,"href":"https:\/\/yingmeipack.com\/pt\/wp-json\/wp\/v2\/product_tag?post=1120"}],"curies":[{"name":"wp","href":"https:\/\/api.w.org\/{rel}","templated":true}]}}