{"id":683,"date":"2022-11-26T14:33:50","date_gmt":"2022-11-26T14:33:50","guid":{"rendered":"https:\/\/yingmeipack.com\/?post_type=product&#038;p=683"},"modified":"2022-11-26T15:37:15","modified_gmt":"2022-11-26T15:37:15","slug":"frosted-foaming-dispenser-travel-soap-bottle-for-cleaning","status":"publish","type":"product","link":"https:\/\/yingmeipack.com\/it\/product\/frosted-foaming-dispenser-travel-soap-bottle-for-cleaning\/","title":{"rendered":"Bottiglia di sapone da viaggio con dispenser schiumogeno smerigliato per la pulizia"},"content":{"rendered":"","protected":false},"excerpt":{"rendered":"<p>Questo flacone di schiuma detergente vuoto \u00e8 inodore e realizzato in plastica PET (senza BPA). Il dispenser di schiuma \u00e8 ricaricabile e riutilizzabile ed \u00e8 resistente. Il set comprende 4 flaconi vuoti, facili da trasportare. Proprio quello che ci voleva per i vostri viaggi quando volete portare con voi i vostri liquidi schiumogeni! \u00c8 possibile utilizzare i flaconi da viaggio per risparmiare detersivo, adatti a qualsiasi luogo. Ottimo per l'igienizzante schiumoso per le mani fai da te, per il tuo detergente per ciglia perfetto, per la crema doccia, per il latte di lavaggio, per il detergente, per lo shampoo, per il gel doccia, ecc. Grazie al flacone con pompa a schiuma, \u00e8 possibile ottenere una ricca schiuma. In modo da avere un'esperienza di bagno pi\u00f9 confortevole. La filettatura a vite stretta e il design della presa del flacone impediscono qualsiasi perdita, in modo da poter mettere in sicurezza il flacone da viaggio in schiuma nella borsa senza preoccuparsi di perdite di liquido. Le bottiglie di schiuma per il lavaggio del viso vuote possono essere utilizzate per la casa, la cucina, il bagno, l'ufficio, i viaggi d'affari e le vacanze.<\/p>","protected":false},"featured_media":684,"template":"","meta":{"_kad_post_transparent":"default","_kad_post_title":"","_kad_post_layout":"default","_kad_post_sidebar_id":"","_kad_post_content_style":"default","_kad_post_vertical_padding":"default","_kad_post_feature":"","_kad_post_feature_position":"","_kad_post_header":false,"_kad_post_footer":false,"jetpack_publicize_message":"","jetpack_publicize_feature_enabled":true,"jetpack_social_post_already_shared":false,"jetpack_social_options":{"image_generator_settings":{"template":"highway","default_image_id":0,"enabled":false},"version":2}},"product_brand":[],"product_cat":[31],"product_tag":[267,264,266,265],"class_list":{"0":"post-683","1":"product","2":"type-product","3":"status-publish","4":"has-post-thumbnail","6":"product_cat-foamer-bottles","7":"product_tag-dispenser-travel-bottle","8":"product_tag-foaming-dispenser-bottle","9":"product_tag-frosted-foaming-bottle","10":"product_tag-travel-soap-bottle","12":"first","13":"instock","14":"shipping-taxable","15":"product-type-simple","16":"entry","17":"content-bg","18":"loop-entry"},"aioseo_notices":[],"jetpack_publicize_connections":[],"jetpack_sharing_enabled":true,"_links":{"self":[{"href":"https:\/\/yingmeipack.com\/it\/wp-json\/wp\/v2\/product\/683","targetHints":{"allow":["GET"]}}],"collection":[{"href":"https:\/\/yingmeipack.com\/it\/wp-json\/wp\/v2\/product"}],"about":[{"href":"https:\/\/yingmeipack.com\/it\/wp-json\/wp\/v2\/types\/product"}],"version-history":[{"count":1,"href":"https:\/\/yingmeipack.com\/it\/wp-json\/wp\/v2\/product\/683\/revisions"}],"predecessor-version":[{"id":689,"href":"https:\/\/yingmeipack.com\/it\/wp-json\/wp\/v2\/product\/683\/revisions\/689"}],"wp:featuredmedia":[{"embeddable":true,"href":"https:\/\/yingmeipack.com\/it\/wp-json\/wp\/v2\/media\/684"}],"wp:attachment":[{"href":"https:\/\/yingmeipack.com\/it\/wp-json\/wp\/v2\/media?parent=683"}],"wp:term":[{"taxonomy":"product_brand","embeddable":true,"href":"https:\/\/yingmeipack.com\/it\/wp-json\/wp\/v2\/product_brand?post=683"},{"taxonomy":"product_cat","embeddable":true,"href":"https:\/\/yingmeipack.com\/it\/wp-json\/wp\/v2\/product_cat?post=683"},{"taxonomy":"product_tag","embeddable":true,"href":"https:\/\/yingmeipack.com\/it\/wp-json\/wp\/v2\/product_tag?post=683"}],"curies":[{"name":"wp","href":"https:\/\/api.w.org\/{rel}","templated":true}]}}