{"id":612,"date":"2022-11-26T02:45:07","date_gmt":"2022-11-26T02:45:07","guid":{"rendered":"https:\/\/yingmeipack.com\/?post_type=product&#038;p=612"},"modified":"2022-11-26T02:57:19","modified_gmt":"2022-11-26T02:57:19","slug":"bpa-free-empty-refillable-plastic-cosmetic-containers-jars","status":"publish","type":"product","link":"https:\/\/yingmeipack.com\/it\/product\/bpa-free-empty-refillable-plastic-cosmetic-containers-jars\/","title":{"rendered":"Contenitori cosmetici in plastica vuoti e ricaricabili senza BPA"},"content":{"rendered":"","protected":false},"excerpt":{"rendered":"<p>Materiale di alta qualit\u00e0: Il corpo del contenitore \u00e8 in PET e il coperchio \u00e8 in PP. Senza BPA. Durevole, non facile da rompere, leggero e riutilizzabile. Oltre a garantire la sicurezza dei materiali, presenta un'elevata resistenza chimica e un'alta resistenza agli urti.<br \/>\nConservazione portatile: Barattoli di stoccaggio con lato dritto, set multipli, facili da imballare diversi oggetti. Questi piccoli contenitori si adattano perfettamente alla borsetta, allo zaino o alla borsa da fitness. Possono essere conservati o esposti su un ripiano, molto comodi da trasportare o da portare in viaggio.<br \/>\nDesign a prova di perdite: set di dieci pezzi da 2 oz. Ogni contenitore di plastica \u00e8 dotato di un coperchio nero, di una guarnizione in schiuma e di una guarnizione manuale, in modo che il contenitore di plastica abbia un buon effetto sigillante.<br \/>\nDesign liscio e rotondo: Il design ad arco circolare permette di realizzare diversi stili di lattine a proprio piacimento e di garantire allo stesso tempo la sensazione della mano. Tuttavia, si prega di notare che la carta per etichette non \u00e8 inclusa nella confezione.<br \/>\nDesign verticale a bocca larga: Il design a bocca larga \u00e8 facile da riporre e da trasportare, mentre il design a bocca bassa \u00e8 facile da pulire, ma si prega di evitare la disinfezione ad alta temperatura e di non metterlo in lavastoviglie.<\/p>","protected":false},"featured_media":613,"template":"","meta":{"_kad_post_transparent":"default","_kad_post_title":"","_kad_post_layout":"default","_kad_post_sidebar_id":"","_kad_post_content_style":"default","_kad_post_vertical_padding":"default","_kad_post_feature":"","_kad_post_feature_position":"","_kad_post_header":false,"_kad_post_footer":false,"jetpack_publicize_message":"","jetpack_publicize_feature_enabled":true,"jetpack_social_post_already_shared":false,"jetpack_social_options":{"image_generator_settings":{"template":"highway","default_image_id":0,"enabled":false},"version":2}},"product_brand":[],"product_cat":[19,24,20,25],"product_tag":[235,236,237,238],"class_list":{"0":"post-612","1":"product","2":"type-product","3":"status-publish","4":"has-post-thumbnail","6":"product_cat-bottles","7":"product_cat-jars","8":"product_cat-plastic-bottles","9":"product_cat-plastic-jars","10":"product_tag-bpa-free-plastic-jars","11":"product_tag-plastic-cosmetic-containers","12":"product_tag-plastic-cosmetic-jars","13":"product_tag-refillable-plastic-cosmetic-containers","15":"first","16":"instock","17":"shipping-taxable","18":"product-type-simple","19":"entry","20":"content-bg","21":"loop-entry"},"aioseo_notices":[],"jetpack_publicize_connections":[],"jetpack_sharing_enabled":true,"_links":{"self":[{"href":"https:\/\/yingmeipack.com\/it\/wp-json\/wp\/v2\/product\/612","targetHints":{"allow":["GET"]}}],"collection":[{"href":"https:\/\/yingmeipack.com\/it\/wp-json\/wp\/v2\/product"}],"about":[{"href":"https:\/\/yingmeipack.com\/it\/wp-json\/wp\/v2\/types\/product"}],"version-history":[{"count":1,"href":"https:\/\/yingmeipack.com\/it\/wp-json\/wp\/v2\/product\/612\/revisions"}],"predecessor-version":[{"id":619,"href":"https:\/\/yingmeipack.com\/it\/wp-json\/wp\/v2\/product\/612\/revisions\/619"}],"wp:featuredmedia":[{"embeddable":true,"href":"https:\/\/yingmeipack.com\/it\/wp-json\/wp\/v2\/media\/613"}],"wp:attachment":[{"href":"https:\/\/yingmeipack.com\/it\/wp-json\/wp\/v2\/media?parent=612"}],"wp:term":[{"taxonomy":"product_brand","embeddable":true,"href":"https:\/\/yingmeipack.com\/it\/wp-json\/wp\/v2\/product_brand?post=612"},{"taxonomy":"product_cat","embeddable":true,"href":"https:\/\/yingmeipack.com\/it\/wp-json\/wp\/v2\/product_cat?post=612"},{"taxonomy":"product_tag","embeddable":true,"href":"https:\/\/yingmeipack.com\/it\/wp-json\/wp\/v2\/product_tag?post=612"}],"curies":[{"name":"wp","href":"https:\/\/api.w.org\/{rel}","templated":true}]}}