{"id":548,"date":"2022-11-24T02:33:45","date_gmt":"2022-11-24T02:33:45","guid":{"rendered":"https:\/\/yingmeipack.com\/?post_type=product&#038;p=548"},"modified":"2025-06-13T02:35:39","modified_gmt":"2025-06-13T02:35:39","slug":"250ml-screw-top-lid-jars-round-aluminum-tin-container-cans","status":"publish","type":"product","link":"https:\/\/yingmeipack.com\/it\/product\/250ml-screw-top-lid-jars-round-aluminum-tin-container-cans\/","title":{"rendered":"250ml Vaso con coperchio a vite Barattoli tondi in alluminio contenitore di latta Lattine"},"content":{"rendered":"","protected":false},"excerpt":{"rendered":"<p>Questi contenitori di latta da 250 ml fanno parte dei barattoli di latta di dimensioni maggiori disponibili nel nostro negozio web. Con un diametro di 100 mm e un'altezza di 42 mm, questi barattoli vuoti contengono un volume elevato ma sono relativamente compatti. Tutti i nostri piccoli contenitori metallici sono stati prodotti utilizzando un unico foglio di alluminio di alta qualit\u00e0. Questo rende le nostre lattine senza saldatura 100% sicure per gli alimenti e prive di BPA. Questo modello di scatole di metallo \u00e8 comunemente utilizzato nell'industria cosmetica, alimentare e medica. Grazie al rivestimento in EPE, questi barattoli impediscono all'aria e all'umidit\u00e0 di penetrare. In questo modo i vostri prodotti saranno completamente protetti, indipendentemente dall'ambiente in cui si trovano.<br \/>\nGrazie ai loro coperchi a vite, questi contenitori di latta possono essere facilmente aperti e chiusi. Questo vi permette di aprire e chiudere i vostri materiali di imballaggio pi\u00f9 volte senza perdere qualit\u00e0. I nostri piccoli contenitori in metallo sono inoltre rifiniti con bordi arrotolati. Grazie a ci\u00f2, non ci saranno bordi taglienti, rendendoli sicuri per l'uso quotidiano. Grazie alle loro dimensioni relativamente grandi, questi barattoli di latta sono ideali per conservare cosmetici o prodotti alimentari come biscotti, caramelle, erbe o t\u00e8.<\/p>\n<div style=\"width: 1280px;\" class=\"wp-video\"><!--[if lt IE 9]><script>document.createElement('video');<\/script><![endif]--><br \/>\n<video class=\"wp-video-shortcode\" id=\"video-548-1\" width=\"1280\" height=\"720\" loop autoplay preload=\"metadata\" controls=\"controls\"><source type=\"video\/mp4\" src=\"http:\/\/yingmeipack.com\/wp-content\/uploads\/2022\/11\/Aluminum-Cosmetics-Jar.mp4?_=1\" \/><a href=\"http:\/\/yingmeipack.com\/wp-content\/uploads\/2022\/11\/Aluminum-Cosmetics-Jar.mp4\">http:\/\/yingmeipack.com\/wp-content\/uploads\/2022\/11\/Aluminum-Cosmetics-Jar.mp4<\/a><\/video><\/div>","protected":false},"featured_media":549,"template":"","meta":{"_kad_post_transparent":"default","_kad_post_title":"","_kad_post_layout":"default","_kad_post_sidebar_id":"","_kad_post_content_style":"default","_kad_post_vertical_padding":"default","_kad_post_feature":"","_kad_post_feature_position":"","_kad_post_header":false,"_kad_post_footer":false,"jetpack_publicize_message":"","jetpack_publicize_feature_enabled":true,"jetpack_social_post_already_shared":false,"jetpack_social_options":{"image_generator_settings":{"template":"highway","default_image_id":0,"enabled":false},"version":2}},"product_brand":[],"product_cat":[28,24,27],"product_tag":[206,209,208,207],"class_list":{"0":"post-548","1":"product","2":"type-product","3":"status-publish","4":"has-post-thumbnail","6":"product_cat-aluminum-jars","7":"product_cat-jars","8":"product_cat-metal-jars","9":"product_tag-250ml-screw-top-tins","10":"product_tag-round-aluminum-cans","11":"product_tag-round-aluminum-containers","12":"product_tag-round-aluminum-tins","14":"first","15":"instock","16":"shipping-taxable","17":"purchasable","18":"product-type-simple","19":"entry","20":"content-bg","21":"loop-entry"},"aioseo_notices":[],"jetpack_publicize_connections":[],"jetpack_sharing_enabled":true,"_links":{"self":[{"href":"https:\/\/yingmeipack.com\/it\/wp-json\/wp\/v2\/product\/548","targetHints":{"allow":["GET"]}}],"collection":[{"href":"https:\/\/yingmeipack.com\/it\/wp-json\/wp\/v2\/product"}],"about":[{"href":"https:\/\/yingmeipack.com\/it\/wp-json\/wp\/v2\/types\/product"}],"version-history":[{"count":1,"href":"https:\/\/yingmeipack.com\/it\/wp-json\/wp\/v2\/product\/548\/revisions"}],"predecessor-version":[{"id":553,"href":"https:\/\/yingmeipack.com\/it\/wp-json\/wp\/v2\/product\/548\/revisions\/553"}],"wp:featuredmedia":[{"embeddable":true,"href":"https:\/\/yingmeipack.com\/it\/wp-json\/wp\/v2\/media\/549"}],"wp:attachment":[{"href":"https:\/\/yingmeipack.com\/it\/wp-json\/wp\/v2\/media?parent=548"}],"wp:term":[{"taxonomy":"product_brand","embeddable":true,"href":"https:\/\/yingmeipack.com\/it\/wp-json\/wp\/v2\/product_brand?post=548"},{"taxonomy":"product_cat","embeddable":true,"href":"https:\/\/yingmeipack.com\/it\/wp-json\/wp\/v2\/product_cat?post=548"},{"taxonomy":"product_tag","embeddable":true,"href":"https:\/\/yingmeipack.com\/it\/wp-json\/wp\/v2\/product_tag?post=548"}],"curies":[{"name":"wp","href":"https:\/\/api.w.org\/{rel}","templated":true}]}}