{"id":529,"date":"2022-11-23T12:48:34","date_gmt":"2022-11-23T12:48:34","guid":{"rendered":"https:\/\/yingmeipack.com\/?post_type=product&#038;p=529"},"modified":"2022-11-23T13:04:26","modified_gmt":"2022-11-23T13:04:26","slug":"550ml-aluminum-cosmetic-jars-tins-cans-with-screw-cap-lid","status":"publish","type":"product","link":"https:\/\/yingmeipack.com\/it\/product\/550ml-aluminum-cosmetic-jars-tins-cans-with-screw-cap-lid\/","title":{"rendered":"550ml barattoli cosmetici in alluminio lattine con coperchio a vite"},"content":{"rendered":"","protected":false},"excerpt":{"rendered":"<p>Questo barattolo cosmetico in alluminio \u00e8 realizzato in alluminio di colore nero opaco, la dimensione del barattolo \u00e8 83\u00d7101 mm, la capacit\u00e0 \u00e8 di 550 ml. \u00c8 leggero per un trasporto facile e conveniente. Il coperchio con filettatura a vite \u00e8 adatto per una chiusura ermetica. Confezione in grandi quantit\u00e0 per un utilizzo multiuso. Queste scatole di latta non hanno spigoli vivi, tutti i bordi sono arrotondati e formati senza soluzione di continuit\u00e0. Queste scatole di latta possono organizzare molti piccoli oggetti e aiutano a tenere lontano il fastidio del disordine, mentre si possono facilmente trasportare e conservare. \u00c8 il contenitore ideale per la casa, l'ufficio, l'officina, la scuola e la scelta perfetta per l'artigianato, il cotone, i ganci, le perline, i bottoni, le monete, gli spilli, le viti, la gomma, la lacca e altri piccoli oggetti. Sono adatti anche per la conservazione della melma, la realizzazione di candele e il bricolage. I clienti possono personalizzare qualsiasi dettaglio in base alle loro richieste.<\/p>\n<div style=\"width: 1290px;\" class=\"wp-video\"><!--[if lt IE 9]><script>document.createElement('video');<\/script><![endif]--><br \/>\n<video class=\"wp-video-shortcode\" id=\"video-529-1\" width=\"1290\" height=\"726\" loop autoplay preload=\"auto\" controls=\"controls\"><source type=\"video\/mp4\" src=\"http:\/\/yingmeipack.com\/wp-content\/uploads\/2022\/11\/550ml-matte-black-aluminum-screw-lid-jar.mp4?_=1\" \/><a href=\"http:\/\/yingmeipack.com\/wp-content\/uploads\/2022\/11\/550ml-matte-black-aluminum-screw-lid-jar.mp4\">http:\/\/yingmeipack.com\/wp-content\/uploads\/2022\/11\/550ml-matte-black-aluminum-screw-lid-jar.mp4<\/a><\/video><\/div>","protected":false},"featured_media":530,"template":"","meta":{"_kad_post_transparent":"default","_kad_post_title":"","_kad_post_layout":"default","_kad_post_sidebar_id":"","_kad_post_content_style":"default","_kad_post_vertical_padding":"default","_kad_post_feature":"","_kad_post_feature_position":"","_kad_post_header":false,"_kad_post_footer":false,"jetpack_publicize_message":"","jetpack_publicize_feature_enabled":true,"jetpack_social_post_already_shared":false,"jetpack_social_options":{"image_generator_settings":{"template":"highway","default_image_id":0,"enabled":false},"version":2}},"product_brand":[],"product_cat":[28,24,27],"product_tag":[200,199,197,198],"class_list":{"0":"post-529","1":"product","2":"type-product","3":"status-publish","4":"has-post-thumbnail","6":"product_cat-aluminum-jars","7":"product_cat-jars","8":"product_cat-metal-jars","9":"product_tag-550ml-aluminum-jars","10":"product_tag-aluminum-cosmetic-cans","11":"product_tag-aluminum-cosmetic-jars","12":"product_tag-aluminum-cosmetic-tins","14":"first","15":"instock","16":"shipping-taxable","17":"product-type-simple","18":"entry","19":"content-bg","20":"loop-entry"},"aioseo_notices":[],"jetpack_publicize_connections":[],"jetpack_sharing_enabled":true,"_links":{"self":[{"href":"https:\/\/yingmeipack.com\/it\/wp-json\/wp\/v2\/product\/529","targetHints":{"allow":["GET"]}}],"collection":[{"href":"https:\/\/yingmeipack.com\/it\/wp-json\/wp\/v2\/product"}],"about":[{"href":"https:\/\/yingmeipack.com\/it\/wp-json\/wp\/v2\/types\/product"}],"version-history":[{"count":2,"href":"https:\/\/yingmeipack.com\/it\/wp-json\/wp\/v2\/product\/529\/revisions"}],"predecessor-version":[{"id":538,"href":"https:\/\/yingmeipack.com\/it\/wp-json\/wp\/v2\/product\/529\/revisions\/538"}],"wp:featuredmedia":[{"embeddable":true,"href":"https:\/\/yingmeipack.com\/it\/wp-json\/wp\/v2\/media\/530"}],"wp:attachment":[{"href":"https:\/\/yingmeipack.com\/it\/wp-json\/wp\/v2\/media?parent=529"}],"wp:term":[{"taxonomy":"product_brand","embeddable":true,"href":"https:\/\/yingmeipack.com\/it\/wp-json\/wp\/v2\/product_brand?post=529"},{"taxonomy":"product_cat","embeddable":true,"href":"https:\/\/yingmeipack.com\/it\/wp-json\/wp\/v2\/product_cat?post=529"},{"taxonomy":"product_tag","embeddable":true,"href":"https:\/\/yingmeipack.com\/it\/wp-json\/wp\/v2\/product_tag?post=529"}],"curies":[{"name":"wp","href":"https:\/\/api.w.org\/{rel}","templated":true}]}}