{"id":515,"date":"2022-11-23T08:13:09","date_gmt":"2022-11-23T08:13:09","guid":{"rendered":"https:\/\/yingmeipack.com\/?post_type=product&#038;p=515"},"modified":"2022-11-23T12:43:23","modified_gmt":"2022-11-23T12:43:23","slug":"custom-130ml-empty-green-plastic-cosmetic-jar-lotion-bottle","status":"publish","type":"product","link":"https:\/\/yingmeipack.com\/it\/product\/custom-130ml-empty-green-plastic-cosmetic-jar-lotion-bottle\/","title":{"rendered":"Bottiglia di plastica vuota della lozione del barattolo cosmetico di 130ml su ordinazione"},"content":{"rendered":"","protected":false},"excerpt":{"rendered":"<p>Misure: Altezza - 34 mm x Diametro - 70 mm.<br \/>\nConservazione versatile per tutti gli oggetti per i quali avete bisogno di un barattolo ermetico! Questi barattoli fanno tutto!<br \/>\nAEROGRAFO, A PROVA DI FUGA, A PROVA DI ODORE La precisione di questi vasetti \u00e8 ideale per l'uso cosmetico e personale.<br \/>\nI vasetti ricaricabili sono facili da pulire, riutilizzare e riciclare.<br \/>\nIl verde scuro previene i danni ai prodotti fotosensibili causati dalla luce solare.<\/p>\n<p>Se state cercando una soluzione ai vostri problemi di conservazione, questo \u00e8 il contenitore giusto per voi. Questo barattolo di plastica di alta qualit\u00e0 \u00e8 lavabile in lavastoviglie e adatto al microonde. Il corpo del contenitore, facile da aprire e da usare, consente di identificare facilmente il contenuto all'interno, rendendolo un comodo contenitore per la cucina. Il contenitore mantiene intatta la freschezza degli alimenti e li preserva dagli odori. Grazie al suo coperchio leggero ed ermetico, \u00e8 un contenitore adatto ai viaggi. La scatola \u00e8 prodotta da noi e vi assicura la qualit\u00e0 del prodotto. Acquistate con fiducia da noi, che vendiamo un prodotto per la casa ogni 45 secondi e siamo quindi la destinazione leader in India per l'arredamento e la decorazione della casa.<\/p>","protected":false},"featured_media":516,"template":"","meta":{"_kad_post_transparent":"default","_kad_post_title":"","_kad_post_layout":"default","_kad_post_sidebar_id":"","_kad_post_content_style":"default","_kad_post_vertical_padding":"default","_kad_post_feature":"","_kad_post_feature_position":"","_kad_post_header":false,"_kad_post_footer":false,"jetpack_publicize_message":"","jetpack_publicize_feature_enabled":true,"jetpack_social_post_already_shared":false,"jetpack_social_options":{"image_generator_settings":{"template":"highway","default_image_id":0,"enabled":false},"version":2}},"product_brand":[],"product_cat":[19,24,20,25],"product_tag":[193,190,191,192],"class_list":{"0":"post-515","1":"product","2":"type-product","3":"status-publish","4":"has-post-thumbnail","6":"product_cat-bottles","7":"product_cat-jars","8":"product_cat-plastic-bottles","9":"product_cat-plastic-jars","10":"product_tag-130ml-plastic-jar","11":"product_tag-empty-green-plastic-cosmetic-jar","12":"product_tag-empty-plastic-cosmetic-jar","13":"product_tag-green-plastic-cosmetic-jar","15":"first","16":"instock","17":"shipping-taxable","18":"product-type-simple","19":"entry","20":"content-bg","21":"loop-entry"},"aioseo_notices":[],"jetpack_publicize_connections":[],"jetpack_sharing_enabled":true,"_links":{"self":[{"href":"https:\/\/yingmeipack.com\/it\/wp-json\/wp\/v2\/product\/515","targetHints":{"allow":["GET"]}}],"collection":[{"href":"https:\/\/yingmeipack.com\/it\/wp-json\/wp\/v2\/product"}],"about":[{"href":"https:\/\/yingmeipack.com\/it\/wp-json\/wp\/v2\/types\/product"}],"version-history":[{"count":1,"href":"https:\/\/yingmeipack.com\/it\/wp-json\/wp\/v2\/product\/515\/revisions"}],"predecessor-version":[{"id":522,"href":"https:\/\/yingmeipack.com\/it\/wp-json\/wp\/v2\/product\/515\/revisions\/522"}],"wp:featuredmedia":[{"embeddable":true,"href":"https:\/\/yingmeipack.com\/it\/wp-json\/wp\/v2\/media\/516"}],"wp:attachment":[{"href":"https:\/\/yingmeipack.com\/it\/wp-json\/wp\/v2\/media?parent=515"}],"wp:term":[{"taxonomy":"product_brand","embeddable":true,"href":"https:\/\/yingmeipack.com\/it\/wp-json\/wp\/v2\/product_brand?post=515"},{"taxonomy":"product_cat","embeddable":true,"href":"https:\/\/yingmeipack.com\/it\/wp-json\/wp\/v2\/product_cat?post=515"},{"taxonomy":"product_tag","embeddable":true,"href":"https:\/\/yingmeipack.com\/it\/wp-json\/wp\/v2\/product_tag?post=515"}],"curies":[{"name":"wp","href":"https:\/\/api.w.org\/{rel}","templated":true}]}}