{"id":498,"date":"2022-11-23T02:07:30","date_gmt":"2022-11-23T02:07:30","guid":{"rendered":"https:\/\/yingmeipack.com\/?post_type=product&#038;p=498"},"modified":"2025-06-05T09:28:06","modified_gmt":"2025-06-05T09:28:06","slug":"4-oz-aluminum-cans-120ml-screw-lid-storage-tins-containers","status":"publish","type":"product","link":"https:\/\/yingmeipack.com\/it\/product\/4-oz-aluminum-cans-120ml-screw-lid-storage-tins-containers\/","title":{"rendered":"4 Oz lattine di alluminio 120ml coperchio a vite stoccaggio lattine contenitori"},"content":{"rendered":"","protected":false},"excerpt":{"rendered":"<p>Questo barattolo in alluminio con coperchio a vite \u00e8 realizzato con materiali di qualit\u00e0 alimentare e la dimensione \u00e8 di 83*30 mm. La confezione include 24 pezzi di eleganti barattoli di latta rotondi con coperchio a vite di colore dorato. La confezione sfusa soddisfa gli usi pi\u00f9 disparati. Struttura del coperchio a vite strettamente sigillata con un cuscinetto di schiuma sotto il coperchio interno che pu\u00f2 prevenire efficacemente le perdite. Realizzate in alluminio, leggere ma resistenti, facili da trasportare. Queste scatole di latta non hanno spigoli vivi, tutti i bordi sono arrotondati e formati senza soluzione di continuit\u00e0. Il materiale pu\u00f2 essere riciclato o riutilizzato. Ottimi contenitori per balsami per labbra, lucidalabbra, creme, cosmetici, pomate, pillole, perline, viti, caramelle, bottoni, monete, erbe, t\u00e8, candele e molto altro. Sono adatti anche per conservare la melma, per fare candele e per il bricolage.<\/p>\n<div style=\"width: 1280px;\" class=\"wp-video\"><!--[if lt IE 9]><script>document.createElement('video');<\/script><![endif]--><br \/>\n<video class=\"wp-video-shortcode\" id=\"video-498-1\" width=\"1280\" height=\"720\" loop autoplay preload=\"metadata\" controls=\"controls\"><source type=\"video\/mp4\" src=\"http:\/\/yingmeipack.com\/wp-content\/uploads\/2022\/11\/Aluminum-Cosmetics-Jar.mp4?_=1\" \/><a href=\"http:\/\/yingmeipack.com\/wp-content\/uploads\/2022\/11\/Aluminum-Cosmetics-Jar.mp4\">http:\/\/yingmeipack.com\/wp-content\/uploads\/2022\/11\/Aluminum-Cosmetics-Jar.mp4<\/a><\/video><\/div>","protected":false},"featured_media":499,"template":"","meta":{"_kad_post_transparent":"default","_kad_post_title":"","_kad_post_layout":"default","_kad_post_sidebar_id":"","_kad_post_content_style":"default","_kad_post_vertical_padding":"default","_kad_post_feature":"","_kad_post_feature_position":"","_kad_post_header":false,"_kad_post_footer":false,"jetpack_publicize_message":"","jetpack_publicize_feature_enabled":true,"jetpack_social_post_already_shared":false,"jetpack_social_options":{"image_generator_settings":{"template":"highway","default_image_id":0,"enabled":false},"version":2}},"product_brand":[],"product_cat":[28,24,27],"product_tag":[188,187,186],"class_list":{"0":"post-498","1":"product","2":"type-product","3":"status-publish","4":"has-post-thumbnail","6":"product_cat-aluminum-jars","7":"product_cat-jars","8":"product_cat-metal-jars","9":"product_tag-120ml-screw-lid-containers","10":"product_tag-120ml-screw-lid-tins","11":"product_tag-4-oz-aluminum-cans","13":"first","14":"instock","15":"shipping-taxable","16":"purchasable","17":"product-type-simple","18":"entry","19":"content-bg","20":"loop-entry"},"aioseo_notices":[],"jetpack_publicize_connections":[],"jetpack_sharing_enabled":true,"_links":{"self":[{"href":"https:\/\/yingmeipack.com\/it\/wp-json\/wp\/v2\/product\/498","targetHints":{"allow":["GET"]}}],"collection":[{"href":"https:\/\/yingmeipack.com\/it\/wp-json\/wp\/v2\/product"}],"about":[{"href":"https:\/\/yingmeipack.com\/it\/wp-json\/wp\/v2\/types\/product"}],"version-history":[{"count":2,"href":"https:\/\/yingmeipack.com\/it\/wp-json\/wp\/v2\/product\/498\/revisions"}],"predecessor-version":[{"id":505,"href":"https:\/\/yingmeipack.com\/it\/wp-json\/wp\/v2\/product\/498\/revisions\/505"}],"wp:featuredmedia":[{"embeddable":true,"href":"https:\/\/yingmeipack.com\/it\/wp-json\/wp\/v2\/media\/499"}],"wp:attachment":[{"href":"https:\/\/yingmeipack.com\/it\/wp-json\/wp\/v2\/media?parent=498"}],"wp:term":[{"taxonomy":"product_brand","embeddable":true,"href":"https:\/\/yingmeipack.com\/it\/wp-json\/wp\/v2\/product_brand?post=498"},{"taxonomy":"product_cat","embeddable":true,"href":"https:\/\/yingmeipack.com\/it\/wp-json\/wp\/v2\/product_cat?post=498"},{"taxonomy":"product_tag","embeddable":true,"href":"https:\/\/yingmeipack.com\/it\/wp-json\/wp\/v2\/product_tag?post=498"}],"curies":[{"name":"wp","href":"https:\/\/api.w.org\/{rel}","templated":true}]}}