{"id":490,"date":"2022-11-22T15:18:19","date_gmt":"2022-11-22T15:18:19","guid":{"rendered":"https:\/\/yingmeipack.com\/?post_type=product&#038;p=490"},"modified":"2022-11-22T15:33:48","modified_gmt":"2022-11-22T15:33:48","slug":"clear-plastic-facial-toner-bottles-skincare-cream-container","status":"publish","type":"product","link":"https:\/\/yingmeipack.com\/it\/product\/clear-plastic-facial-toner-bottles-skincare-cream-container\/","title":{"rendered":"Chiaro plastica toner facciale bottiglie crema Skincare contenitore"},"content":{"rendered":"","protected":false},"excerpt":{"rendered":"<p>I flaconi di toner per il viso in plastica trasparente sono disponibili nella capacit\u00e0 di 16 oz per l'uso quotidiano e sono dotati di barriere contro l'ossigeno e l'umidit\u00e0, nonch\u00e9 di un'area di etichettatura rientrante per mettere in evidenza il logo e le informazioni sul prodotto. A questi flaconi di plastica trasparente sono abbinati tappi bianchi a coste in PE, che presentano un'eccellente resistenza chimica ad acidi, alcali, solventi, alcol, olio, cosmetici per la casa e prodotti acquosi. Considerate questi moderni flaconi rotondi in plastica per il confezionamento di un'ampia gamma di prodotti per la cura della persona.<\/p>\n<div style=\"width: 1290px;\" class=\"wp-video\"><!--[if lt IE 9]><script>document.createElement('video');<\/script><![endif]--><br \/>\n<video class=\"wp-video-shortcode\" id=\"video-490-1\" width=\"1290\" height=\"726\" loop autoplay preload=\"auto\" controls=\"controls\"><source type=\"video\/mp4\" src=\"http:\/\/yingmeipack.com\/wp-content\/uploads\/2022\/11\/Clear-Plastic-Bottles1..mp4?_=1\" \/><a href=\"http:\/\/yingmeipack.com\/wp-content\/uploads\/2022\/11\/Clear-Plastic-Bottles1..mp4\">http:\/\/yingmeipack.com\/wp-content\/uploads\/2022\/11\/Clear-Plastic-Bottles1..mp4<\/a><\/video><\/div>","protected":false},"featured_media":491,"template":"","meta":{"_kad_post_transparent":"default","_kad_post_title":"","_kad_post_layout":"default","_kad_post_sidebar_id":"","_kad_post_content_style":"default","_kad_post_vertical_padding":"default","_kad_post_feature":"","_kad_post_feature_position":"","_kad_post_header":false,"_kad_post_footer":false,"jetpack_publicize_message":"","jetpack_publicize_feature_enabled":true,"jetpack_social_post_already_shared":false,"jetpack_social_options":{"image_generator_settings":{"template":"highway","default_image_id":0,"enabled":false},"version":2}},"product_brand":[],"product_cat":[19,20],"product_tag":[185,182,183,184],"class_list":{"0":"post-490","1":"product","2":"type-product","3":"status-publish","4":"has-post-thumbnail","6":"product_cat-bottles","7":"product_cat-plastic-bottles","8":"product_tag-clear-cream-container","9":"product_tag-clear-plastic-bottles","10":"product_tag-clear-plastic-facial-bottles","11":"product_tag-plastic-cream-container","13":"first","14":"instock","15":"shipping-taxable","16":"product-type-simple","17":"entry","18":"content-bg","19":"loop-entry"},"aioseo_notices":[],"jetpack_publicize_connections":[],"jetpack_sharing_enabled":true,"_links":{"self":[{"href":"https:\/\/yingmeipack.com\/it\/wp-json\/wp\/v2\/product\/490","targetHints":{"allow":["GET"]}}],"collection":[{"href":"https:\/\/yingmeipack.com\/it\/wp-json\/wp\/v2\/product"}],"about":[{"href":"https:\/\/yingmeipack.com\/it\/wp-json\/wp\/v2\/types\/product"}],"version-history":[{"count":1,"href":"https:\/\/yingmeipack.com\/it\/wp-json\/wp\/v2\/product\/490\/revisions"}],"predecessor-version":[{"id":497,"href":"https:\/\/yingmeipack.com\/it\/wp-json\/wp\/v2\/product\/490\/revisions\/497"}],"wp:featuredmedia":[{"embeddable":true,"href":"https:\/\/yingmeipack.com\/it\/wp-json\/wp\/v2\/media\/491"}],"wp:attachment":[{"href":"https:\/\/yingmeipack.com\/it\/wp-json\/wp\/v2\/media?parent=490"}],"wp:term":[{"taxonomy":"product_brand","embeddable":true,"href":"https:\/\/yingmeipack.com\/it\/wp-json\/wp\/v2\/product_brand?post=490"},{"taxonomy":"product_cat","embeddable":true,"href":"https:\/\/yingmeipack.com\/it\/wp-json\/wp\/v2\/product_cat?post=490"},{"taxonomy":"product_tag","embeddable":true,"href":"https:\/\/yingmeipack.com\/it\/wp-json\/wp\/v2\/product_tag?post=490"}],"curies":[{"name":"wp","href":"https:\/\/api.w.org\/{rel}","templated":true}]}}