{"id":4493,"date":"2025-11-17T02:15:30","date_gmt":"2025-11-17T02:15:30","guid":{"rendered":"https:\/\/yingmeipack.com\/?post_type=product&#038;p=4493"},"modified":"2025-11-17T03:02:22","modified_gmt":"2025-11-17T03:02:22","slug":"vintage-brown-50ml-5822mm-aluminum-jar-cosmetic-container","status":"publish","type":"product","link":"https:\/\/yingmeipack.com\/it\/product\/vintage-brown-50ml-5822mm-aluminum-jar-cosmetic-container\/","title":{"rendered":"Vintage Brown 50ml 58*22mm Aluminum Jar Cosmetic Container"},"content":{"rendered":"","protected":false},"excerpt":{"rendered":"<p>Capacity: 50ml, 58mm&#8221; diameter x 22mm&#8221; height.<br \/>\nMisurino per prodotti secchi: i bordi lisci non feriscono le mani e si mantengono. Si pu\u00f2 usare senza preoccupazioni.<br \/>\nMisurino in metallo per il ghiaccio - Realizzato in materiale plastico trasparente, resistente e sicuro da usare. Condividetelo con la famiglia e gli amici perch\u00e9 pratico.<br \/>\nPaletta per caramelle - I bordi lisci non feriscono le mani. Ideale per eventi speciali o per l'uso quotidiano.<br \/>\nPalette da bagno: tenendola in mano, si pu\u00f2 vivere un'esperienza confortevole. Inoltre, vi offrir\u00e0 una grande comodit\u00e0.<br \/>\n100% Garanzia soddisfatta: Per assicurarsi che la vostra esperienza di acquisto 100% soddisfatto, non esitate a contattarci se avete domande o dubbi.<\/p>","protected":false},"featured_media":4495,"template":"","meta":{"_kad_post_transparent":"default","_kad_post_title":"","_kad_post_layout":"default","_kad_post_sidebar_id":"","_kad_post_content_style":"default","_kad_post_vertical_padding":"default","_kad_post_feature":"","_kad_post_feature_position":"","_kad_post_header":false,"_kad_post_footer":false,"jetpack_publicize_message":"","jetpack_publicize_feature_enabled":true,"jetpack_social_post_already_shared":true,"jetpack_social_options":{"image_generator_settings":{"template":"highway","default_image_id":0,"enabled":false},"version":2}},"product_brand":[],"product_cat":[28,24,27],"product_tag":[282,864,818],"class_list":{"0":"post-4493","1":"product","2":"type-product","3":"status-publish","4":"has-post-thumbnail","6":"product_cat-aluminum-jars","7":"product_cat-jars","8":"product_cat-metal-jars","9":"product_tag-aluminum-jar","10":"product_tag-brown-50ml-aluminum-jar","11":"product_tag-cosmetic-container","13":"first","14":"instock","15":"shipping-taxable","16":"purchasable","17":"product-type-simple","18":"entry","19":"content-bg","20":"loop-entry"},"aioseo_notices":[],"jetpack_publicize_connections":[],"jetpack_sharing_enabled":true,"_links":{"self":[{"href":"https:\/\/yingmeipack.com\/it\/wp-json\/wp\/v2\/product\/4493","targetHints":{"allow":["GET"]}}],"collection":[{"href":"https:\/\/yingmeipack.com\/it\/wp-json\/wp\/v2\/product"}],"about":[{"href":"https:\/\/yingmeipack.com\/it\/wp-json\/wp\/v2\/types\/product"}],"version-history":[{"count":2,"href":"https:\/\/yingmeipack.com\/it\/wp-json\/wp\/v2\/product\/4493\/revisions"}],"predecessor-version":[{"id":4503,"href":"https:\/\/yingmeipack.com\/it\/wp-json\/wp\/v2\/product\/4493\/revisions\/4503"}],"wp:featuredmedia":[{"embeddable":true,"href":"https:\/\/yingmeipack.com\/it\/wp-json\/wp\/v2\/media\/4495"}],"wp:attachment":[{"href":"https:\/\/yingmeipack.com\/it\/wp-json\/wp\/v2\/media?parent=4493"}],"wp:term":[{"taxonomy":"product_brand","embeddable":true,"href":"https:\/\/yingmeipack.com\/it\/wp-json\/wp\/v2\/product_brand?post=4493"},{"taxonomy":"product_cat","embeddable":true,"href":"https:\/\/yingmeipack.com\/it\/wp-json\/wp\/v2\/product_cat?post=4493"},{"taxonomy":"product_tag","embeddable":true,"href":"https:\/\/yingmeipack.com\/it\/wp-json\/wp\/v2\/product_tag?post=4493"}],"curies":[{"name":"wp","href":"https:\/\/api.w.org\/{rel}","templated":true}]}}