{"id":416,"date":"2022-11-21T03:14:07","date_gmt":"2022-11-21T03:14:07","guid":{"rendered":"https:\/\/yingmeipack.com\/?post_type=product&#038;p=416"},"modified":"2022-11-21T03:21:16","modified_gmt":"2022-11-21T03:21:16","slug":"pp-plastic-fine-mist-fingertip-sprayers-with-clear-overcap","status":"publish","type":"product","link":"https:\/\/yingmeipack.com\/it\/product\/pp-plastic-fine-mist-fingertip-sprayers-with-clear-overcap\/","title":{"rendered":"Spruzzatori a punta di dita in plastica PP a nebulizzazione fine con tappo trasparente"},"content":{"rendered":"","protected":false},"excerpt":{"rendered":"<p>Si tratta di uno spruzzatore per nebulizzazione fine in plastica PP 20-410 a gonna liscia con tappo trasparente e tubo di immersione da 5,25 pollici (uscita 0,12 mL). Lo spruzzatore per nebulizzazione fine \u00e8 composto da diverse parti: il tubo di immersione, il tappo, la pompa a molla e il tappo trasparente. Lo spruzzatore \u00e8 montato su un contenitore adatto, con il tubo di immersione alla base del flacone. Quando si preme la pompa, il prodotto viene erogato in una nebbia fine. Questo spruzzatore \u00e8 dotato di un tappo in plastica trasparente per evitare lo scarico accidentale del prodotto. Il polipropilene (PP) \u00e8 contrassegnato con il codice di identificazione della resina 5. Il PP \u00e8 meno flessibile del LDPE, un po' pi\u00f9 rigido di altre plastiche, ragionevolmente economico e pu\u00f2 essere traslucido, opaco o di qualsiasi colore. Il PP ha un'ottima resistenza alla fatica e un punto di fusione estremamente elevato (320 gradi Fahrenheit o 160 gradi Celsius). Questa chiusura si adatta a un contenitore con finitura del collo 20-410.<\/p>","protected":false},"featured_media":417,"template":"","meta":{"_kad_post_transparent":"default","_kad_post_title":"","_kad_post_layout":"default","_kad_post_sidebar_id":"","_kad_post_content_style":"default","_kad_post_vertical_padding":"default","_kad_post_feature":"","_kad_post_feature_position":"","_kad_post_header":false,"_kad_post_footer":false,"jetpack_publicize_message":"","jetpack_publicize_feature_enabled":true,"jetpack_social_post_already_shared":false,"jetpack_social_options":{"image_generator_settings":{"template":"highway","default_image_id":0,"enabled":false},"version":2}},"product_brand":[],"product_cat":[33],"product_tag":[151,152],"class_list":{"0":"post-416","1":"product","2":"type-product","3":"status-publish","4":"has-post-thumbnail","6":"product_cat-sprayers","7":"product_tag-fine-mist-sprayers","8":"product_tag-fingertip-sprayer","10":"first","11":"instock","12":"shipping-taxable","13":"product-type-simple","14":"entry","15":"content-bg","16":"loop-entry"},"aioseo_notices":[],"jetpack_publicize_connections":[],"jetpack_sharing_enabled":true,"_links":{"self":[{"href":"https:\/\/yingmeipack.com\/it\/wp-json\/wp\/v2\/product\/416","targetHints":{"allow":["GET"]}}],"collection":[{"href":"https:\/\/yingmeipack.com\/it\/wp-json\/wp\/v2\/product"}],"about":[{"href":"https:\/\/yingmeipack.com\/it\/wp-json\/wp\/v2\/types\/product"}],"version-history":[{"count":1,"href":"https:\/\/yingmeipack.com\/it\/wp-json\/wp\/v2\/product\/416\/revisions"}],"predecessor-version":[{"id":422,"href":"https:\/\/yingmeipack.com\/it\/wp-json\/wp\/v2\/product\/416\/revisions\/422"}],"wp:featuredmedia":[{"embeddable":true,"href":"https:\/\/yingmeipack.com\/it\/wp-json\/wp\/v2\/media\/417"}],"wp:attachment":[{"href":"https:\/\/yingmeipack.com\/it\/wp-json\/wp\/v2\/media?parent=416"}],"wp:term":[{"taxonomy":"product_brand","embeddable":true,"href":"https:\/\/yingmeipack.com\/it\/wp-json\/wp\/v2\/product_brand?post=416"},{"taxonomy":"product_cat","embeddable":true,"href":"https:\/\/yingmeipack.com\/it\/wp-json\/wp\/v2\/product_cat?post=416"},{"taxonomy":"product_tag","embeddable":true,"href":"https:\/\/yingmeipack.com\/it\/wp-json\/wp\/v2\/product_tag?post=416"}],"curies":[{"name":"wp","href":"https:\/\/api.w.org\/{rel}","templated":true}]}}