{"id":4100,"date":"2025-09-11T03:50:42","date_gmt":"2025-09-11T03:50:42","guid":{"rendered":"https:\/\/yingmeipack.com\/?post_type=product&#038;p=4100"},"modified":"2025-09-11T04:05:18","modified_gmt":"2025-09-11T04:05:18","slug":"600ml-refillable-clear-pet-plastic-can-with-aluminum-cap","status":"publish","type":"product","link":"https:\/\/yingmeipack.com\/it\/product\/600ml-refillable-clear-pet-plastic-can-with-aluminum-cap\/","title":{"rendered":"600ml refillable clear PET plastic can with aluminum cap"},"content":{"rendered":"","protected":false},"excerpt":{"rendered":"<p>Size: dia83mm*h128mm\u00a0 500ml<\/p>\n<p>Materiale di alta qualit\u00e0\u3011 Questi barattoli di plastica con coperchi sono realizzati in plastica PET alimentare di alta qualit\u00e0, robusta, durevole, riutilizzabile, trasparente e leggera. Puoi tranquillamente usare questi barattoli vuoti per riempire il tuo cibo senza preoccuparti degli effetti dei barattoli, questi barattoli alimentari soddisferanno le tue esigenze per la conservazione degli alimenti, basta mettere il tuo cibo preferito in esso.<br \/>\nI barattoli di plastica con coperchio adottano un design a prova di perdite, sono dotati di filettatura a vite e guarnizione di tenuta sulla parte superiore del contenitore di melma, che possiede una buona ermeticit\u00e0 e pu\u00f2 prevenire efficacemente le perdite e impedire che l'umidit\u00e0 nei barattoli trasparenti entri in contatto con l'aria, dando luogo a oggetti asciutti e bagnati.<br \/>\nQuesti barattoli per alimenti sono molto adatti per la marmellata, gli alimenti secchi, le noci, le spezie, la farina, lo zucchero e la variet\u00e0 di conservazione degli alimenti, ma anche il contenitore cosmetico ideale per gli scrub, il burro per il corpo, la lozione, il sale da bagno, perfetto per voi per fare il vostro corpo fai-da-te o la produzione di cura dei capelli.Naturalmente \u00e8 possibile utilizzare questi contenitori di melma per memorizzare la vostra melma o altre piccole parti come la vite o l'unghia, come un regalo ad un amico \u00e8 anche una buona scelta.<br \/>\nSe avete problemi di utilizzo dei nostri barattoli con coperchi che non possono essere risolti, non esitate a contattarci per un aiuto.La soddisfazione del cliente con i nostri barattoli di plastica con coperchi \u00e8 la prima cosa per noi. Vi risponderemo immediatamente per risolvere il vostro problema e darvi una risposta soddisfacente, assicuratevi di fornirvi un ottimo servizio con i nostri barattoli di plastica.<\/p>","protected":false},"featured_media":4102,"template":"","meta":{"_kad_post_transparent":"default","_kad_post_title":"","_kad_post_layout":"default","_kad_post_sidebar_id":"","_kad_post_content_style":"default","_kad_post_vertical_padding":"default","_kad_post_feature":"","_kad_post_feature_position":"","_kad_post_header":false,"_kad_post_footer":false,"jetpack_publicize_message":"","jetpack_publicize_feature_enabled":true,"jetpack_social_post_already_shared":true,"jetpack_social_options":{"image_generator_settings":{"template":"highway","default_image_id":0,"enabled":false},"version":2}},"product_brand":[],"product_cat":[19,24,20,25],"product_tag":[215,214,217,216],"class_list":{"0":"post-4100","1":"product","2":"type-product","3":"status-publish","4":"has-post-thumbnail","6":"product_cat-bottles","7":"product_cat-jars","8":"product_cat-plastic-bottles","9":"product_cat-plastic-jars","10":"product_tag-bpa-free-pet-plastic-jars","11":"product_tag-clear-pet-plastic-jars","12":"product_tag-plastic-jar-with-gold-lid","13":"product_tag-refillable-plastic-jar","15":"first","16":"instock","17":"shipping-taxable","18":"product-type-simple","19":"entry","20":"content-bg","21":"loop-entry"},"aioseo_notices":[],"jetpack_publicize_connections":[],"jetpack_sharing_enabled":true,"_links":{"self":[{"href":"https:\/\/yingmeipack.com\/it\/wp-json\/wp\/v2\/product\/4100","targetHints":{"allow":["GET"]}}],"collection":[{"href":"https:\/\/yingmeipack.com\/it\/wp-json\/wp\/v2\/product"}],"about":[{"href":"https:\/\/yingmeipack.com\/it\/wp-json\/wp\/v2\/types\/product"}],"version-history":[{"count":1,"href":"https:\/\/yingmeipack.com\/it\/wp-json\/wp\/v2\/product\/4100\/revisions"}],"predecessor-version":[{"id":4108,"href":"https:\/\/yingmeipack.com\/it\/wp-json\/wp\/v2\/product\/4100\/revisions\/4108"}],"wp:featuredmedia":[{"embeddable":true,"href":"https:\/\/yingmeipack.com\/it\/wp-json\/wp\/v2\/media\/4102"}],"wp:attachment":[{"href":"https:\/\/yingmeipack.com\/it\/wp-json\/wp\/v2\/media?parent=4100"}],"wp:term":[{"taxonomy":"product_brand","embeddable":true,"href":"https:\/\/yingmeipack.com\/it\/wp-json\/wp\/v2\/product_brand?post=4100"},{"taxonomy":"product_cat","embeddable":true,"href":"https:\/\/yingmeipack.com\/it\/wp-json\/wp\/v2\/product_cat?post=4100"},{"taxonomy":"product_tag","embeddable":true,"href":"https:\/\/yingmeipack.com\/it\/wp-json\/wp\/v2\/product_tag?post=4100"}],"curies":[{"name":"wp","href":"https:\/\/api.w.org\/{rel}","templated":true}]}}