{"id":3062,"date":"2025-07-22T07:28:04","date_gmt":"2025-07-22T07:28:04","guid":{"rendered":"https:\/\/yingmeipack.com\/?post_type=product&#038;p=3062"},"modified":"2025-11-18T07:11:01","modified_gmt":"2025-11-18T07:11:01","slug":"custom-printed-250ml-aluminum-cans-silver-star-design","status":"publish","type":"product","link":"https:\/\/yingmeipack.com\/it\/product\/custom-printed-250ml-aluminum-cans-silver-star-design\/","title":{"rendered":"Custom Printed 250ml Aluminum Cans Silver Star Design"},"content":{"rendered":"","protected":false},"excerpt":{"rendered":"<p>These 250ml tin containers belong to the larger sized tin cans available in our webshop. With a diameter of 100mm and height of 41mm, these empty cans hold a large volume yet are relatively compact in size. All our small metal containers have been manufactured using a single sheet of high-end aluminum. This makes our seamless tins 100% food-safe as well as BPA-free. This model of metal tins is commonly used in the cosmetic, food, and medical industries. With their EPE liners, these cans prevent air and moisture from getting in. This will fully protect your good no matter the environment.<br \/>\nGrazie ai loro coperchi a vite, questi contenitori di latta possono essere facilmente aperti e chiusi. Questo vi permette di aprire e chiudere i vostri materiali di imballaggio pi\u00f9 volte senza perdere qualit\u00e0. I nostri piccoli contenitori in metallo sono inoltre rifiniti con bordi arrotolati. Grazie a ci\u00f2, non ci saranno bordi taglienti, rendendoli sicuri per l'uso quotidiano. Grazie alle loro dimensioni relativamente grandi, questi barattoli di latta sono ideali per conservare cosmetici o prodotti alimentari come biscotti, caramelle, erbe o t\u00e8.<\/p>","protected":false},"featured_media":4621,"template":"","meta":{"_kad_post_transparent":"default","_kad_post_title":"","_kad_post_layout":"default","_kad_post_sidebar_id":"","_kad_post_content_style":"default","_kad_post_vertical_padding":"default","_kad_post_feature":"","_kad_post_feature_position":"","_kad_post_header":false,"_kad_post_footer":false,"jetpack_publicize_message":"","jetpack_publicize_feature_enabled":true,"jetpack_social_post_already_shared":true,"jetpack_social_options":{"image_generator_settings":{"template":"highway","default_image_id":0,"enabled":false},"version":2}},"product_brand":[],"product_cat":[28,24,27],"product_tag":[495,494,497,496],"class_list":{"0":"post-3062","1":"product","2":"type-product","3":"status-publish","4":"has-post-thumbnail","6":"product_cat-aluminum-jars","7":"product_cat-jars","8":"product_cat-metal-jars","9":"product_tag-250ml-printed-beverage-containers","10":"product_tag-custom-aluminum-cans-wholesale","11":"product_tag-screen-printed-empty-cans-supplier","12":"product_tag-star-pattern-metal-cans-bulk","14":"first","15":"instock","16":"shipping-taxable","17":"purchasable","18":"product-type-simple","19":"entry","20":"content-bg","21":"loop-entry"},"aioseo_notices":[],"jetpack_publicize_connections":[],"jetpack_sharing_enabled":true,"_links":{"self":[{"href":"https:\/\/yingmeipack.com\/it\/wp-json\/wp\/v2\/product\/3062","targetHints":{"allow":["GET"]}}],"collection":[{"href":"https:\/\/yingmeipack.com\/it\/wp-json\/wp\/v2\/product"}],"about":[{"href":"https:\/\/yingmeipack.com\/it\/wp-json\/wp\/v2\/types\/product"}],"version-history":[{"count":1,"href":"https:\/\/yingmeipack.com\/it\/wp-json\/wp\/v2\/product\/3062\/revisions"}],"predecessor-version":[{"id":3068,"href":"https:\/\/yingmeipack.com\/it\/wp-json\/wp\/v2\/product\/3062\/revisions\/3068"}],"wp:featuredmedia":[{"embeddable":true,"href":"https:\/\/yingmeipack.com\/it\/wp-json\/wp\/v2\/media\/4621"}],"wp:attachment":[{"href":"https:\/\/yingmeipack.com\/it\/wp-json\/wp\/v2\/media?parent=3062"}],"wp:term":[{"taxonomy":"product_brand","embeddable":true,"href":"https:\/\/yingmeipack.com\/it\/wp-json\/wp\/v2\/product_brand?post=3062"},{"taxonomy":"product_cat","embeddable":true,"href":"https:\/\/yingmeipack.com\/it\/wp-json\/wp\/v2\/product_cat?post=3062"},{"taxonomy":"product_tag","embeddable":true,"href":"https:\/\/yingmeipack.com\/it\/wp-json\/wp\/v2\/product_tag?post=3062"}],"curies":[{"name":"wp","href":"https:\/\/api.w.org\/{rel}","templated":true}]}}