{"id":282,"date":"2022-11-17T01:54:46","date_gmt":"2022-11-17T01:54:46","guid":{"rendered":"https:\/\/yingmeipack.com\/?post_type=product&#038;p=282"},"modified":"2022-11-17T02:04:47","modified_gmt":"2022-11-17T02:04:47","slug":"custom-square-aluminium-metal-packaging-tins-containers-jars","status":"publish","type":"product","link":"https:\/\/yingmeipack.com\/it\/product\/custom-square-aluminium-metal-packaging-tins-containers-jars\/","title":{"rendered":"Lattine di alluminio quadrate personalizzate per l'imballaggio di metallo Contenitori di barattoli"},"content":{"rendered":"","protected":false},"excerpt":{"rendered":"<p>La dimensione del contenitore quadrato in alluminio \u00e8 di 45*61*24 mm, molto comodo da trasportare ed \u00e8 la scelta migliore per i viaggi. \u00c8 realizzata in materiale di alluminio, pi\u00f9 resistente della plastica e non facile da arrugginire! I nostri piccoli barattoli per l'organizzazione della casa sono progettati con un coperchio, che pu\u00f2 essere ben sigillato e non perde, a prova d'acqua, adatto per uscire! Il contenitore in metallo con coperchio \u00e8 progettato in modo semplice, adatto a qualsiasi stile di decorazione della casa, per fornirvi un servizio a lungo termine! Non \u00e8 adatto per il sapone, ma anche per riporre varie piccole cose, come balsamo per le labbra, mini candele, caramelle, cosmetici, gioielli, ecc!<\/p>\n<div style=\"width: 1280px;\" class=\"wp-video\"><!--[if lt IE 9]><script>document.createElement('video');<\/script><![endif]--><br \/>\n<video class=\"wp-video-shortcode\" id=\"video-282-1\" width=\"1280\" height=\"720\" loop autoplay preload=\"auto\" controls=\"controls\"><source type=\"video\/mp4\" src=\"http:\/\/yingmeipack.com\/wp-content\/uploads\/2022\/11\/Square-Aluminium-Jars.mp4?_=1\" \/><a href=\"http:\/\/yingmeipack.com\/wp-content\/uploads\/2022\/11\/Square-Aluminium-Jars.mp4\">http:\/\/yingmeipack.com\/wp-content\/uploads\/2022\/11\/Square-Aluminium-Jars.mp4<\/a><\/video><\/div>","protected":false},"featured_media":283,"template":"","meta":{"_kad_post_transparent":"default","_kad_post_title":"","_kad_post_layout":"default","_kad_post_sidebar_id":"","_kad_post_content_style":"default","_kad_post_vertical_padding":"default","_kad_post_feature":"","_kad_post_feature_position":"","_kad_post_header":false,"_kad_post_footer":false,"jetpack_publicize_message":"","jetpack_publicize_feature_enabled":true,"jetpack_social_post_already_shared":false,"jetpack_social_options":{"image_generator_settings":{"template":"highway","default_image_id":0,"enabled":false},"version":2}},"product_brand":[],"product_cat":[48],"product_tag":[96,98,95,97],"class_list":{"0":"post-282","1":"product","2":"type-product","3":"status-publish","4":"has-post-thumbnail","6":"product_cat-box","7":"product_tag-custom-square-aluminium-jars","8":"product_tag-square-aluminium-containers","9":"product_tag-square-aluminium-jars","10":"product_tag-square-aluminium-tins","12":"first","13":"instock","14":"shipping-taxable","15":"product-type-simple","16":"entry","17":"content-bg","18":"loop-entry"},"aioseo_notices":[],"jetpack_publicize_connections":[],"jetpack_sharing_enabled":true,"_links":{"self":[{"href":"https:\/\/yingmeipack.com\/it\/wp-json\/wp\/v2\/product\/282","targetHints":{"allow":["GET"]}}],"collection":[{"href":"https:\/\/yingmeipack.com\/it\/wp-json\/wp\/v2\/product"}],"about":[{"href":"https:\/\/yingmeipack.com\/it\/wp-json\/wp\/v2\/types\/product"}],"version-history":[{"count":1,"href":"https:\/\/yingmeipack.com\/it\/wp-json\/wp\/v2\/product\/282\/revisions"}],"predecessor-version":[{"id":292,"href":"https:\/\/yingmeipack.com\/it\/wp-json\/wp\/v2\/product\/282\/revisions\/292"}],"wp:featuredmedia":[{"embeddable":true,"href":"https:\/\/yingmeipack.com\/it\/wp-json\/wp\/v2\/media\/283"}],"wp:attachment":[{"href":"https:\/\/yingmeipack.com\/it\/wp-json\/wp\/v2\/media?parent=282"}],"wp:term":[{"taxonomy":"product_brand","embeddable":true,"href":"https:\/\/yingmeipack.com\/it\/wp-json\/wp\/v2\/product_brand?post=282"},{"taxonomy":"product_cat","embeddable":true,"href":"https:\/\/yingmeipack.com\/it\/wp-json\/wp\/v2\/product_cat?post=282"},{"taxonomy":"product_tag","embeddable":true,"href":"https:\/\/yingmeipack.com\/it\/wp-json\/wp\/v2\/product_tag?post=282"}],"curies":[{"name":"wp","href":"https:\/\/api.w.org\/{rel}","templated":true}]}}