{"id":2803,"date":"2025-07-08T02:09:23","date_gmt":"2025-07-08T02:09:23","guid":{"rendered":"https:\/\/yingmeipack.com\/?post_type=product&#038;p=2803"},"modified":"2025-11-17T02:12:19","modified_gmt":"2025-11-17T02:12:19","slug":"50ml-brown-refillable-aluminum-cosmetic-jar-empty-container","status":"publish","type":"product","link":"https:\/\/yingmeipack.com\/it\/product\/50ml-brown-refillable-aluminum-cosmetic-jar-empty-container\/","title":{"rendered":"50ml Brown Refillable Aluminum Cosmetic Jar Empty Container"},"content":{"rendered":"","protected":false},"excerpt":{"rendered":"<p>&nbsp;<\/p>\n<ul class=\"a-unordered-list a-vertical a-spacing-mini\">\n<li><span class=\"a-list-item\">Capacity: 50ml, 56mm<\/span><span class=\"a-list-item\">\"diametro x 27 mm di altezza.<\/span><\/li>\n<li><span class=\"a-list-item\">Misurino per prodotti secchi: i bordi lisci non feriscono le mani e si mantengono. Si pu\u00f2 usare senza preoccupazioni.<\/span><\/li>\n<li><span class=\"a-list-item\">Misurino in metallo per il ghiaccio - Realizzato in materiale plastico trasparente, resistente e sicuro da usare. Condividetelo con la famiglia e gli amici perch\u00e9 pratico.<\/span><\/li>\n<li><span class=\"a-list-item\">Paletta per caramelle - I bordi lisci non feriscono le mani. Ideale per eventi speciali o per l'uso quotidiano.<\/span><\/li>\n<li><span class=\"a-list-item\">Palette da bagno: tenendola in mano, si pu\u00f2 vivere un'esperienza confortevole. Inoltre, vi offrir\u00e0 una grande comodit\u00e0.<\/span><\/li>\n<li><span class=\"a-list-item\">100% Garanzia soddisfatta: Per assicurarsi che la vostra esperienza di acquisto 100% soddisfatto, non esitate a contattarci se avete domande o dubbi.<\/span><\/li>\n<\/ul>","protected":false},"featured_media":4486,"template":"","meta":{"_kad_post_transparent":"default","_kad_post_title":"","_kad_post_layout":"default","_kad_post_sidebar_id":"","_kad_post_content_style":"default","_kad_post_vertical_padding":"default","_kad_post_feature":"","_kad_post_feature_position":"","_kad_post_header":false,"_kad_post_footer":false,"jetpack_publicize_message":"","jetpack_publicize_feature_enabled":true,"jetpack_social_post_already_shared":false,"jetpack_social_options":{"image_generator_settings":{"template":"highway","default_image_id":0,"enabled":false},"version":2}},"product_brand":[],"product_cat":[28,24,27],"product_tag":[418,420,421,419],"class_list":{"0":"post-2803","1":"product","2":"type-product","3":"status-publish","4":"has-post-thumbnail","6":"product_cat-aluminum-jars","7":"product_cat-jars","8":"product_cat-metal-jars","9":"product_tag-50ml-aluminum-cosmetic-jar","10":"product_tag-brown-aluminum-jar-bulk","11":"product_tag-cosmetic-cream-container-aluminum","12":"product_tag-refillable-empty-cosmetic-jar","14":"first","15":"instock","16":"shipping-taxable","17":"purchasable","18":"product-type-simple","19":"entry","20":"content-bg","21":"loop-entry"},"aioseo_notices":[],"jetpack_publicize_connections":[],"jetpack_sharing_enabled":true,"_links":{"self":[{"href":"https:\/\/yingmeipack.com\/it\/wp-json\/wp\/v2\/product\/2803","targetHints":{"allow":["GET"]}}],"collection":[{"href":"https:\/\/yingmeipack.com\/it\/wp-json\/wp\/v2\/product"}],"about":[{"href":"https:\/\/yingmeipack.com\/it\/wp-json\/wp\/v2\/types\/product"}],"version-history":[{"count":1,"href":"https:\/\/yingmeipack.com\/it\/wp-json\/wp\/v2\/product\/2803\/revisions"}],"predecessor-version":[{"id":2811,"href":"https:\/\/yingmeipack.com\/it\/wp-json\/wp\/v2\/product\/2803\/revisions\/2811"}],"wp:featuredmedia":[{"embeddable":true,"href":"https:\/\/yingmeipack.com\/it\/wp-json\/wp\/v2\/media\/4486"}],"wp:attachment":[{"href":"https:\/\/yingmeipack.com\/it\/wp-json\/wp\/v2\/media?parent=2803"}],"wp:term":[{"taxonomy":"product_brand","embeddable":true,"href":"https:\/\/yingmeipack.com\/it\/wp-json\/wp\/v2\/product_brand?post=2803"},{"taxonomy":"product_cat","embeddable":true,"href":"https:\/\/yingmeipack.com\/it\/wp-json\/wp\/v2\/product_cat?post=2803"},{"taxonomy":"product_tag","embeddable":true,"href":"https:\/\/yingmeipack.com\/it\/wp-json\/wp\/v2\/product_tag?post=2803"}],"curies":[{"name":"wp","href":"https:\/\/api.w.org\/{rel}","templated":true}]}}