{"id":26,"date":"2022-11-13T04:46:02","date_gmt":"2022-11-13T04:46:02","guid":{"rendered":"https:\/\/yingmeipack.com\/?post_type=product&#038;p=26"},"modified":"2022-11-16T13:19:34","modified_gmt":"2022-11-16T13:19:34","slug":"custom-80ml-screw-top-round-aluminum-jars-metal-tin-cans","status":"publish","type":"product","link":"https:\/\/yingmeipack.com\/it\/product\/custom-80ml-screw-top-round-aluminum-jars-metal-tin-cans\/","title":{"rendered":"Barattoli di alluminio rotondi con tappo a vite personalizzati da 80 ml Lattine di metallo"},"content":{"rendered":"","protected":false},"excerpt":{"rendered":"<p>Possiamo offrire un'ampia variet\u00e0 di barattoli. Tutti i barattoli sono leggeri e compatti e alcuni sono approvati dalla TSA, il che facilita i viaggi e contiene tutto ci\u00f2 di cui avete bisogno. I barattoli in alluminio sono realizzati in alluminio puro per resistere a temperature leggermente pi\u00f9 elevate per candele, balsami per labbra, pomate, cera e altro ancora. Con la possibilit\u00e0 di scegliere tra quattro misure, i barattoli in alluminio includono un fondo e un coperchio a vite.<br \/>\nQuesto barattolo in alluminio \u00e8 realizzato in materiale alimentare, \u00e8 dotato di coperchio a vite di colore verde e ha una capacit\u00e0 di 80 ml. I clienti possono personalizzare tutti i dettagli in base alle loro richieste.<\/p>\n<div style=\"width: 1290px;\" class=\"wp-video\"><!--[if lt IE 9]><script>document.createElement('video');<\/script><![endif]--><br \/>\n<video class=\"wp-video-shortcode\" id=\"video-26-1\" width=\"1290\" height=\"726\" loop autoplay preload=\"auto\" controls=\"controls\"><source type=\"video\/mp4\" src=\"http:\/\/yingmeipack.com\/wp-content\/uploads\/2022\/11\/aluminum-jar.mp4?_=1\" \/><a href=\"http:\/\/yingmeipack.com\/wp-content\/uploads\/2022\/11\/aluminum-jar.mp4\">http:\/\/yingmeipack.com\/wp-content\/uploads\/2022\/11\/aluminum-jar.mp4<\/a><\/video><\/div>","protected":false},"featured_media":27,"template":"","meta":{"_kad_post_transparent":"default","_kad_post_title":"","_kad_post_layout":"default","_kad_post_sidebar_id":"","_kad_post_content_style":"default","_kad_post_vertical_padding":"default","_kad_post_feature":"","_kad_post_feature_position":"","_kad_post_header":false,"_kad_post_footer":false,"jetpack_publicize_message":"","jetpack_publicize_feature_enabled":true,"jetpack_social_post_already_shared":false,"jetpack_social_options":{"image_generator_settings":{"template":"highway","default_image_id":0,"enabled":false},"version":2}},"product_brand":[],"product_cat":[28,24,27],"product_tag":[57,55,62,61,58,59],"class_list":{"0":"post-26","1":"product","2":"type-product","3":"status-publish","4":"has-post-thumbnail","6":"product_cat-aluminum-jars","7":"product_cat-jars","8":"product_cat-metal-jars","9":"product_tag-80ml-aluminum-jars","10":"product_tag-custom-aluminum-jars","11":"product_tag-custom-metal-cans","12":"product_tag-custom-metal-tins","13":"product_tag-round-aluminum-jars","14":"product_tag-screw-top-aluminum-jars","16":"first","17":"instock","18":"shipping-taxable","19":"product-type-simple","20":"entry","21":"content-bg","22":"loop-entry"},"aioseo_notices":[],"jetpack_publicize_connections":[],"jetpack_sharing_enabled":true,"_links":{"self":[{"href":"https:\/\/yingmeipack.com\/it\/wp-json\/wp\/v2\/product\/26","targetHints":{"allow":["GET"]}}],"collection":[{"href":"https:\/\/yingmeipack.com\/it\/wp-json\/wp\/v2\/product"}],"about":[{"href":"https:\/\/yingmeipack.com\/it\/wp-json\/wp\/v2\/types\/product"}],"version-history":[{"count":6,"href":"https:\/\/yingmeipack.com\/it\/wp-json\/wp\/v2\/product\/26\/revisions"}],"predecessor-version":[{"id":194,"href":"https:\/\/yingmeipack.com\/it\/wp-json\/wp\/v2\/product\/26\/revisions\/194"}],"wp:featuredmedia":[{"embeddable":true,"href":"https:\/\/yingmeipack.com\/it\/wp-json\/wp\/v2\/media\/27"}],"wp:attachment":[{"href":"https:\/\/yingmeipack.com\/it\/wp-json\/wp\/v2\/media?parent=26"}],"wp:term":[{"taxonomy":"product_brand","embeddable":true,"href":"https:\/\/yingmeipack.com\/it\/wp-json\/wp\/v2\/product_brand?post=26"},{"taxonomy":"product_cat","embeddable":true,"href":"https:\/\/yingmeipack.com\/it\/wp-json\/wp\/v2\/product_cat?post=26"},{"taxonomy":"product_tag","embeddable":true,"href":"https:\/\/yingmeipack.com\/it\/wp-json\/wp\/v2\/product_tag?post=26"}],"curies":[{"name":"wp","href":"https:\/\/api.w.org\/{rel}","templated":true}]}}