{"id":259,"date":"2022-11-17T01:08:22","date_gmt":"2022-11-17T01:08:22","guid":{"rendered":"https:\/\/yingmeipack.com\/?post_type=product&#038;p=259"},"modified":"2022-11-17T01:25:49","modified_gmt":"2022-11-17T01:25:49","slug":"100ml-green-pet-plastic-cosmetics-jar-with-aluminum-lid","status":"publish","type":"product","link":"https:\/\/yingmeipack.com\/it\/product\/100ml-green-pet-plastic-cosmetics-jar-with-aluminum-lid\/","title":{"rendered":"Barattolo per cosmetici in plastica PET verde da 100 ml con coperchio in alluminio"},"content":{"rendered":"","protected":false},"excerpt":{"rendered":"<p>Questo barattolo in plastica PET \u00e8 dotato di tappo a vite in alluminio. La capacit\u00e0 del barattolo \u00e8 di 100 ml e la dimensione \u00e8 di 41*70 mm. \u00c8 possibile riempire questo barattolo di plastica da 100 ml con coperchio in alluminio con una variet\u00e0 di prodotti diversi, tra cui creme per il viso, burri per il corpo, balsami e make-up. \u00c8 realizzato in plastica PET (polietilene tereftalato) trasparente, che offre l'aspetto del vetro ma senza il prezzo aggiuntivo! L'ampio collo di questo barattolo lo rende molto facile da riempire per voi e molto facile da dosare per i vostri clienti. La plastica PET \u00e8 nota per le sue propriet\u00e0 di leggerezza, infrangibilit\u00e0 e resistenza agli urti, che la rendono adatta a spedire i prodotti per posta e a mantenerli al sicuro durante il trasporto. La plastica trasparente mette in evidenza i vostri prodotti con grande chiarezza.<\/p>\n<div style=\"width: 1290px;\" class=\"wp-video\"><!--[if lt IE 9]><script>document.createElement('video');<\/script><![endif]--><br \/>\n<video class=\"wp-video-shortcode\" id=\"video-259-1\" width=\"1290\" height=\"726\" loop autoplay preload=\"auto\" controls=\"controls\"><source type=\"video\/mp4\" src=\"http:\/\/yingmeipack.com\/wp-content\/uploads\/2022\/11\/Plastic-Jars.mp4?_=1\" \/><a href=\"http:\/\/yingmeipack.com\/wp-content\/uploads\/2022\/11\/Plastic-Jars.mp4\">http:\/\/yingmeipack.com\/wp-content\/uploads\/2022\/11\/Plastic-Jars.mp4<\/a><\/video><\/div>","protected":false},"featured_media":260,"template":"","meta":{"_kad_post_transparent":"default","_kad_post_title":"","_kad_post_layout":"default","_kad_post_sidebar_id":"","_kad_post_content_style":"default","_kad_post_vertical_padding":"default","_kad_post_feature":"","_kad_post_feature_position":"","_kad_post_header":false,"_kad_post_footer":false,"jetpack_publicize_message":"","jetpack_publicize_feature_enabled":true,"jetpack_social_post_already_shared":false,"jetpack_social_options":{"image_generator_settings":{"template":"highway","default_image_id":0,"enabled":false},"version":2}},"product_brand":[],"product_cat":[24,25],"product_tag":[88,87,89,86,90],"class_list":{"0":"post-259","1":"product","2":"type-product","3":"status-publish","4":"has-post-thumbnail","6":"product_cat-jars","7":"product_cat-plastic-jars","8":"product_tag-100ml-pet-jar","9":"product_tag-100ml-plastic-jar","10":"product_tag-green-plastic-jar","11":"product_tag-plastic-cosmetics-jar","12":"product_tag-plastic-jar-with-aluminum-lid","14":"first","15":"instock","16":"shipping-taxable","17":"product-type-simple","18":"entry","19":"content-bg","20":"loop-entry"},"aioseo_notices":[],"jetpack_publicize_connections":[],"jetpack_sharing_enabled":true,"_links":{"self":[{"href":"https:\/\/yingmeipack.com\/it\/wp-json\/wp\/v2\/product\/259","targetHints":{"allow":["GET"]}}],"collection":[{"href":"https:\/\/yingmeipack.com\/it\/wp-json\/wp\/v2\/product"}],"about":[{"href":"https:\/\/yingmeipack.com\/it\/wp-json\/wp\/v2\/types\/product"}],"version-history":[{"count":2,"href":"https:\/\/yingmeipack.com\/it\/wp-json\/wp\/v2\/product\/259\/revisions"}],"predecessor-version":[{"id":271,"href":"https:\/\/yingmeipack.com\/it\/wp-json\/wp\/v2\/product\/259\/revisions\/271"}],"wp:featuredmedia":[{"embeddable":true,"href":"https:\/\/yingmeipack.com\/it\/wp-json\/wp\/v2\/media\/260"}],"wp:attachment":[{"href":"https:\/\/yingmeipack.com\/it\/wp-json\/wp\/v2\/media?parent=259"}],"wp:term":[{"taxonomy":"product_brand","embeddable":true,"href":"https:\/\/yingmeipack.com\/it\/wp-json\/wp\/v2\/product_brand?post=259"},{"taxonomy":"product_cat","embeddable":true,"href":"https:\/\/yingmeipack.com\/it\/wp-json\/wp\/v2\/product_cat?post=259"},{"taxonomy":"product_tag","embeddable":true,"href":"https:\/\/yingmeipack.com\/it\/wp-json\/wp\/v2\/product_tag?post=259"}],"curies":[{"name":"wp","href":"https:\/\/api.w.org\/{rel}","templated":true}]}}