{"id":247,"date":"2022-11-16T13:26:06","date_gmt":"2022-11-16T13:26:06","guid":{"rendered":"https:\/\/yingmeipack.com\/?post_type=product&#038;p=247"},"modified":"2025-07-31T06:35:48","modified_gmt":"2025-07-31T06:35:48","slug":"custom-matte-black-round-aluminum-jar-container-screw-cap","status":"publish","type":"product","link":"https:\/\/yingmeipack.com\/it\/product\/custom-matte-black-round-aluminum-jar-container-screw-cap\/","title":{"rendered":"150ml Custom Matte Black Aluminum Jar Container Screw Cap"},"content":{"rendered":"","protected":false},"excerpt":{"rendered":"<p>La dimensione di questo vaso nero opaco \u00e8 di 83*35 cm. Realizzati in alluminio resistente, durevole e leggero, hanno le caratteristiche di lucentezza, impermeabilit\u00e0, resistenza alla corrosione, eco-compatibilit\u00e0, leggerezza e praticit\u00e0 di trasporto. Contenitore in alluminio nero opaco con coperchio che protegge perfettamente il contenuto all'interno. Adatto per creme, gel, cere o altri cosmetici. I contenitori sono realizzati secondo i pi\u00f9 alti standard UE e contengono un rivestimento interno in BPA-NI.<\/p>\n<div style=\"width: 1290px;\" class=\"wp-video\"><!--[if lt IE 9]><script>document.createElement('video');<\/script><![endif]--><br \/>\n<video class=\"wp-video-shortcode\" id=\"video-247-1\" width=\"1290\" height=\"726\" loop autoplay preload=\"auto\" controls=\"controls\"><source type=\"video\/mp4\" src=\"http:\/\/yingmeipack.com\/wp-content\/uploads\/2022\/11\/Matte-Black-Aluminum-Jar.mp4?_=1\" \/><a href=\"http:\/\/yingmeipack.com\/wp-content\/uploads\/2022\/11\/Matte-Black-Aluminum-Jar.mp4\">http:\/\/yingmeipack.com\/wp-content\/uploads\/2022\/11\/Matte-Black-Aluminum-Jar.mp4<\/a><\/video><\/div>","protected":false},"featured_media":249,"template":"","meta":{"_kad_post_transparent":"default","_kad_post_title":"","_kad_post_layout":"default","_kad_post_sidebar_id":"","_kad_post_content_style":"default","_kad_post_vertical_padding":"default","_kad_post_feature":"","_kad_post_feature_position":"","_kad_post_header":false,"_kad_post_footer":false,"jetpack_publicize_message":"","jetpack_publicize_feature_enabled":true,"jetpack_social_post_already_shared":false,"jetpack_social_options":{"image_generator_settings":{"template":"highway","default_image_id":0,"enabled":false},"version":2}},"product_brand":[],"product_cat":[28,24,27],"product_tag":[84,65,83,82,85],"class_list":{"0":"post-247","1":"product","2":"type-product","3":"status-publish","4":"has-post-thumbnail","6":"product_cat-aluminum-jars","7":"product_cat-jars","8":"product_cat-metal-jars","9":"product_tag-custom-aluminum-container","10":"product_tag-custom-aluminum-jar","11":"product_tag-matte-black-aluminum-container","12":"product_tag-matte-black-aluminum-jar","13":"product_tag-round-aluminum-jar","15":"first","16":"instock","17":"shipping-taxable","18":"purchasable","19":"product-type-simple","20":"entry","21":"content-bg","22":"loop-entry"},"aioseo_notices":[],"jetpack_publicize_connections":[],"jetpack_sharing_enabled":true,"_links":{"self":[{"href":"https:\/\/yingmeipack.com\/it\/wp-json\/wp\/v2\/product\/247","targetHints":{"allow":["GET"]}}],"collection":[{"href":"https:\/\/yingmeipack.com\/it\/wp-json\/wp\/v2\/product"}],"about":[{"href":"https:\/\/yingmeipack.com\/it\/wp-json\/wp\/v2\/types\/product"}],"version-history":[{"count":3,"href":"https:\/\/yingmeipack.com\/it\/wp-json\/wp\/v2\/product\/247\/revisions"}],"predecessor-version":[{"id":3217,"href":"https:\/\/yingmeipack.com\/it\/wp-json\/wp\/v2\/product\/247\/revisions\/3217"}],"wp:featuredmedia":[{"embeddable":true,"href":"https:\/\/yingmeipack.com\/it\/wp-json\/wp\/v2\/media\/249"}],"wp:attachment":[{"href":"https:\/\/yingmeipack.com\/it\/wp-json\/wp\/v2\/media?parent=247"}],"wp:term":[{"taxonomy":"product_brand","embeddable":true,"href":"https:\/\/yingmeipack.com\/it\/wp-json\/wp\/v2\/product_brand?post=247"},{"taxonomy":"product_cat","embeddable":true,"href":"https:\/\/yingmeipack.com\/it\/wp-json\/wp\/v2\/product_cat?post=247"},{"taxonomy":"product_tag","embeddable":true,"href":"https:\/\/yingmeipack.com\/it\/wp-json\/wp\/v2\/product_tag?post=247"}],"curies":[{"name":"wp","href":"https:\/\/api.w.org\/{rel}","templated":true}]}}