{"id":2422,"date":"2025-06-19T07:37:27","date_gmt":"2025-06-19T07:37:27","guid":{"rendered":"https:\/\/yingmeipack.com\/?post_type=product&#038;p=2422"},"modified":"2025-06-19T07:46:50","modified_gmt":"2025-06-19T07:46:50","slug":"50g-customizable-red-square-metal-aluminum-box-gift-box","status":"publish","type":"product","link":"https:\/\/yingmeipack.com\/it\/product\/50g-customizable-red-square-metal-aluminum-box-gift-box\/","title":{"rendered":"50g customizable red square metal aluminum box gift box"},"content":{"rendered":"","protected":false},"excerpt":{"rendered":"<p>La dimensione del contenitore quadrato in alluminio \u00e8 di 45*60*20 mm, molto comodo da trasportare ed \u00e8 la scelta migliore per i viaggi. \u00c8 realizzata in materiale di alluminio, pi\u00f9 resistente della plastica e non facile da arrugginire! I nostri piccoli barattoli per l'organizzazione della casa sono progettati con un coperchio, che pu\u00f2 essere ben sigillato e non perde, a prova d'acqua, adatto per uscire! Il contenitore in metallo con coperchio \u00e8 progettato in modo semplice, adatto a qualsiasi stile di decorazione della casa, per fornirvi un servizio a lungo termine! Non \u00e8 adatto per il sapone, ma anche per riporre varie piccole cose, come balsamo per le labbra, mini candele, caramelle, cosmetici, gioielli, ecc!<\/p>","protected":false},"featured_media":2423,"template":"","meta":{"_kad_post_transparent":"default","_kad_post_title":"","_kad_post_layout":"default","_kad_post_sidebar_id":"","_kad_post_content_style":"default","_kad_post_vertical_padding":"default","_kad_post_feature":"","_kad_post_feature_position":"","_kad_post_header":false,"_kad_post_footer":false,"jetpack_publicize_message":"","jetpack_publicize_feature_enabled":true,"jetpack_social_post_already_shared":false,"jetpack_social_options":{"image_generator_settings":{"template":"highway","default_image_id":0,"enabled":false},"version":2}},"product_brand":[],"product_cat":[28,24,27],"product_tag":[96,335,356,95],"class_list":{"0":"post-2422","1":"product","2":"type-product","3":"status-publish","4":"has-post-thumbnail","6":"product_cat-aluminum-jars","7":"product_cat-jars","8":"product_cat-metal-jars","9":"product_tag-custom-square-aluminium-jars","10":"product_tag-customized-packaging","11":"product_tag-gift-box","12":"product_tag-square-aluminium-jars","14":"first","15":"instock","16":"shipping-taxable","17":"purchasable","18":"product-type-simple","19":"entry","20":"content-bg","21":"loop-entry"},"aioseo_notices":[],"jetpack_publicize_connections":[],"jetpack_sharing_enabled":true,"_links":{"self":[{"href":"https:\/\/yingmeipack.com\/it\/wp-json\/wp\/v2\/product\/2422","targetHints":{"allow":["GET"]}}],"collection":[{"href":"https:\/\/yingmeipack.com\/it\/wp-json\/wp\/v2\/product"}],"about":[{"href":"https:\/\/yingmeipack.com\/it\/wp-json\/wp\/v2\/types\/product"}],"version-history":[{"count":1,"href":"https:\/\/yingmeipack.com\/it\/wp-json\/wp\/v2\/product\/2422\/revisions"}],"predecessor-version":[{"id":2429,"href":"https:\/\/yingmeipack.com\/it\/wp-json\/wp\/v2\/product\/2422\/revisions\/2429"}],"wp:featuredmedia":[{"embeddable":true,"href":"https:\/\/yingmeipack.com\/it\/wp-json\/wp\/v2\/media\/2423"}],"wp:attachment":[{"href":"https:\/\/yingmeipack.com\/it\/wp-json\/wp\/v2\/media?parent=2422"}],"wp:term":[{"taxonomy":"product_brand","embeddable":true,"href":"https:\/\/yingmeipack.com\/it\/wp-json\/wp\/v2\/product_brand?post=2422"},{"taxonomy":"product_cat","embeddable":true,"href":"https:\/\/yingmeipack.com\/it\/wp-json\/wp\/v2\/product_cat?post=2422"},{"taxonomy":"product_tag","embeddable":true,"href":"https:\/\/yingmeipack.com\/it\/wp-json\/wp\/v2\/product_tag?post=2422"}],"curies":[{"name":"wp","href":"https:\/\/api.w.org\/{rel}","templated":true}]}}