{"id":2093,"date":"2025-06-07T07:39:15","date_gmt":"2025-06-07T07:39:15","guid":{"rendered":"https:\/\/yingmeipack.com\/?post_type=product&#038;p=2093"},"modified":"2025-06-13T00:54:26","modified_gmt":"2025-06-13T00:54:26","slug":"20g-colorful-heart-shaped-aluminum-jar-for-gift-giving","status":"publish","type":"product","link":"https:\/\/yingmeipack.com\/it\/product\/20g-colorful-heart-shaped-aluminum-jar-for-gift-giving\/","title":{"rendered":"Barattolo in alluminio a forma di cuore colorato da 20 g per fare regali"},"content":{"rendered":"","protected":false},"excerpt":{"rendered":"<p>Le dimensioni di questo barattolo in alluminio sono 52*45*20 mm; capacit\u00e0: 20ml;<\/p>\n<p>Vi presentiamo un barattolo di alluminio a forma di cuore personalizzato: il modo perfetto per aggiungere un tocco di praticit\u00e0 e stile al vostro packaging. Queste eleganti scatole sono disponibili in diverse dimensioni e sono dotate di cerniere per una facile apertura e chiusura. Sono perfetti per regali, candele, cosmetici, t\u00e8, spezie e altro ancora. E sono totalmente personalizzabili, in modo da poter aggiungere stampe e disegni unici.<\/p>\n<p>Vaso in alluminio resistente - \u00c8 difficile da piegare a mano e ha un aspetto elegante grazie alla superficie argentata.<br \/>\nNessun bordo tagliente - Il nostro barattolo vuoto in alluminio metallico \u00e8 progettato su un bordo rotondo e liscio, che pu\u00f2 ridurre il rischio di danni al bordo metallico, \u00e8 sicuro da usare nel vostro tempo quotidiano.<br \/>\nAmpie applicazioni - Il nostro barattolo in alluminio argentato \u00e8 ottimo per i progetti di bricolage fatti in casa, per la produzione di candele senza perdite, per le bomboniere, per i confetti, per i gioielli, per le scatole del tesoro, per le forniture per ufficio o per i regali.<\/p>\n<p>&nbsp;<\/p>","protected":false},"featured_media":2094,"template":"","meta":{"_kad_post_transparent":"default","_kad_post_title":"","_kad_post_layout":"default","_kad_post_sidebar_id":"","_kad_post_content_style":"default","_kad_post_vertical_padding":"default","_kad_post_feature":"","_kad_post_feature_position":"","_kad_post_header":false,"_kad_post_footer":false,"jetpack_publicize_message":"","jetpack_publicize_feature_enabled":true,"jetpack_social_post_already_shared":false,"jetpack_social_options":{"image_generator_settings":{"template":"highway","default_image_id":0,"enabled":false},"version":2}},"product_brand":[],"product_cat":[28,24,27],"product_tag":[282,329,330,331],"class_list":{"0":"post-2093","1":"product","2":"type-product","3":"status-publish","4":"has-post-thumbnail","6":"product_cat-aluminum-jars","7":"product_cat-jars","8":"product_cat-metal-jars","9":"product_tag-aluminum-jar","10":"product_tag-colorful-aluminum-jar","11":"product_tag-different-shape-boxes","12":"product_tag-heart-shaped","14":"first","15":"instock","16":"shipping-taxable","17":"purchasable","18":"product-type-simple","19":"entry","20":"content-bg","21":"loop-entry"},"aioseo_notices":[],"jetpack_publicize_connections":[],"jetpack_sharing_enabled":true,"_links":{"self":[{"href":"https:\/\/yingmeipack.com\/it\/wp-json\/wp\/v2\/product\/2093","targetHints":{"allow":["GET"]}}],"collection":[{"href":"https:\/\/yingmeipack.com\/it\/wp-json\/wp\/v2\/product"}],"about":[{"href":"https:\/\/yingmeipack.com\/it\/wp-json\/wp\/v2\/types\/product"}],"version-history":[{"count":2,"href":"https:\/\/yingmeipack.com\/it\/wp-json\/wp\/v2\/product\/2093\/revisions"}],"predecessor-version":[{"id":2101,"href":"https:\/\/yingmeipack.com\/it\/wp-json\/wp\/v2\/product\/2093\/revisions\/2101"}],"wp:featuredmedia":[{"embeddable":true,"href":"https:\/\/yingmeipack.com\/it\/wp-json\/wp\/v2\/media\/2094"}],"wp:attachment":[{"href":"https:\/\/yingmeipack.com\/it\/wp-json\/wp\/v2\/media?parent=2093"}],"wp:term":[{"taxonomy":"product_brand","embeddable":true,"href":"https:\/\/yingmeipack.com\/it\/wp-json\/wp\/v2\/product_brand?post=2093"},{"taxonomy":"product_cat","embeddable":true,"href":"https:\/\/yingmeipack.com\/it\/wp-json\/wp\/v2\/product_cat?post=2093"},{"taxonomy":"product_tag","embeddable":true,"href":"https:\/\/yingmeipack.com\/it\/wp-json\/wp\/v2\/product_tag?post=2093"}],"curies":[{"name":"wp","href":"https:\/\/api.w.org\/{rel}","templated":true}]}}