{"id":1888,"date":"2023-09-04T12:02:18","date_gmt":"2023-09-04T12:02:18","guid":{"rendered":"https:\/\/yingmeipack.com\/?post_type=product&#038;p=1888"},"modified":"2023-09-04T12:02:18","modified_gmt":"2023-09-04T12:02:18","slug":"1-oz-aluminum-high-tin-jar-with-screw-lid-30-ml","status":"publish","type":"product","link":"https:\/\/yingmeipack.com\/it\/product\/1-oz-aluminum-high-tin-jar-with-screw-lid-30-ml\/","title":{"rendered":"Barattolo di alluminio da 1 oz con coperchio a vite 30 ml"},"content":{"rendered":"<p>Realizzati in alluminio metallico di alta qualit\u00e0, i contenitori di latta hanno una bella forma, sono leggeri ma resistenti, inoltre non sono tossici, non emanano odore e sono sicuri per gli alimenti.<\/p>\n<p>Coperchi a vite per una facile apertura e chiusura: i coperchi a vite sono facili da aprire e chiudere, assicurano che i coperchi siano ben stretti senza far fuoriuscire il contenuto. I contenitori in metallo non presentano bordi taglienti che possano ferire le dita.<\/p>\n<p>Contenitore in metallo con coperchio a vite: Ogni barattolo vuoto \u00e8 dotato di un coperchio a vite, in grado di prevenire efficacemente le perdite, realizzato in alluminio di alta qualit\u00e0, resistente e leggero.<\/p>\n<p>Ogni contenitore di latta Dimensione esterna: 40mm*50mm*0,3mm, soddisfa i vostri usi multiuso.<\/p>\n<p>Ampiamente utilizzato per i prodotti fatti a mano: Pu\u00f2 essere utilizzato per balsami per labbra, lucidalabbra, creme, cosmetici, candele, sapone, pomata, caramelle, monete, campioni, erbe e spezie ecc.<\/p>","protected":false},"excerpt":{"rendered":"<ul class=\"a-unordered-list a-vertical a-spacing-mini\">\n<li><span class=\"a-list-item\">Capacit\u00e0: 30ml, 40mm<\/span><span class=\"a-list-item\">\"diametro x 50 mm di altezza.<\/span><\/li>\n<li><span class=\"a-list-item\">Misurino per prodotti secchi: i bordi lisci non feriscono le mani e si mantengono. Si pu\u00f2 usare senza preoccupazioni.<\/span><\/li>\n<li><span class=\"a-list-item\">Misurino in metallo per il ghiaccio - Realizzato in materiale plastico trasparente, resistente e sicuro da usare. Condividetelo con la famiglia e gli amici perch\u00e9 pratico.<\/span><\/li>\n<li><span class=\"a-list-item\">Paletta per caramelle - I bordi lisci non feriscono le mani. Ideale per eventi speciali o per l'uso quotidiano.<\/span><\/li>\n<li><span class=\"a-list-item\">Palette da bagno: tenendola in mano, si pu\u00f2 vivere un'esperienza confortevole. Inoltre, vi offrir\u00e0 una grande comodit\u00e0.<\/span><span class=\"a-list-item\">100% Garanzia soddisfatta: Per assicurarsi che la vostra esperienza di acquisto 100% soddisfatto, non esitate a contattarci se avete domande o dubbi.<\/span><\/li>\n<\/ul>","protected":false},"featured_media":1889,"template":"","meta":{"_kad_post_transparent":"default","_kad_post_title":"","_kad_post_layout":"default","_kad_post_sidebar_id":"","_kad_post_content_style":"default","_kad_post_vertical_padding":"default","_kad_post_feature":"","_kad_post_feature_position":"","_kad_post_header":false,"_kad_post_footer":false,"jetpack_publicize_message":"","jetpack_publicize_feature_enabled":true,"jetpack_social_post_already_shared":false,"jetpack_social_options":{"image_generator_settings":{"template":"highway","default_image_id":0,"enabled":false},"version":2}},"product_brand":[],"product_cat":[28],"product_tag":[],"class_list":{"0":"post-1888","1":"product","2":"type-product","3":"status-publish","4":"has-post-thumbnail","6":"product_cat-aluminum-jars","8":"first","9":"instock","10":"shipping-taxable","11":"purchasable","12":"product-type-simple","13":"entry","14":"content-bg","15":"loop-entry"},"aioseo_notices":[],"jetpack_publicize_connections":[],"jetpack_sharing_enabled":true,"_links":{"self":[{"href":"https:\/\/yingmeipack.com\/it\/wp-json\/wp\/v2\/product\/1888","targetHints":{"allow":["GET"]}}],"collection":[{"href":"https:\/\/yingmeipack.com\/it\/wp-json\/wp\/v2\/product"}],"about":[{"href":"https:\/\/yingmeipack.com\/it\/wp-json\/wp\/v2\/types\/product"}],"version-history":[{"count":3,"href":"https:\/\/yingmeipack.com\/it\/wp-json\/wp\/v2\/product\/1888\/revisions"}],"predecessor-version":[{"id":1898,"href":"https:\/\/yingmeipack.com\/it\/wp-json\/wp\/v2\/product\/1888\/revisions\/1898"}],"wp:featuredmedia":[{"embeddable":true,"href":"https:\/\/yingmeipack.com\/it\/wp-json\/wp\/v2\/media\/1889"}],"wp:attachment":[{"href":"https:\/\/yingmeipack.com\/it\/wp-json\/wp\/v2\/media?parent=1888"}],"wp:term":[{"taxonomy":"product_brand","embeddable":true,"href":"https:\/\/yingmeipack.com\/it\/wp-json\/wp\/v2\/product_brand?post=1888"},{"taxonomy":"product_cat","embeddable":true,"href":"https:\/\/yingmeipack.com\/it\/wp-json\/wp\/v2\/product_cat?post=1888"},{"taxonomy":"product_tag","embeddable":true,"href":"https:\/\/yingmeipack.com\/it\/wp-json\/wp\/v2\/product_tag?post=1888"}],"curies":[{"name":"wp","href":"https:\/\/api.w.org\/{rel}","templated":true}]}}