{"id":1565,"date":"2023-04-19T07:15:48","date_gmt":"2023-04-19T07:15:48","guid":{"rendered":"https:\/\/yingmeipack.com\/?post_type=product&#038;p=1565"},"modified":"2025-06-05T08:16:49","modified_gmt":"2025-06-05T08:16:49","slug":"round-rose-gold-window-lid-5ml-metal-packaging-aluminum-can","status":"publish","type":"product","link":"https:\/\/yingmeipack.com\/it\/product\/round-rose-gold-window-lid-5ml-metal-packaging-aluminum-can\/","title":{"rendered":"Coperchio rotondo a finestra in oro rosa 5ml metallo imballaggio in alluminio pu\u00f2"},"content":{"rendered":"","protected":false},"excerpt":{"rendered":"<p>Barattoli di latta rosa con finestra trasparente, per individuare pi\u00f9 facilmente gli articoli contenuti nella scatola.<br \/>\nDimensioni di riferimento: Capacit\u00e0 - 5ml, D27MM*H14MM<br \/>\nAlta qualit\u00e0: Realizzato in alluminio di alta qualit\u00e0, sicuro per conservare gli oggetti, pu\u00f2 anche essere riciclato o riutilizzato.<br \/>\nBordi lisci: Questi barattoli a vite non hanno bordi taglienti, facili da aprire e chiudere, che pu\u00f2 portare una sicurezza utilizzando esperienza<br \/>\nBarattoli in metallo multiuso: I materiali di alta qualit\u00e0 sono ideali per conservare lozioni, creme, salse, balsami, campioni, erbe aromatiche, nail art ecc. Eliminano il rischio di fusione o di perdite. Contenitori poco profondi con coperchio a pressione in acciaio stagnato con coperchi filettati. Una volta applicato alla base del barattolo, il piombo mantiene una presa sicura, eliminando il rischio di perdite disordinate durante i vostri numerosi viaggi. Questo articolo \u00e8 fantastico per il bagaglio a mano<\/p>","protected":false},"featured_media":1566,"template":"","meta":{"_kad_post_transparent":"default","_kad_post_title":"","_kad_post_layout":"default","_kad_post_sidebar_id":"","_kad_post_content_style":"default","_kad_post_vertical_padding":"default","_kad_post_feature":"","_kad_post_feature_position":"","_kad_post_header":false,"_kad_post_footer":false,"jetpack_publicize_message":"","jetpack_publicize_feature_enabled":true,"jetpack_social_post_already_shared":false,"jetpack_social_options":{"image_generator_settings":{"template":"highway","default_image_id":0,"enabled":false},"version":2}},"product_brand":[],"product_cat":[28,24,27],"product_tag":[284,282,285],"class_list":{"0":"post-1565","1":"product","2":"type-product","3":"status-publish","4":"has-post-thumbnail","6":"product_cat-aluminum-jars","7":"product_cat-jars","8":"product_cat-metal-jars","9":"product_tag-10-aluminum-can","10":"product_tag-aluminum-jar","11":"product_tag-aluminum-tin-can-with-slip-lid","13":"first","14":"instock","15":"shipping-taxable","16":"purchasable","17":"product-type-simple","18":"entry","19":"content-bg","20":"loop-entry"},"aioseo_notices":[],"jetpack_publicize_connections":[],"jetpack_sharing_enabled":true,"_links":{"self":[{"href":"https:\/\/yingmeipack.com\/it\/wp-json\/wp\/v2\/product\/1565","targetHints":{"allow":["GET"]}}],"collection":[{"href":"https:\/\/yingmeipack.com\/it\/wp-json\/wp\/v2\/product"}],"about":[{"href":"https:\/\/yingmeipack.com\/it\/wp-json\/wp\/v2\/types\/product"}],"version-history":[{"count":1,"href":"https:\/\/yingmeipack.com\/it\/wp-json\/wp\/v2\/product\/1565\/revisions"}],"predecessor-version":[{"id":1573,"href":"https:\/\/yingmeipack.com\/it\/wp-json\/wp\/v2\/product\/1565\/revisions\/1573"}],"wp:featuredmedia":[{"embeddable":true,"href":"https:\/\/yingmeipack.com\/it\/wp-json\/wp\/v2\/media\/1566"}],"wp:attachment":[{"href":"https:\/\/yingmeipack.com\/it\/wp-json\/wp\/v2\/media?parent=1565"}],"wp:term":[{"taxonomy":"product_brand","embeddable":true,"href":"https:\/\/yingmeipack.com\/it\/wp-json\/wp\/v2\/product_brand?post=1565"},{"taxonomy":"product_cat","embeddable":true,"href":"https:\/\/yingmeipack.com\/it\/wp-json\/wp\/v2\/product_cat?post=1565"},{"taxonomy":"product_tag","embeddable":true,"href":"https:\/\/yingmeipack.com\/it\/wp-json\/wp\/v2\/product_tag?post=1565"}],"curies":[{"name":"wp","href":"https:\/\/api.w.org\/{rel}","templated":true}]}}