{"id":1414,"date":"2023-04-15T08:33:32","date_gmt":"2023-04-15T08:33:32","guid":{"rendered":"https:\/\/yingmeipack.com\/?post_type=product&#038;p=1414"},"modified":"2025-06-10T01:26:27","modified_gmt":"2025-06-10T01:26:27","slug":"empty-tin-jars-aluminum-cans-round-containers-for-candle","status":"publish","type":"product","link":"https:\/\/yingmeipack.com\/it\/product\/empty-tin-jars-aluminum-cans-round-containers-for-candle\/","title":{"rendered":"Piccoli vasi di latta vuoti in metallo contenitori rotondi per candela"},"content":{"rendered":"<p>&nbsp;<\/p>\n<p>&nbsp;<\/p>\n<p>&nbsp;<\/p>\n<p>&nbsp;<\/p>\n<p>&nbsp;<\/p>","protected":false},"excerpt":{"rendered":"<p>dimensioni: dia3.8 pollici \/80mm* h2.1 pollici\/54mm, leggero e conveniente, Mini barattolo rotondo, pu\u00f2 memorizzare piccoli oggetti, orecchini, ecc, pu\u00f2 mettere gioielli caramelle all'interno come un dono, vicino Persone che vengono al dono sar\u00e0 sicuramente come esso.<\/p>\n<p>Barattolo rotondo multifunzione: Questa bellissima piccola scatola per candele pu\u00f2 essere utilizzata per conservare molte cose, ideale per candele fai da te, biscotti, caramelle, monete, anelli e piccoli oggetti. Pu\u00f2 anche essere utilizzato come regalo perfetto per la famiglia o gli amici con balsamo per labbra, crema di erba, crema di comfrey e contenitori solidi per l'aromaterapia.<br \/>\nMateriali di alta qualit\u00e0: Questo vaso per candele \u00e8 realizzato in metallo stagnato. \u00c8 molto resistente e durevole. La superficie \u00e8 liscia ed ecologica. \u00c8 facile da pulire. Pu\u00f2 essere riutilizzato pi\u00f9 volte senza subire deformazioni. Il motivo di stampa chic non sbiadisce. Non viene schiacciato.<\/p>","protected":false},"featured_media":2152,"template":"","meta":{"_kad_post_transparent":"default","_kad_post_title":"","_kad_post_layout":"default","_kad_post_sidebar_id":"","_kad_post_content_style":"default","_kad_post_vertical_padding":"default","_kad_post_feature":"","_kad_post_feature_position":"","_kad_post_header":false,"_kad_post_footer":false,"jetpack_publicize_message":"","jetpack_publicize_feature_enabled":true,"jetpack_social_post_already_shared":false,"jetpack_social_options":{"image_generator_settings":{"template":"highway","default_image_id":0,"enabled":false},"version":2}},"product_brand":[],"product_cat":[28,48,24,27,29],"product_tag":[298,301,303,302],"class_list":{"0":"post-1414","1":"product","2":"type-product","3":"status-publish","4":"has-post-thumbnail","6":"product_cat-aluminum-jars","7":"product_cat-box","8":"product_cat-jars","9":"product_cat-metal-jars","10":"product_cat-tinplate-jars","11":"product_tag-candle-jars","12":"product_tag-empty-candle-tin","13":"product_tag-metal-jar-containers","14":"product_tag-tinplate-can","16":"first","17":"instock","18":"shipping-taxable","19":"purchasable","20":"product-type-simple","21":"entry","22":"content-bg","23":"loop-entry"},"aioseo_notices":[],"jetpack_publicize_connections":[],"jetpack_sharing_enabled":true,"_links":{"self":[{"href":"https:\/\/yingmeipack.com\/it\/wp-json\/wp\/v2\/product\/1414","targetHints":{"allow":["GET"]}}],"collection":[{"href":"https:\/\/yingmeipack.com\/it\/wp-json\/wp\/v2\/product"}],"about":[{"href":"https:\/\/yingmeipack.com\/it\/wp-json\/wp\/v2\/types\/product"}],"version-history":[{"count":4,"href":"https:\/\/yingmeipack.com\/it\/wp-json\/wp\/v2\/product\/1414\/revisions"}],"predecessor-version":[{"id":2153,"href":"https:\/\/yingmeipack.com\/it\/wp-json\/wp\/v2\/product\/1414\/revisions\/2153"}],"wp:featuredmedia":[{"embeddable":true,"href":"https:\/\/yingmeipack.com\/it\/wp-json\/wp\/v2\/media\/2152"}],"wp:attachment":[{"href":"https:\/\/yingmeipack.com\/it\/wp-json\/wp\/v2\/media?parent=1414"}],"wp:term":[{"taxonomy":"product_brand","embeddable":true,"href":"https:\/\/yingmeipack.com\/it\/wp-json\/wp\/v2\/product_brand?post=1414"},{"taxonomy":"product_cat","embeddable":true,"href":"https:\/\/yingmeipack.com\/it\/wp-json\/wp\/v2\/product_cat?post=1414"},{"taxonomy":"product_tag","embeddable":true,"href":"https:\/\/yingmeipack.com\/it\/wp-json\/wp\/v2\/product_tag?post=1414"}],"curies":[{"name":"wp","href":"https:\/\/api.w.org\/{rel}","templated":true}]}}