{"id":1407,"date":"2023-04-15T08:12:05","date_gmt":"2023-04-15T08:12:05","guid":{"rendered":"https:\/\/yingmeipack.com\/?post_type=product&#038;p=1407"},"modified":"2023-04-15T08:32:48","modified_gmt":"2023-04-15T08:32:48","slug":"biscuit-cake-tins-boxes-with-handle-for-gifts-tin-containers","status":"publish","type":"product","link":"https:\/\/yingmeipack.com\/it\/product\/biscuit-cake-tins-boxes-with-handle-for-gifts-tin-containers\/","title":{"rendered":"Scatole per torte biscotto con manico per regali contenitori di latta"},"content":{"rendered":"","protected":false},"excerpt":{"rendered":"<p>La nostra tecnologia di superficie pu\u00f2 fare serigrafia, stampa a colori, goffratura, incavatura, apertura di finestre e altri processi, e il colore e le dimensioni possono essere personalizzati.<\/p>\n<ul class=\"a-unordered-list a-vertical a-spacing-mini\">\n<li>Perfetto per Natale, matrimoni, fidanzamento, baby shower, festa di compleanno e molte altre celebrazioni o collezioni. Le scatole vuote per la conservazione dei biscotti sono realizzate in latta di alta qualit\u00e0, con disegni natalizi, per sottolineare l'atmosfera di festa.<br \/>\nModa e delicata scatola di caramelle quadrata con motivo natalizio, adatto per il Natale bene. Adorabile barattolo di caramelle per bambini, anche per le vacanze, Natale, regali.<br \/>\nBarattolo multi-caramella che pu\u00f2 essere riempito con regali, caramelle, foglie di t\u00e8, ecc. Pu\u00f2 essere utilizzato come contenitore per alimenti (biscotti, caramelle, biscotti, dolci), come contenitore per oggetti artigianali (artigianato), come regalo per i biscotti delle vacanze.<br \/>\nAdotta materiale in banda stagnata spessa, applica una tecnologia avanzata e la lavorazione \u00e8 eccellente. Perfetto per regali, biscotti fatti in casa e dolcetti durante le vacanze, o in qualsiasi momento dell'anno! Lattine di Natale per biscotto, caramelle Biscotto o altri regali<br \/>\nAdatto a contenere piccoli regali, oggetti di artigianato, cioccolato, caramelle, ecc. E fare una sorpresa memorabile per i vostri ospiti. Adatto a Natale, Capodanno, boutique, grandi magazzini, negozi di alimentari e tutti i tipi di regali, ecc.<\/li>\n<\/ul>","protected":false},"featured_media":1408,"template":"","meta":{"_kad_post_transparent":"default","_kad_post_title":"","_kad_post_layout":"default","_kad_post_sidebar_id":"","_kad_post_content_style":"default","_kad_post_vertical_padding":"default","_kad_post_feature":"","_kad_post_feature_position":"","_kad_post_header":false,"_kad_post_footer":false,"jetpack_publicize_message":"","jetpack_publicize_feature_enabled":true,"jetpack_social_post_already_shared":false,"jetpack_social_options":{"image_generator_settings":{"template":"highway","default_image_id":0,"enabled":false},"version":2}},"product_brand":[],"product_cat":[28,48,24,27,29],"product_tag":[297,295,296],"class_list":{"0":"post-1407","1":"product","2":"type-product","3":"status-publish","4":"has-post-thumbnail","6":"product_cat-aluminum-jars","7":"product_cat-box","8":"product_cat-jars","9":"product_cat-metal-jars","10":"product_cat-tinplate-jars","11":"product_tag-container-canister-empty-bakery-treat-boxes","12":"product_tag-cookie-gift-tins-jars","13":"product_tag-tinplate-candy-box","15":"first","16":"instock","17":"shipping-taxable","18":"product-type-simple","19":"entry","20":"content-bg","21":"loop-entry"},"aioseo_notices":[],"jetpack_publicize_connections":[],"jetpack_sharing_enabled":true,"_links":{"self":[{"href":"https:\/\/yingmeipack.com\/it\/wp-json\/wp\/v2\/product\/1407","targetHints":{"allow":["GET"]}}],"collection":[{"href":"https:\/\/yingmeipack.com\/it\/wp-json\/wp\/v2\/product"}],"about":[{"href":"https:\/\/yingmeipack.com\/it\/wp-json\/wp\/v2\/types\/product"}],"version-history":[{"count":1,"href":"https:\/\/yingmeipack.com\/it\/wp-json\/wp\/v2\/product\/1407\/revisions"}],"predecessor-version":[{"id":1412,"href":"https:\/\/yingmeipack.com\/it\/wp-json\/wp\/v2\/product\/1407\/revisions\/1412"}],"wp:featuredmedia":[{"embeddable":true,"href":"https:\/\/yingmeipack.com\/it\/wp-json\/wp\/v2\/media\/1408"}],"wp:attachment":[{"href":"https:\/\/yingmeipack.com\/it\/wp-json\/wp\/v2\/media?parent=1407"}],"wp:term":[{"taxonomy":"product_brand","embeddable":true,"href":"https:\/\/yingmeipack.com\/it\/wp-json\/wp\/v2\/product_brand?post=1407"},{"taxonomy":"product_cat","embeddable":true,"href":"https:\/\/yingmeipack.com\/it\/wp-json\/wp\/v2\/product_cat?post=1407"},{"taxonomy":"product_tag","embeddable":true,"href":"https:\/\/yingmeipack.com\/it\/wp-json\/wp\/v2\/product_tag?post=1407"}],"curies":[{"name":"wp","href":"https:\/\/api.w.org\/{rel}","templated":true}]}}