{"id":1196,"date":"2023-04-12T02:59:06","date_gmt":"2023-04-12T02:59:06","guid":{"rendered":"https:\/\/yingmeipack.com\/?post_type=product&#038;p=1196"},"modified":"2025-06-05T08:47:26","modified_gmt":"2025-06-05T08:47:26","slug":"3oz-cosmetic-aluminum-tin-beard-oil-hair-wax-skin-care-cream","status":"publish","type":"product","link":"https:\/\/yingmeipack.com\/it\/product\/3oz-cosmetic-aluminum-tin-beard-oil-hair-wax-skin-care-cream\/","title":{"rendered":"3oz Cosmetic Aluminum Tin olio di barba capelli cera crema cura della pelle"},"content":{"rendered":"","protected":false},"excerpt":{"rendered":"<ul class=\"a-unordered-list a-vertical a-spacing-mini\">\n<li><span class=\"a-list-item\">La confezione contiene: 90 barattoli di alluminio con coperchio a vite.<\/span><\/li>\n<li><span class=\"a-list-item\">Capacit\u00e0: 3 oz\/90ml, 68 mm<\/span><span class=\"a-list-item\">\"diametro x 42 mm di altezza.<\/span><\/li>\n<li><span class=\"a-list-item\">Materiale: Realizzata in alluminio metallico di alta qualit\u00e0, la lattina ha una bella forma, \u00e8 leggera ma resistente, non \u00e8 tossica, non ha un odore particolare ed \u00e8 sicura per il contatto con gli alimenti.<\/span><\/li>\n<li><span class=\"a-list-item\">Design a tenuta d'aria: La lattina in metallo e alluminio adotta una struttura di coperchio a vite a tenuta stagna, in grado di evitare efficacemente le perdite. \u00c8 possibile utilizzarle per tutti i tipi di conservazione senza preoccuparsi delle perdite.<\/span><\/li>\n<li><span class=\"a-list-item\">Applicazioni multiple: Queste scatole di latta in alluminio vuote possono essere ampiamente utilizzate per realizzare candele o conservare unguenti fai da te, stick per lozioni, creme, unguenti, balsami per la barba, balsami, campioni, foglie di t\u00e8, candele, perline, ecc. per soddisfare le vostre diverse esigenze. Questi piccoli barattoli di latta sono anche essenziali per i viaggi.<\/span><\/li>\n<\/ul>","protected":false},"featured_media":1197,"template":"","meta":{"_kad_post_transparent":"default","_kad_post_title":"","_kad_post_layout":"default","_kad_post_sidebar_id":"","_kad_post_content_style":"default","_kad_post_vertical_padding":"default","_kad_post_feature":"","_kad_post_feature_position":"","_kad_post_header":false,"_kad_post_footer":false,"jetpack_publicize_message":"","jetpack_publicize_feature_enabled":true,"jetpack_social_post_already_shared":false,"jetpack_social_options":{"image_generator_settings":{"template":"highway","default_image_id":0,"enabled":false},"version":2}},"product_brand":[],"product_cat":[28,24,27],"product_tag":[282,283,281],"class_list":{"0":"post-1196","1":"product","2":"type-product","3":"status-publish","4":"has-post-thumbnail","6":"product_cat-aluminum-jars","7":"product_cat-jars","8":"product_cat-metal-jars","9":"product_tag-aluminum-jar","10":"product_tag-aluminum-wax-tins","11":"product_tag-empty-metal-cans","13":"first","14":"instock","15":"shipping-taxable","16":"purchasable","17":"product-type-simple","18":"entry","19":"content-bg","20":"loop-entry"},"aioseo_notices":[],"jetpack_publicize_connections":[],"jetpack_sharing_enabled":true,"_links":{"self":[{"href":"https:\/\/yingmeipack.com\/it\/wp-json\/wp\/v2\/product\/1196","targetHints":{"allow":["GET"]}}],"collection":[{"href":"https:\/\/yingmeipack.com\/it\/wp-json\/wp\/v2\/product"}],"about":[{"href":"https:\/\/yingmeipack.com\/it\/wp-json\/wp\/v2\/types\/product"}],"version-history":[{"count":1,"href":"https:\/\/yingmeipack.com\/it\/wp-json\/wp\/v2\/product\/1196\/revisions"}],"predecessor-version":[{"id":1202,"href":"https:\/\/yingmeipack.com\/it\/wp-json\/wp\/v2\/product\/1196\/revisions\/1202"}],"wp:featuredmedia":[{"embeddable":true,"href":"https:\/\/yingmeipack.com\/it\/wp-json\/wp\/v2\/media\/1197"}],"wp:attachment":[{"href":"https:\/\/yingmeipack.com\/it\/wp-json\/wp\/v2\/media?parent=1196"}],"wp:term":[{"taxonomy":"product_brand","embeddable":true,"href":"https:\/\/yingmeipack.com\/it\/wp-json\/wp\/v2\/product_brand?post=1196"},{"taxonomy":"product_cat","embeddable":true,"href":"https:\/\/yingmeipack.com\/it\/wp-json\/wp\/v2\/product_cat?post=1196"},{"taxonomy":"product_tag","embeddable":true,"href":"https:\/\/yingmeipack.com\/it\/wp-json\/wp\/v2\/product_tag?post=1196"}],"curies":[{"name":"wp","href":"https:\/\/api.w.org\/{rel}","templated":true}]}}