{"id":1120,"date":"2023-04-11T02:25:16","date_gmt":"2023-04-11T02:25:16","guid":{"rendered":"https:\/\/yingmeipack.com\/?post_type=product&#038;p=1120"},"modified":"2025-06-05T09:00:16","modified_gmt":"2025-06-05T09:00:16","slug":"20g-empty-round-metal-tin-aluminum-candle-jar-with-slip-lid","status":"publish","type":"product","link":"https:\/\/yingmeipack.com\/it\/product\/20g-empty-round-metal-tin-aluminum-candle-jar-with-slip-lid\/","title":{"rendered":"25g vuoto rotondo metallo stagno alluminio candela barattolo con coperchio di slittamento"},"content":{"rendered":"","protected":false},"excerpt":{"rendered":"<ul class=\"a-unordered-list a-vertical a-spacing-mini\">\n<li><span class=\"a-list-item\">Contenitore per crema trucco Ruond: Queste scatole regalo sono durevoli, resistenti all'usura e alla caduta. Una scatola da imballaggio per Natale, compleanno, matrimonio,<\/span><\/li>\n<li><span class=\"a-list-item\">Lattina rotonda in alluminio per candele: La lattina \u00e8 un contenitore vuoto con design rotondo, che pu\u00f2 ridurre il rischio di ferire le persone, facile e sicuro da aprire e chiudere.<\/span><\/li>\n<li><span class=\"a-list-item\">Scatole di metallo rotonde: Possono essere utilizzate per confezionare scatole come quelle per il t\u00e8, per le caramelle e per i gioielli,<\/span><\/li>\n<li><span class=\"a-list-item\">Lattine per foglie di t\u00e8: Realizzati in alluminio, non facili da rompere, che vi serviranno per un periodo, hanno una superficie liscia che pu\u00f2 essere messa insieme per un uso conveniente.<\/span><\/li>\n<li><span class=\"a-list-item\">Barattoli contenitori per campioni cosmetici: Costruzione senza cuciture, resistente, facile da trasportare e da usare. Progetti di candele fai da te.<\/span><\/li>\n<\/ul>\n<p>Questo barattolo in alluminio con coperchio a vite \u00e8 realizzato con materiali per uso alimentare e la dimensione \u00e8 di 45*18*0,3 mm. La confezione sfusa soddisfa gli usi pi\u00f9 disparati. Struttura del coperchio a vite a tenuta stagna con un cuscinetto di schiuma sotto il coperchio interno che impedisce efficacemente le perdite. Realizzate in alluminio, leggere ma resistenti, facili da trasportare. Queste scatole di latta non hanno spigoli vivi, tutti i bordi sono arrotondati e formati senza soluzione di continuit\u00e0. Il materiale pu\u00f2 essere riciclato o riutilizzato. Ottimi contenitori per balsami per labbra, lucidalabbra, creme, cosmetici, pomate, pillole, perline, viti, caramelle, bottoni, monete, erbe, t\u00e8, candele e molto altro. Sono adatti anche per conservare la melma, per fare candele e per il bricolage.<\/p>","protected":false},"featured_media":1121,"template":"","meta":{"_kad_post_transparent":"default","_kad_post_title":"","_kad_post_layout":"default","_kad_post_sidebar_id":"","_kad_post_content_style":"default","_kad_post_vertical_padding":"default","_kad_post_feature":"","_kad_post_feature_position":"","_kad_post_header":false,"_kad_post_footer":false,"jetpack_publicize_message":"","jetpack_publicize_feature_enabled":true,"jetpack_social_post_already_shared":false,"jetpack_social_options":{"image_generator_settings":{"template":"highway","default_image_id":0,"enabled":false},"version":2}},"product_brand":[],"product_cat":[28,24,27],"product_tag":[291,282,283,281],"class_list":{"0":"post-1120","1":"product","2":"type-product","3":"status-publish","4":"has-post-thumbnail","6":"product_cat-aluminum-jars","7":"product_cat-jars","8":"product_cat-metal-jars","9":"product_tag-20g-aluminum-jar","10":"product_tag-aluminum-jar","11":"product_tag-aluminum-wax-tins","12":"product_tag-empty-metal-cans","14":"first","15":"instock","16":"shipping-taxable","17":"purchasable","18":"product-type-simple","19":"entry","20":"content-bg","21":"loop-entry"},"aioseo_notices":[],"jetpack_publicize_connections":[],"jetpack_sharing_enabled":true,"_links":{"self":[{"href":"https:\/\/yingmeipack.com\/it\/wp-json\/wp\/v2\/product\/1120","targetHints":{"allow":["GET"]}}],"collection":[{"href":"https:\/\/yingmeipack.com\/it\/wp-json\/wp\/v2\/product"}],"about":[{"href":"https:\/\/yingmeipack.com\/it\/wp-json\/wp\/v2\/types\/product"}],"version-history":[{"count":3,"href":"https:\/\/yingmeipack.com\/it\/wp-json\/wp\/v2\/product\/1120\/revisions"}],"predecessor-version":[{"id":1749,"href":"https:\/\/yingmeipack.com\/it\/wp-json\/wp\/v2\/product\/1120\/revisions\/1749"}],"wp:featuredmedia":[{"embeddable":true,"href":"https:\/\/yingmeipack.com\/it\/wp-json\/wp\/v2\/media\/1121"}],"wp:attachment":[{"href":"https:\/\/yingmeipack.com\/it\/wp-json\/wp\/v2\/media?parent=1120"}],"wp:term":[{"taxonomy":"product_brand","embeddable":true,"href":"https:\/\/yingmeipack.com\/it\/wp-json\/wp\/v2\/product_brand?post=1120"},{"taxonomy":"product_cat","embeddable":true,"href":"https:\/\/yingmeipack.com\/it\/wp-json\/wp\/v2\/product_cat?post=1120"},{"taxonomy":"product_tag","embeddable":true,"href":"https:\/\/yingmeipack.com\/it\/wp-json\/wp\/v2\/product_tag?post=1120"}],"curies":[{"name":"wp","href":"https:\/\/api.w.org\/{rel}","templated":true}]}}