{"id":699,"date":"2022-11-27T02:47:54","date_gmt":"2022-11-27T02:47:54","guid":{"rendered":"https:\/\/yingmeipack.com\/?post_type=product&#038;p=699"},"modified":"2022-11-27T07:08:41","modified_gmt":"2022-11-27T07:08:41","slug":"custom-hexagon-black-metal-tin-container-with-flip-cover-lid","status":"publish","type":"product","link":"https:\/\/yingmeipack.com\/fr\/product\/custom-hexagon-black-metal-tin-container-with-flip-cover-lid\/","title":{"rendered":"R\u00e9cipient en fer-blanc noir hexagonal personnalis\u00e9 avec couvercle \u00e0 rabat"},"content":{"rendered":"","protected":false},"excerpt":{"rendered":"<p>R\u00e9cipients en fer-blanc (acier) de forme hexagonale \u00e0 six c\u00f4t\u00e9s, avec couvercles \u00e0 enfiler. Les bo\u00eetes n'ont pas d'ar\u00eates vives, toutes les ar\u00eates sont arrondies et sont form\u00e9es de m\u00e9tal de 0,24 mm. Le prix comprend le conteneur et le couvercle, qui sont exp\u00e9di\u00e9s assembl\u00e9s. Les dimensions sont des mesures ext\u00e9rieures point \u00e0 point. Nos bo\u00eetes de conserve sont fabriqu\u00e9es en acier 100% et n'ont pas de rev\u00eatement int\u00e9rieur en plastique. Les substances caustiques peuvent donc faire rouiller l'acier. Les substances caustiques peuvent donc faire rouiller l'acier. Cette bo\u00eete de conserve hexagonale en m\u00e9tal est fabriqu\u00e9e en fer \u00e9tam\u00e9 de qualit\u00e9 alimentaire. La taille est de 70*70*70mm. La micro-\u00e9tiquette et la taille peuvent \u00eatre personnalis\u00e9es. Il s'agit d'une bo\u00eete en trois parties, avec un couvercle ind\u00e9pendant et une structure de fond en gong, qui utilise la technologie d'impression CMYK. La structure ind\u00e9pendante du couvercle est facile \u00e0 ouvrir et \u00e0 fermer.<\/p>","protected":false},"featured_media":700,"template":"","meta":{"_kad_post_transparent":"default","_kad_post_title":"","_kad_post_layout":"default","_kad_post_sidebar_id":"","_kad_post_content_style":"default","_kad_post_vertical_padding":"default","_kad_post_feature":"","_kad_post_feature_position":"","_kad_post_header":false,"_kad_post_footer":false,"jetpack_publicize_message":"","jetpack_publicize_feature_enabled":true,"jetpack_social_post_already_shared":false,"jetpack_social_options":{"image_generator_settings":{"template":"highway","default_image_id":0,"enabled":false},"version":2}},"product_brand":[],"product_cat":[24,27,29],"product_tag":[271,273,272],"class_list":{"0":"post-699","1":"product","2":"type-product","3":"status-publish","4":"has-post-thumbnail","6":"product_cat-jars","7":"product_cat-metal-jars","8":"product_cat-tinplate-jars","9":"product_tag-hexagon-black-metal-tin","10":"product_tag-hexagon-metal-container","11":"product_tag-hexagon-metal-tin","13":"first","14":"instock","15":"shipping-taxable","16":"product-type-simple","17":"entry","18":"content-bg","19":"loop-entry"},"aioseo_notices":[],"jetpack_publicize_connections":[],"jetpack_sharing_enabled":true,"_links":{"self":[{"href":"https:\/\/yingmeipack.com\/fr\/wp-json\/wp\/v2\/product\/699","targetHints":{"allow":["GET"]}}],"collection":[{"href":"https:\/\/yingmeipack.com\/fr\/wp-json\/wp\/v2\/product"}],"about":[{"href":"https:\/\/yingmeipack.com\/fr\/wp-json\/wp\/v2\/types\/product"}],"version-history":[{"count":1,"href":"https:\/\/yingmeipack.com\/fr\/wp-json\/wp\/v2\/product\/699\/revisions"}],"predecessor-version":[{"id":706,"href":"https:\/\/yingmeipack.com\/fr\/wp-json\/wp\/v2\/product\/699\/revisions\/706"}],"wp:featuredmedia":[{"embeddable":true,"href":"https:\/\/yingmeipack.com\/fr\/wp-json\/wp\/v2\/media\/700"}],"wp:attachment":[{"href":"https:\/\/yingmeipack.com\/fr\/wp-json\/wp\/v2\/media?parent=699"}],"wp:term":[{"taxonomy":"product_brand","embeddable":true,"href":"https:\/\/yingmeipack.com\/fr\/wp-json\/wp\/v2\/product_brand?post=699"},{"taxonomy":"product_cat","embeddable":true,"href":"https:\/\/yingmeipack.com\/fr\/wp-json\/wp\/v2\/product_cat?post=699"},{"taxonomy":"product_tag","embeddable":true,"href":"https:\/\/yingmeipack.com\/fr\/wp-json\/wp\/v2\/product_tag?post=699"}],"curies":[{"name":"wp","href":"https:\/\/api.w.org\/{rel}","templated":true}]}}