{"id":683,"date":"2022-11-26T14:33:50","date_gmt":"2022-11-26T14:33:50","guid":{"rendered":"https:\/\/yingmeipack.com\/?post_type=product&#038;p=683"},"modified":"2022-11-26T15:37:15","modified_gmt":"2022-11-26T15:37:15","slug":"frosted-foaming-dispenser-travel-soap-bottle-for-cleaning","status":"publish","type":"product","link":"https:\/\/yingmeipack.com\/fr\/product\/frosted-foaming-dispenser-travel-soap-bottle-for-cleaning\/","title":{"rendered":"Distributeur de mousse givr\u00e9 Bouteille de savon de voyage pour le nettoyage"},"content":{"rendered":"","protected":false},"excerpt":{"rendered":"<p>Ce flacon vide de mousse nettoyante est inodore et fabriqu\u00e9 en plastique PET (sans BPA). Le distributeur de mousse est rechargeable, r\u00e9utilisable et durable. L'ensemble comprend 4 bouteilles \u00e0 pompe vides, faciles \u00e0 transporter. Juste ce qu'il vous faut pour vos voyages lorsque vous voulez apporter vos propres liquides moussants ! Vous pouvez utiliser les bouteilles de voyage pour \u00e9conomiser le d\u00e9tergent, s'adapter \u00e0 n'importe quel endroit. Id\u00e9al pour le d\u00e9sinfectant moussant pour les mains, le nettoyant pour cils, la cr\u00e8me de douche, le lait de toilette, le d\u00e9tergent, le shampoing, le gel douche, etc. Le flacon-pompe \u00e0 mousse permet d'obtenir une mousse abondante. Le flacon-pompe \u00e0 mousse permet d'obtenir une mousse abondante, pour une exp\u00e9rience de bain plus confortable. Le filetage serr\u00e9 et la conception de la douille de la bouteille emp\u00eachent toute fuite, vous pouvez donc mettre la bouteille de voyage en mousse en toute s\u00e9curit\u00e9 dans le sac sans vous soucier des fuites de liquide. Les flacons moussants vides peuvent \u00eatre utilis\u00e9s \u00e0 la maison, dans la cuisine, dans la salle de bain, au bureau, en voyage d'affaires ou en vacances.<\/p>","protected":false},"featured_media":684,"template":"","meta":{"_kad_post_transparent":"default","_kad_post_title":"","_kad_post_layout":"default","_kad_post_sidebar_id":"","_kad_post_content_style":"default","_kad_post_vertical_padding":"default","_kad_post_feature":"","_kad_post_feature_position":"","_kad_post_header":false,"_kad_post_footer":false,"jetpack_publicize_message":"","jetpack_publicize_feature_enabled":true,"jetpack_social_post_already_shared":false,"jetpack_social_options":{"image_generator_settings":{"template":"highway","default_image_id":0,"enabled":false},"version":2}},"product_brand":[],"product_cat":[31],"product_tag":[267,264,266,265],"class_list":{"0":"post-683","1":"product","2":"type-product","3":"status-publish","4":"has-post-thumbnail","6":"product_cat-foamer-bottles","7":"product_tag-dispenser-travel-bottle","8":"product_tag-foaming-dispenser-bottle","9":"product_tag-frosted-foaming-bottle","10":"product_tag-travel-soap-bottle","12":"first","13":"instock","14":"shipping-taxable","15":"product-type-simple","16":"entry","17":"content-bg","18":"loop-entry"},"aioseo_notices":[],"jetpack_publicize_connections":[],"jetpack_sharing_enabled":true,"_links":{"self":[{"href":"https:\/\/yingmeipack.com\/fr\/wp-json\/wp\/v2\/product\/683","targetHints":{"allow":["GET"]}}],"collection":[{"href":"https:\/\/yingmeipack.com\/fr\/wp-json\/wp\/v2\/product"}],"about":[{"href":"https:\/\/yingmeipack.com\/fr\/wp-json\/wp\/v2\/types\/product"}],"version-history":[{"count":1,"href":"https:\/\/yingmeipack.com\/fr\/wp-json\/wp\/v2\/product\/683\/revisions"}],"predecessor-version":[{"id":689,"href":"https:\/\/yingmeipack.com\/fr\/wp-json\/wp\/v2\/product\/683\/revisions\/689"}],"wp:featuredmedia":[{"embeddable":true,"href":"https:\/\/yingmeipack.com\/fr\/wp-json\/wp\/v2\/media\/684"}],"wp:attachment":[{"href":"https:\/\/yingmeipack.com\/fr\/wp-json\/wp\/v2\/media?parent=683"}],"wp:term":[{"taxonomy":"product_brand","embeddable":true,"href":"https:\/\/yingmeipack.com\/fr\/wp-json\/wp\/v2\/product_brand?post=683"},{"taxonomy":"product_cat","embeddable":true,"href":"https:\/\/yingmeipack.com\/fr\/wp-json\/wp\/v2\/product_cat?post=683"},{"taxonomy":"product_tag","embeddable":true,"href":"https:\/\/yingmeipack.com\/fr\/wp-json\/wp\/v2\/product_tag?post=683"}],"curies":[{"name":"wp","href":"https:\/\/api.w.org\/{rel}","templated":true}]}}