{"id":673,"date":"2022-11-26T10:42:28","date_gmt":"2022-11-26T10:42:28","guid":{"rendered":"https:\/\/yingmeipack.com\/?post_type=product&#038;p=673"},"modified":"2025-06-05T09:13:26","modified_gmt":"2025-06-05T09:13:26","slug":"300ml-10oz-black-aluminum-round-tin-container-with-screw-lid","status":"publish","type":"product","link":"https:\/\/yingmeipack.com\/fr\/product\/300ml-10oz-black-aluminum-round-tin-container-with-screw-lid\/","title":{"rendered":"300ml 10oz R\u00e9cipient rond en aluminium noir avec couvercle \u00e0 vis"},"content":{"rendered":"","protected":false},"excerpt":{"rendered":"<p>Nous proposons une grande vari\u00e9t\u00e9 de pots. Chaque bocal est l\u00e9ger et compact, et certains bocaux sont approuv\u00e9s par le TSA, ce qui facilite les voyages et permet de contenir tout ce dont vous avez besoin. Nos bocaux standard \u00e0 couvercle rond sont les bocaux en aluminium que nous proposons. Ils sont fabriqu\u00e9s en alliage d'aluminium non toxique et sans BPA, avec des couvercles disponibles en diff\u00e9rentes tailles, un joint en mousse blanche et des couvercles color\u00e9s en diff\u00e9rentes quantit\u00e9s. Ils ne sont pas totalement \u00e9tanches, mais ils peuvent contenir des paillettes, des breloques, etc. Ces pots sont r\u00e9utilisables apr\u00e8s lavage et sont parfaits pour un usage professionnel ou personnel ! Nous avons deux types de pots diff\u00e9rents pour une utilisation universelle ! Il peut \u00eatre tr\u00e8s facile de confondre les deux bocaux \u00e0 couvercle color\u00e9, cependant, si vous regardez de pr\u00e8s, les bocaux seront soit arrondis dans les coins de leurs couvercles, soit avec un bord tranchant. Tous les bocaux comprennent un fond en aluminium, un joint en mousse et un couvercle m\u00e9tallique \u00e0 vis.<\/p>\n<div style=\"width: 1280px;\" class=\"wp-video\"><!--[if lt IE 9]><script>document.createElement('video');<\/script><![endif]--><br \/>\n<video class=\"wp-video-shortcode\" id=\"video-673-1\" width=\"1280\" height=\"720\" loop autoplay preload=\"auto\" controls=\"controls\"><source type=\"video\/mp4\" src=\"http:\/\/yingmeipack.com\/wp-content\/uploads\/2022\/11\/Black-Aluminum-Container-with-Screw-Lid.mp4?_=1\" \/><a href=\"http:\/\/yingmeipack.com\/wp-content\/uploads\/2022\/11\/Black-Aluminum-Container-with-Screw-Lid.mp4\">http:\/\/yingmeipack.com\/wp-content\/uploads\/2022\/11\/Black-Aluminum-Container-with-Screw-Lid.mp4<\/a><\/video><\/div>","protected":false},"featured_media":675,"template":"","meta":{"_kad_post_transparent":"default","_kad_post_title":"","_kad_post_layout":"default","_kad_post_sidebar_id":"","_kad_post_content_style":"default","_kad_post_vertical_padding":"default","_kad_post_feature":"","_kad_post_feature_position":"","_kad_post_header":false,"_kad_post_footer":false,"jetpack_publicize_message":"","jetpack_publicize_feature_enabled":true,"jetpack_social_post_already_shared":false,"jetpack_social_options":{"image_generator_settings":{"template":"highway","default_image_id":0,"enabled":false},"version":2}},"product_brand":[],"product_cat":[28,24,27],"product_tag":[263,262,253,252],"class_list":{"0":"post-673","1":"product","2":"type-product","3":"status-publish","4":"has-post-thumbnail","6":"product_cat-aluminum-jars","7":"product_cat-jars","8":"product_cat-metal-jars","9":"product_tag-10oz-black-aluminum-container","10":"product_tag-300ml-black-aluminum-container","11":"product_tag-aluminum-round-container","12":"product_tag-aluminum-round-tin","14":"first","15":"instock","16":"shipping-taxable","17":"purchasable","18":"product-type-simple","19":"entry","20":"content-bg","21":"loop-entry"},"aioseo_notices":[],"jetpack_publicize_connections":[],"jetpack_sharing_enabled":true,"_links":{"self":[{"href":"https:\/\/yingmeipack.com\/fr\/wp-json\/wp\/v2\/product\/673","targetHints":{"allow":["GET"]}}],"collection":[{"href":"https:\/\/yingmeipack.com\/fr\/wp-json\/wp\/v2\/product"}],"about":[{"href":"https:\/\/yingmeipack.com\/fr\/wp-json\/wp\/v2\/types\/product"}],"version-history":[{"count":1,"href":"https:\/\/yingmeipack.com\/fr\/wp-json\/wp\/v2\/product\/673\/revisions"}],"predecessor-version":[{"id":682,"href":"https:\/\/yingmeipack.com\/fr\/wp-json\/wp\/v2\/product\/673\/revisions\/682"}],"wp:featuredmedia":[{"embeddable":true,"href":"https:\/\/yingmeipack.com\/fr\/wp-json\/wp\/v2\/media\/675"}],"wp:attachment":[{"href":"https:\/\/yingmeipack.com\/fr\/wp-json\/wp\/v2\/media?parent=673"}],"wp:term":[{"taxonomy":"product_brand","embeddable":true,"href":"https:\/\/yingmeipack.com\/fr\/wp-json\/wp\/v2\/product_brand?post=673"},{"taxonomy":"product_cat","embeddable":true,"href":"https:\/\/yingmeipack.com\/fr\/wp-json\/wp\/v2\/product_cat?post=673"},{"taxonomy":"product_tag","embeddable":true,"href":"https:\/\/yingmeipack.com\/fr\/wp-json\/wp\/v2\/product_tag?post=673"}],"curies":[{"name":"wp","href":"https:\/\/api.w.org\/{rel}","templated":true}]}}