{"id":652,"date":"2022-11-26T07:44:38","date_gmt":"2022-11-26T07:44:38","guid":{"rendered":"https:\/\/yingmeipack.com\/?post_type=product&#038;p=652"},"modified":"2025-06-05T09:16:59","modified_gmt":"2025-06-05T09:16:59","slug":"120ml-4oz-aluminum-round-tin-container-jar-with-clear-window","status":"publish","type":"product","link":"https:\/\/yingmeipack.com\/fr\/product\/120ml-4oz-aluminum-round-tin-container-jar-with-clear-window\/","title":{"rendered":"120ml 4oz Aluminum Round Tin Container Jar with Clear Window (bocal en aluminium avec fen\u00eatre transparente)"},"content":{"rendered":"","protected":false},"excerpt":{"rendered":"<p>CONTENANTS \u00c0 GLISSE - Un bon contenant pour ranger les fournitures de bricolage et les petits articles tels que les bougies, la cr\u00e8me de maquillage, les bonbons, etc.<br \/>\nBO\u00ceTE \u00c0 BOUGIE RONDE EN ALUMINIUM-Construction sans joint, durable, facile \u00e0 transporter et \u00e0 utiliser. Parfait pour les projets de fabrication de bougies.<br \/>\nBo\u00eetes de conserve rondes en aluminium Avec des fen\u00eatres transparentes sur le couvercle, vous pouvez v\u00e9rifier les articles \u00e0 l'int\u00e9rieur de fa\u00e7on pratique et sans ouvrir le couvercle.<br \/>\nMAKEUP RUOND CREAM CONTAINER- TRAVEL CREAM CONTAINERS- Fabriqu\u00e9s en aluminium, ils ne se cassent pas facilement et vous serviront longtemps. Ils ont une surface lisse et peuvent \u00eatre plac\u00e9s les uns \u00e0 c\u00f4t\u00e9 des autres pour une utilisation pratique.<br \/>\nPORTE-BOUTEAUX TEALIGHT - Ces bo\u00eetes cadeaux sont durables, r\u00e9sistantes \u00e0 l'usure et aux chutes. Un emballage cadeau id\u00e9al pour No\u00ebl, les anniversaires, les mariages, etc.<\/p>\n<div style=\"width: 1280px;\" class=\"wp-video\"><!--[if lt IE 9]><script>document.createElement('video');<\/script><![endif]--><br \/>\n<video class=\"wp-video-shortcode\" id=\"video-652-1\" width=\"1280\" height=\"720\" loop autoplay preload=\"metadata\" controls=\"controls\"><source type=\"video\/mp4\" src=\"http:\/\/yingmeipack.com\/wp-content\/uploads\/2022\/11\/Aluminum-Cosmetics-Jar.mp4?_=1\" \/><a href=\"http:\/\/yingmeipack.com\/wp-content\/uploads\/2022\/11\/Aluminum-Cosmetics-Jar.mp4\">http:\/\/yingmeipack.com\/wp-content\/uploads\/2022\/11\/Aluminum-Cosmetics-Jar.mp4<\/a><\/video><\/div>","protected":false},"featured_media":653,"template":"","meta":{"_kad_post_transparent":"default","_kad_post_title":"","_kad_post_layout":"default","_kad_post_sidebar_id":"","_kad_post_content_style":"default","_kad_post_vertical_padding":"default","_kad_post_feature":"","_kad_post_feature_position":"","_kad_post_header":false,"_kad_post_footer":false,"jetpack_publicize_message":"","jetpack_publicize_feature_enabled":true,"jetpack_social_post_already_shared":false,"jetpack_social_options":{"image_generator_settings":{"template":"highway","default_image_id":0,"enabled":false},"version":2}},"product_brand":[],"product_cat":[28,24,27],"product_tag":[250,251,254,253,252],"class_list":{"0":"post-652","1":"product","2":"type-product","3":"status-publish","4":"has-post-thumbnail","6":"product_cat-aluminum-jars","7":"product_cat-jars","8":"product_cat-metal-jars","9":"product_tag-120ml-aluminum-jar","10":"product_tag-4oz-aluminum-jar","11":"product_tag-aluminum-jar-with-clear-window","12":"product_tag-aluminum-round-container","13":"product_tag-aluminum-round-tin","15":"first","16":"instock","17":"shipping-taxable","18":"purchasable","19":"product-type-simple","20":"entry","21":"content-bg","22":"loop-entry"},"aioseo_notices":[],"jetpack_publicize_connections":[],"jetpack_sharing_enabled":true,"_links":{"self":[{"href":"https:\/\/yingmeipack.com\/fr\/wp-json\/wp\/v2\/product\/652","targetHints":{"allow":["GET"]}}],"collection":[{"href":"https:\/\/yingmeipack.com\/fr\/wp-json\/wp\/v2\/product"}],"about":[{"href":"https:\/\/yingmeipack.com\/fr\/wp-json\/wp\/v2\/types\/product"}],"version-history":[{"count":1,"href":"https:\/\/yingmeipack.com\/fr\/wp-json\/wp\/v2\/product\/652\/revisions"}],"predecessor-version":[{"id":659,"href":"https:\/\/yingmeipack.com\/fr\/wp-json\/wp\/v2\/product\/652\/revisions\/659"}],"wp:featuredmedia":[{"embeddable":true,"href":"https:\/\/yingmeipack.com\/fr\/wp-json\/wp\/v2\/media\/653"}],"wp:attachment":[{"href":"https:\/\/yingmeipack.com\/fr\/wp-json\/wp\/v2\/media?parent=652"}],"wp:term":[{"taxonomy":"product_brand","embeddable":true,"href":"https:\/\/yingmeipack.com\/fr\/wp-json\/wp\/v2\/product_brand?post=652"},{"taxonomy":"product_cat","embeddable":true,"href":"https:\/\/yingmeipack.com\/fr\/wp-json\/wp\/v2\/product_cat?post=652"},{"taxonomy":"product_tag","embeddable":true,"href":"https:\/\/yingmeipack.com\/fr\/wp-json\/wp\/v2\/product_tag?post=652"}],"curies":[{"name":"wp","href":"https:\/\/api.w.org\/{rel}","templated":true}]}}