{"id":640,"date":"2022-11-26T05:02:14","date_gmt":"2022-11-26T05:02:14","guid":{"rendered":"https:\/\/yingmeipack.com\/?post_type=product&#038;p=640"},"modified":"2022-11-26T07:26:33","modified_gmt":"2022-11-26T07:26:33","slug":"customizable-brushed-gold-aluminum-screw-cap-with-foam-liner","status":"publish","type":"product","link":"https:\/\/yingmeipack.com\/fr\/product\/customizable-brushed-gold-aluminum-screw-cap-with-foam-liner\/","title":{"rendered":"Bouchon \u00e0 vis personnalisable en aluminium bross\u00e9 dor\u00e9 avec doublure en mousse"},"content":{"rendered":"","protected":false},"excerpt":{"rendered":"<p>Bouchon \u00e0 vis en aluminium dor\u00e9 avec options de doublure personnalisables, y compris mousse PE, joint en mousse, p\u00e2te et aluminium, joint thermique, feuille d'aluminium, joint sensible \u00e0 la pression, p\u00e2te et poly, et plastisol. Ces bouchons sont fabriqu\u00e9s en Chine sur commande. Veuillez pr\u00e9voir un d\u00e9lai de 1 \u00e0 2 semaines pour la fabrication et l'installation r\u00e9guli\u00e8re de la doublure. Pour les commandes de 5 cartons ou plus, veuillez nous contacter pour conna\u00eetre les d\u00e9lais de production avant de passer commande. De nombreux facteurs doivent \u00eatre pris en compte lors du choix d'une doublure pour votre produit. Nous avons rassembl\u00e9 ci-dessous quelques lignes directrices g\u00e9n\u00e9rales et des exemples d'utilisation courante. Veuillez noter qu'il s'agit de lignes directrices g\u00e9n\u00e9rales et non de recommandations sp\u00e9cifiques.<\/p>","protected":false},"featured_media":641,"template":"","meta":{"_kad_post_transparent":"default","_kad_post_title":"","_kad_post_layout":"default","_kad_post_sidebar_id":"","_kad_post_content_style":"default","_kad_post_vertical_padding":"default","_kad_post_feature":"","_kad_post_feature_position":"","_kad_post_header":false,"_kad_post_footer":false,"jetpack_publicize_message":"","jetpack_publicize_feature_enabled":true,"jetpack_social_post_already_shared":false,"jetpack_social_options":{"image_generator_settings":{"template":"highway","default_image_id":0,"enabled":false},"version":2}},"product_brand":[],"product_cat":[34],"product_tag":[189,249,248,247],"class_list":{"0":"post-640","1":"product","2":"type-product","3":"status-publish","4":"has-post-thumbnail","6":"product_cat-caps","7":"product_tag-aluminum-screw-cap","8":"product_tag-aluminum-screw-cap-with-foam-liner","9":"product_tag-brushed-aluminum-screw-cap","10":"product_tag-gold-aluminum-screw-cap","12":"first","13":"instock","14":"shipping-taxable","15":"product-type-simple","16":"entry","17":"content-bg","18":"loop-entry"},"aioseo_notices":[],"jetpack_publicize_connections":[],"jetpack_sharing_enabled":true,"_links":{"self":[{"href":"https:\/\/yingmeipack.com\/fr\/wp-json\/wp\/v2\/product\/640","targetHints":{"allow":["GET"]}}],"collection":[{"href":"https:\/\/yingmeipack.com\/fr\/wp-json\/wp\/v2\/product"}],"about":[{"href":"https:\/\/yingmeipack.com\/fr\/wp-json\/wp\/v2\/types\/product"}],"version-history":[{"count":2,"href":"https:\/\/yingmeipack.com\/fr\/wp-json\/wp\/v2\/product\/640\/revisions"}],"predecessor-version":[{"id":649,"href":"https:\/\/yingmeipack.com\/fr\/wp-json\/wp\/v2\/product\/640\/revisions\/649"}],"wp:featuredmedia":[{"embeddable":true,"href":"https:\/\/yingmeipack.com\/fr\/wp-json\/wp\/v2\/media\/641"}],"wp:attachment":[{"href":"https:\/\/yingmeipack.com\/fr\/wp-json\/wp\/v2\/media?parent=640"}],"wp:term":[{"taxonomy":"product_brand","embeddable":true,"href":"https:\/\/yingmeipack.com\/fr\/wp-json\/wp\/v2\/product_brand?post=640"},{"taxonomy":"product_cat","embeddable":true,"href":"https:\/\/yingmeipack.com\/fr\/wp-json\/wp\/v2\/product_cat?post=640"},{"taxonomy":"product_tag","embeddable":true,"href":"https:\/\/yingmeipack.com\/fr\/wp-json\/wp\/v2\/product_tag?post=640"}],"curies":[{"name":"wp","href":"https:\/\/api.w.org\/{rel}","templated":true}]}}