{"id":629,"date":"2022-11-26T03:23:27","date_gmt":"2022-11-26T03:23:27","guid":{"rendered":"https:\/\/yingmeipack.com\/?post_type=product&#038;p=629"},"modified":"2022-11-26T05:00:46","modified_gmt":"2022-11-26T05:00:46","slug":"brushed-gold-smooth-metal-shelled-jar-caps-with-foam-liner","status":"publish","type":"product","link":"https:\/\/yingmeipack.com\/fr\/product\/brushed-gold-smooth-metal-shelled-jar-caps-with-foam-liner\/","title":{"rendered":"Bouchons de bocaux en m\u00e9tal lisse or bross\u00e9 avec doublure en mousse"},"content":{"rendered":"","protected":false},"excerpt":{"rendered":"<p>Bouchon \u00e0 filets continus, lisse, \u00e0 coque m\u00e9tallique, de couleur or bross\u00e9, avec une finition de col 58-400 et une doublure en mousse. Utilis\u00e9 couramment pour les produits alimentaires, les lotions, les savons, les cr\u00e8mes et les produits de soins personnels. Les bouchons \u00e0 filetage continu sont populaires dans une large gamme d'industries de gros, de l'alimentation, des soins personnels, des soins pour animaux, des produits m\u00e9nagers, des produits industriels, de la sant\u00e9 et de la beaut\u00e9, de l'art, de l'artisanat, des loisirs et de tout autre segment de march\u00e9. Ce bouchon en polypropyl\u00e8ne (PP) a une haute tol\u00e9rance \u00e0 la chaleur et est tr\u00e8s durable.<br \/>\nLes doublures en mousse sont compatibles avec de nombreuses substances, elles constituent une option \u00e9conomique et peuvent \u00e9galement \u00eatre utilis\u00e9es pour prendre de la place sur le dessus du bouchon lorsque le fil du col n'est pas assez haut pour obtenir une fermeture \u00e9tanche. Les doublures sont un aspect important de chaque bouchon \u00e0 filetage continu et les produits doivent \u00eatre test\u00e9s avec le bouchon pour d\u00e9terminer la doublure qui conviendra le mieux. Les doublures en mousse ne cr\u00e9ent pas de joints \u00e9tanches.<\/p>\n<div style=\"width: 1290px;\" class=\"wp-video\"><!--[if lt IE 9]><script>document.createElement('video');<\/script><![endif]--><br \/>\n<video class=\"wp-video-shortcode\" id=\"video-629-1\" width=\"1290\" height=\"726\" loop autoplay preload=\"auto\" controls=\"controls\"><source type=\"video\/mp4\" src=\"http:\/\/yingmeipack.com\/wp-content\/uploads\/2022\/11\/Metal-Shelled-Jar-Caps1..mp4?_=1\" \/><a href=\"http:\/\/yingmeipack.com\/wp-content\/uploads\/2022\/11\/Metal-Shelled-Jar-Caps1..mp4\">http:\/\/yingmeipack.com\/wp-content\/uploads\/2022\/11\/Metal-Shelled-Jar-Caps1..mp4<\/a><\/video><\/div>","protected":false},"featured_media":630,"template":"","meta":{"_kad_post_transparent":"default","_kad_post_title":"","_kad_post_layout":"default","_kad_post_sidebar_id":"","_kad_post_content_style":"default","_kad_post_vertical_padding":"default","_kad_post_feature":"","_kad_post_feature_position":"","_kad_post_header":false,"_kad_post_footer":false,"jetpack_publicize_message":"","jetpack_publicize_feature_enabled":true,"jetpack_social_post_already_shared":false,"jetpack_social_options":{"image_generator_settings":{"template":"highway","default_image_id":0,"enabled":false},"version":2}},"product_brand":[],"product_cat":[38,41],"product_tag":[246,245,244,243],"class_list":{"0":"post-629","1":"product","2":"type-product","3":"status-publish","4":"has-post-thumbnail","6":"product_cat-powder","7":"product_cat-powder-caps","8":"product_tag-brushed-gold-jar-caps","9":"product_tag-gold-jar-caps","10":"product_tag-jar-caps-with-foam-liner","11":"product_tag-metal-shelled-jar-caps","13":"first","14":"instock","15":"shipping-taxable","16":"product-type-simple","17":"entry","18":"content-bg","19":"loop-entry"},"aioseo_notices":[],"jetpack_publicize_connections":[],"jetpack_sharing_enabled":true,"_links":{"self":[{"href":"https:\/\/yingmeipack.com\/fr\/wp-json\/wp\/v2\/product\/629","targetHints":{"allow":["GET"]}}],"collection":[{"href":"https:\/\/yingmeipack.com\/fr\/wp-json\/wp\/v2\/product"}],"about":[{"href":"https:\/\/yingmeipack.com\/fr\/wp-json\/wp\/v2\/types\/product"}],"version-history":[{"count":2,"href":"https:\/\/yingmeipack.com\/fr\/wp-json\/wp\/v2\/product\/629\/revisions"}],"predecessor-version":[{"id":639,"href":"https:\/\/yingmeipack.com\/fr\/wp-json\/wp\/v2\/product\/629\/revisions\/639"}],"wp:featuredmedia":[{"embeddable":true,"href":"https:\/\/yingmeipack.com\/fr\/wp-json\/wp\/v2\/media\/630"}],"wp:attachment":[{"href":"https:\/\/yingmeipack.com\/fr\/wp-json\/wp\/v2\/media?parent=629"}],"wp:term":[{"taxonomy":"product_brand","embeddable":true,"href":"https:\/\/yingmeipack.com\/fr\/wp-json\/wp\/v2\/product_brand?post=629"},{"taxonomy":"product_cat","embeddable":true,"href":"https:\/\/yingmeipack.com\/fr\/wp-json\/wp\/v2\/product_cat?post=629"},{"taxonomy":"product_tag","embeddable":true,"href":"https:\/\/yingmeipack.com\/fr\/wp-json\/wp\/v2\/product_tag?post=629"}],"curies":[{"name":"wp","href":"https:\/\/api.w.org\/{rel}","templated":true}]}}