{"id":620,"date":"2022-11-26T03:00:20","date_gmt":"2022-11-26T03:00:20","guid":{"rendered":"https:\/\/yingmeipack.com\/?post_type=product&#038;p=620"},"modified":"2025-06-05T09:19:36","modified_gmt":"2025-06-05T09:19:36","slug":"180ml-6oz-black-round-screw-top-aluminum-tin-cans-containers","status":"publish","type":"product","link":"https:\/\/yingmeipack.com\/fr\/product\/180ml-6oz-black-round-screw-top-aluminum-tin-cans-containers\/","title":{"rendered":"180ml 6oz Black Round Screw Top Aluminum Tin Cans Containers"},"content":{"rendered":"","protected":false},"excerpt":{"rendered":"<p>Ces bo\u00eetes de conserve rondes \u00e0 couvercle viss\u00e9 sont fabriqu\u00e9es en aluminium de qualit\u00e9, l\u00e9ger mais durable dans sa structure, r\u00e9sistant \u00e0 la corrosion et r\u00e9utilisable, pouvant \u00eatre utilis\u00e9 pendant une longue p\u00e9riode ; il n'y a pas de bords pointus autour de ce pot, tous les bords sont arrondis et form\u00e9s sans couture, ne causant pas de dommages pendant l'utilisation, vous pouvez donc l'utiliser en toute confiance. Chaque pot en aluminium est livr\u00e9 avec un couvercle \u00e0 vis, qui est \u00e9tanche et scell\u00e9 herm\u00e9tiquement pour \u00e9viter tout risque de fuite ou de fonte, prot\u00e9geant vos produits de l'exposition \u00e0 la lumi\u00e8re et aux temp\u00e9ratures \u00e9lev\u00e9es, prolongeant ainsi leur dur\u00e9e d'utilisation ; ils sont \u00e9galement pratiques \u00e0 ouvrir et \u00e0 fermer, \u00e9conomisant votre temps et vos efforts. Nos bo\u00eetes en fer blanc pour baume \u00e0 l\u00e8vres sont id\u00e9ales pour ranger les baumes \u00e0 l\u00e8vres, les bougies, le baume \u00e0 barbe maison, les perles, les boutons, le beurre \u00e0 barbe, les pi\u00e8ces de monnaie, les cr\u00e8mes, les bonbons, les petits bijoux et autres petits objets, ce qui vous apportera beaucoup de commodit\u00e9 dans l'organisation et le rangement quotidiens ; il est pr\u00e9f\u00e9rable d'utiliser des bo\u00eetes diff\u00e9rentes pour ranger des objets diff\u00e9rents pour des raisons d'hygi\u00e8ne. Chaque bo\u00eete mesure environ 92*28mm, sa capacit\u00e9 est de 6 onces\/ 180 ml, une taille appropri\u00e9e pour une utilisation quotidienne. Gr\u00e2ce \u00e0 leur joli design et \u00e0 leur fonction pratique, ces bo\u00eetes de conserve peuvent \u00e9galement servir de petits r\u00e9cipients pour vos bonbons, vos faveurs de f\u00eate ou vos chocolats faits maison \u00e0 l'occasion d'un mariage, d'un anniversaire ou d'une autre occasion.<\/p>\n<div style=\"width: 1290px;\" class=\"wp-video\"><!--[if lt IE 9]><script>document.createElement('video');<\/script><![endif]--><br \/>\n<video class=\"wp-video-shortcode\" id=\"video-620-1\" width=\"1290\" height=\"726\" loop autoplay preload=\"auto\" controls=\"controls\"><source type=\"video\/mp4\" src=\"http:\/\/yingmeipack.com\/wp-content\/uploads\/2022\/11\/Matte-Black-Aluminum-Jar.mp4?_=1\" \/><a href=\"http:\/\/yingmeipack.com\/wp-content\/uploads\/2022\/11\/Matte-Black-Aluminum-Jar.mp4\">http:\/\/yingmeipack.com\/wp-content\/uploads\/2022\/11\/Matte-Black-Aluminum-Jar.mp4<\/a><\/video><\/div>","protected":false},"featured_media":621,"template":"","meta":{"_kad_post_transparent":"default","_kad_post_title":"","_kad_post_layout":"default","_kad_post_sidebar_id":"","_kad_post_content_style":"default","_kad_post_vertical_padding":"default","_kad_post_feature":"","_kad_post_feature_position":"","_kad_post_header":false,"_kad_post_footer":false,"jetpack_publicize_message":"","jetpack_publicize_feature_enabled":true,"jetpack_social_post_already_shared":false,"jetpack_social_options":{"image_generator_settings":{"template":"highway","default_image_id":0,"enabled":false},"version":2}},"product_brand":[],"product_cat":[28,24,27],"product_tag":[239,240,241,242],"class_list":{"0":"post-620","1":"product","2":"type-product","3":"status-publish","4":"has-post-thumbnail","6":"product_cat-aluminum-jars","7":"product_cat-jars","8":"product_cat-metal-jars","9":"product_tag-180ml-black-aluminum-tin","10":"product_tag-6oz-black-aluminum-tin","11":"product_tag-screw-top-aluminum-cans","12":"product_tag-screw-top-aluminum-containers","14":"first","15":"instock","16":"shipping-taxable","17":"purchasable","18":"product-type-simple","19":"entry","20":"content-bg","21":"loop-entry"},"aioseo_notices":[],"jetpack_publicize_connections":[],"jetpack_sharing_enabled":true,"_links":{"self":[{"href":"https:\/\/yingmeipack.com\/fr\/wp-json\/wp\/v2\/product\/620","targetHints":{"allow":["GET"]}}],"collection":[{"href":"https:\/\/yingmeipack.com\/fr\/wp-json\/wp\/v2\/product"}],"about":[{"href":"https:\/\/yingmeipack.com\/fr\/wp-json\/wp\/v2\/types\/product"}],"version-history":[{"count":1,"href":"https:\/\/yingmeipack.com\/fr\/wp-json\/wp\/v2\/product\/620\/revisions"}],"predecessor-version":[{"id":628,"href":"https:\/\/yingmeipack.com\/fr\/wp-json\/wp\/v2\/product\/620\/revisions\/628"}],"wp:featuredmedia":[{"embeddable":true,"href":"https:\/\/yingmeipack.com\/fr\/wp-json\/wp\/v2\/media\/621"}],"wp:attachment":[{"href":"https:\/\/yingmeipack.com\/fr\/wp-json\/wp\/v2\/media?parent=620"}],"wp:term":[{"taxonomy":"product_brand","embeddable":true,"href":"https:\/\/yingmeipack.com\/fr\/wp-json\/wp\/v2\/product_brand?post=620"},{"taxonomy":"product_cat","embeddable":true,"href":"https:\/\/yingmeipack.com\/fr\/wp-json\/wp\/v2\/product_cat?post=620"},{"taxonomy":"product_tag","embeddable":true,"href":"https:\/\/yingmeipack.com\/fr\/wp-json\/wp\/v2\/product_tag?post=620"}],"curies":[{"name":"wp","href":"https:\/\/api.w.org\/{rel}","templated":true}]}}