{"id":612,"date":"2022-11-26T02:45:07","date_gmt":"2022-11-26T02:45:07","guid":{"rendered":"https:\/\/yingmeipack.com\/?post_type=product&#038;p=612"},"modified":"2022-11-26T02:57:19","modified_gmt":"2022-11-26T02:57:19","slug":"bpa-free-empty-refillable-plastic-cosmetic-containers-jars","status":"publish","type":"product","link":"https:\/\/yingmeipack.com\/fr\/product\/bpa-free-empty-refillable-plastic-cosmetic-containers-jars\/","title":{"rendered":"BPA Free Empty Refillable Plastic Cosmetic Containers Jars"},"content":{"rendered":"","protected":false},"excerpt":{"rendered":"<p>Mat\u00e9riau de haute qualit\u00e9 : Le corps du r\u00e9cipient est en PET et le couvercle en PP. Pas de BPA. Durable, pas facile \u00e0 casser, l\u00e9ger, r\u00e9utilisable. Tout en garantissant la s\u00e9curit\u00e9 des mat\u00e9riaux, il pr\u00e9sente \u00e9galement une r\u00e9sistance chimique et une r\u00e9sistance aux chocs \u00e9lev\u00e9es.<br \/>\nStockage portable : Bo\u00eetes de rangement \u00e0 c\u00f4t\u00e9 droit, plusieurs jeux, faciles \u00e0 ranger. Ces petits r\u00e9cipients conviennent parfaitement \u00e0 votre sac \u00e0 main, votre sac \u00e0 dos ou votre sac de sport. Ils peuvent \u00eatre stock\u00e9s ou expos\u00e9s sur l'\u00e9tag\u00e8re, ce qui est tr\u00e8s pratique pour le transport ou le voyage.<br \/>\nConception \u00e9tanche : lot de dix r\u00e9cipients de 2 oz. Chaque r\u00e9cipient en plastique est \u00e9quip\u00e9 d'un couvercle noir, d'un joint en mousse et d'un joint \u00e0 main, afin d'assurer une bonne \u00e9tanch\u00e9it\u00e9.<br \/>\nDesign lisse et rond : Le design en arc de cercle permet de bricoler diff\u00e9rents styles de canettes et d'assurer une bonne prise en main. Toutefois, veuillez noter que le papier d'\u00e9tiquetage n'est pas inclus dans l'emballage.<br \/>\nConception verticale \u00e0 large ouverture : L'embouchure large est facile \u00e0 ranger et \u00e0 emporter, et l'embouchure peu profonde est facile \u00e0 nettoyer, mais \u00e9vitez la d\u00e9sinfection \u00e0 haute temp\u00e9rature et ne le mettez pas au lave-vaisselle.<\/p>","protected":false},"featured_media":613,"template":"","meta":{"_kad_post_transparent":"default","_kad_post_title":"","_kad_post_layout":"default","_kad_post_sidebar_id":"","_kad_post_content_style":"default","_kad_post_vertical_padding":"default","_kad_post_feature":"","_kad_post_feature_position":"","_kad_post_header":false,"_kad_post_footer":false,"jetpack_publicize_message":"","jetpack_publicize_feature_enabled":true,"jetpack_social_post_already_shared":false,"jetpack_social_options":{"image_generator_settings":{"template":"highway","default_image_id":0,"enabled":false},"version":2}},"product_brand":[],"product_cat":[19,24,20,25],"product_tag":[235,236,237,238],"class_list":{"0":"post-612","1":"product","2":"type-product","3":"status-publish","4":"has-post-thumbnail","6":"product_cat-bottles","7":"product_cat-jars","8":"product_cat-plastic-bottles","9":"product_cat-plastic-jars","10":"product_tag-bpa-free-plastic-jars","11":"product_tag-plastic-cosmetic-containers","12":"product_tag-plastic-cosmetic-jars","13":"product_tag-refillable-plastic-cosmetic-containers","15":"first","16":"instock","17":"shipping-taxable","18":"product-type-simple","19":"entry","20":"content-bg","21":"loop-entry"},"aioseo_notices":[],"jetpack_publicize_connections":[],"jetpack_sharing_enabled":true,"_links":{"self":[{"href":"https:\/\/yingmeipack.com\/fr\/wp-json\/wp\/v2\/product\/612","targetHints":{"allow":["GET"]}}],"collection":[{"href":"https:\/\/yingmeipack.com\/fr\/wp-json\/wp\/v2\/product"}],"about":[{"href":"https:\/\/yingmeipack.com\/fr\/wp-json\/wp\/v2\/types\/product"}],"version-history":[{"count":1,"href":"https:\/\/yingmeipack.com\/fr\/wp-json\/wp\/v2\/product\/612\/revisions"}],"predecessor-version":[{"id":619,"href":"https:\/\/yingmeipack.com\/fr\/wp-json\/wp\/v2\/product\/612\/revisions\/619"}],"wp:featuredmedia":[{"embeddable":true,"href":"https:\/\/yingmeipack.com\/fr\/wp-json\/wp\/v2\/media\/613"}],"wp:attachment":[{"href":"https:\/\/yingmeipack.com\/fr\/wp-json\/wp\/v2\/media?parent=612"}],"wp:term":[{"taxonomy":"product_brand","embeddable":true,"href":"https:\/\/yingmeipack.com\/fr\/wp-json\/wp\/v2\/product_brand?post=612"},{"taxonomy":"product_cat","embeddable":true,"href":"https:\/\/yingmeipack.com\/fr\/wp-json\/wp\/v2\/product_cat?post=612"},{"taxonomy":"product_tag","embeddable":true,"href":"https:\/\/yingmeipack.com\/fr\/wp-json\/wp\/v2\/product_tag?post=612"}],"curies":[{"name":"wp","href":"https:\/\/api.w.org\/{rel}","templated":true}]}}