{"id":595,"date":"2022-11-25T07:42:02","date_gmt":"2022-11-25T07:42:02","guid":{"rendered":"https:\/\/yingmeipack.com\/?post_type=product&#038;p=595"},"modified":"2022-11-25T07:58:01","modified_gmt":"2022-11-25T07:58:01","slug":"oval-empty-plastic-lip-balm-lipstick-tube-deodorant-container","status":"publish","type":"product","link":"https:\/\/yingmeipack.com\/fr\/product\/oval-empty-plastic-lip-balm-lipstick-tube-deodorant-container\/","title":{"rendered":"Tube ovale en plastique pour baume \u00e0 l\u00e8vres Tube de rouge \u00e0 l\u00e8vres Contenant pour d\u00e9odorant"},"content":{"rendered":"","protected":false},"excerpt":{"rendered":"<p>Les contenants de baume \u00e0 l\u00e8vres ovales avec bouchons naturels sont dot\u00e9s d'une roue tournante nervur\u00e9e \u00e0 la base des tubes, ce qui permet de distribuer les produits de mani\u00e8re ordonn\u00e9e. Le design \u00e9l\u00e9gant des contenants ovales de baume \u00e0 l\u00e8vres les rend parfaits pour le transport dans les sacs \u00e0 main, les poches et les trousses de voyage. Choisissez ces contenants ovales naturels pour baume \u00e0 l\u00e8vres pour des produits tels que le baume \u00e0 l\u00e8vres, les \u00e9crans solaires solides, les cosm\u00e9tiques, les parfums solides, etc. Ces tubes de baume \u00e0 l\u00e8vres sont compatibles avec le plateau de remplissage ovale pour baume \u00e0 l\u00e8vres.<br \/>\n1. R\u00e9cipient pour produits cosm\u00e9tiques<br \/>\n2. Polypropyl\u00e8ne (PP) plastique r\u00e9sistant<br \/>\n3. Tube et bouchon inclus<br \/>\n4. Baume \u00e0 l\u00e8vres disponible en blanc ou en couleur naturelle<br \/>\n5. A utiliser pour le baume \u00e0 l\u00e8vres et bien d'autres choses encore !<\/p>","protected":false},"featured_media":596,"template":"","meta":{"_kad_post_transparent":"default","_kad_post_title":"","_kad_post_layout":"default","_kad_post_sidebar_id":"","_kad_post_content_style":"default","_kad_post_vertical_padding":"default","_kad_post_feature":"","_kad_post_feature_position":"","_kad_post_header":false,"_kad_post_footer":false,"jetpack_publicize_message":"","jetpack_publicize_feature_enabled":true,"jetpack_social_post_already_shared":false,"jetpack_social_options":{"image_generator_settings":{"template":"highway","default_image_id":0,"enabled":false},"version":2}},"product_brand":[],"product_cat":[45,42],"product_tag":[228,229,230,231],"class_list":{"0":"post-595","1":"product","2":"type-product","3":"status-publish","4":"has-post-thumbnail","6":"product_cat-lip-balm-roll-up-containers","7":"product_cat-lip-components","8":"product_tag-empty-lip-balm-tube","9":"product_tag-oval-lip-balm-tube","10":"product_tag-plastic-lip-balm-tube","11":"product_tag-plastic-lipstick-tube","13":"first","14":"instock","15":"shipping-taxable","16":"product-type-simple","17":"entry","18":"content-bg","19":"loop-entry"},"aioseo_notices":[],"jetpack_publicize_connections":[],"jetpack_sharing_enabled":true,"_links":{"self":[{"href":"https:\/\/yingmeipack.com\/fr\/wp-json\/wp\/v2\/product\/595","targetHints":{"allow":["GET"]}}],"collection":[{"href":"https:\/\/yingmeipack.com\/fr\/wp-json\/wp\/v2\/product"}],"about":[{"href":"https:\/\/yingmeipack.com\/fr\/wp-json\/wp\/v2\/types\/product"}],"version-history":[{"count":1,"href":"https:\/\/yingmeipack.com\/fr\/wp-json\/wp\/v2\/product\/595\/revisions"}],"predecessor-version":[{"id":602,"href":"https:\/\/yingmeipack.com\/fr\/wp-json\/wp\/v2\/product\/595\/revisions\/602"}],"wp:featuredmedia":[{"embeddable":true,"href":"https:\/\/yingmeipack.com\/fr\/wp-json\/wp\/v2\/media\/596"}],"wp:attachment":[{"href":"https:\/\/yingmeipack.com\/fr\/wp-json\/wp\/v2\/media?parent=595"}],"wp:term":[{"taxonomy":"product_brand","embeddable":true,"href":"https:\/\/yingmeipack.com\/fr\/wp-json\/wp\/v2\/product_brand?post=595"},{"taxonomy":"product_cat","embeddable":true,"href":"https:\/\/yingmeipack.com\/fr\/wp-json\/wp\/v2\/product_cat?post=595"},{"taxonomy":"product_tag","embeddable":true,"href":"https:\/\/yingmeipack.com\/fr\/wp-json\/wp\/v2\/product_tag?post=595"}],"curies":[{"name":"wp","href":"https:\/\/api.w.org\/{rel}","templated":true}]}}