{"id":580,"date":"2022-11-25T02:18:09","date_gmt":"2022-11-25T02:18:09","guid":{"rendered":"https:\/\/yingmeipack.com\/?post_type=product&#038;p=580"},"modified":"2022-11-25T02:43:24","modified_gmt":"2022-11-25T02:43:24","slug":"25oz-750ml-screw-top-lid-round-aluminum-cans-tin-containers","status":"publish","type":"product","link":"https:\/\/yingmeipack.com\/fr\/product\/25oz-750ml-screw-top-lid-round-aluminum-cans-tin-containers\/","title":{"rendered":"Bo\u00eetes rondes en aluminium 25oz 750ml avec couvercle \u00e0 vis R\u00e9cipients en fer blanc"},"content":{"rendered":"","protected":false},"excerpt":{"rendered":"<p>Grande capacit\u00e9, 750ml\/25oz, dimensions 93*116 mm.<br \/>\nSe range facilement dans votre poche, votre sac ou votre sac \u00e0 main pour un transport ais\u00e9 lors de vos d\u00e9placements.<br \/>\nDisponibles en couleur argent\u00e9e et non transparentes, elles permettent de conserver vos articles, de pr\u00e9server la fra\u00eecheur et la protection de vos \u00e9pices, de votre caf\u00e9 et de vos th\u00e9s ou d'autres produits.<br \/>\nNotre bocal herm\u00e9tique est fabriqu\u00e9 en alliage d'aluminium de haute qualit\u00e9. Il est particuli\u00e8rement \u00e9pais pour r\u00e9sister aux chocs et aux chutes, ce qui permet de conserver vos marchandises en toute s\u00e9curit\u00e9, m\u00eame en d\u00e9placement.<br \/>\nNe vous inqui\u00e9tez pas des odeurs qui pourraient s'\u00e9chapper de ce pot. Il garde l'int\u00e9rieur en s\u00e9curit\u00e9. Parfait pour conserver vos objets \u00e0 forte odeur.<br \/>\nNous nous effor\u00e7ons toujours de r\u00e9pondre \u00e0 100% votre satisfaction. Si vous avez des probl\u00e8mes ou des pr\u00e9occupations, n'h\u00e9sitez pas \u00e0 nous contacter et notre service client\u00e8le le plus amical est \u00e0 votre service.<\/p>","protected":false},"featured_media":581,"template":"","meta":{"_kad_post_transparent":"default","_kad_post_title":"","_kad_post_layout":"default","_kad_post_sidebar_id":"","_kad_post_content_style":"default","_kad_post_vertical_padding":"default","_kad_post_feature":"","_kad_post_feature_position":"","_kad_post_header":false,"_kad_post_footer":false,"jetpack_publicize_message":"","jetpack_publicize_feature_enabled":true,"jetpack_social_post_already_shared":false,"jetpack_social_options":{"image_generator_settings":{"template":"highway","default_image_id":0,"enabled":false},"version":2}},"product_brand":[],"product_cat":[28,24,27],"product_tag":[223,224,208,207],"class_list":{"0":"post-580","1":"product","2":"type-product","3":"status-publish","4":"has-post-thumbnail","6":"product_cat-aluminum-jars","7":"product_cat-jars","8":"product_cat-metal-jars","9":"product_tag-25oz-round-aluminum-cans","10":"product_tag-750ml-round-aluminum-cans","11":"product_tag-round-aluminum-containers","12":"product_tag-round-aluminum-tins","14":"first","15":"instock","16":"shipping-taxable","17":"product-type-simple","18":"entry","19":"content-bg","20":"loop-entry"},"aioseo_notices":[],"jetpack_publicize_connections":[],"jetpack_sharing_enabled":true,"_links":{"self":[{"href":"https:\/\/yingmeipack.com\/fr\/wp-json\/wp\/v2\/product\/580","targetHints":{"allow":["GET"]}}],"collection":[{"href":"https:\/\/yingmeipack.com\/fr\/wp-json\/wp\/v2\/product"}],"about":[{"href":"https:\/\/yingmeipack.com\/fr\/wp-json\/wp\/v2\/types\/product"}],"version-history":[{"count":1,"href":"https:\/\/yingmeipack.com\/fr\/wp-json\/wp\/v2\/product\/580\/revisions"}],"predecessor-version":[{"id":585,"href":"https:\/\/yingmeipack.com\/fr\/wp-json\/wp\/v2\/product\/580\/revisions\/585"}],"wp:featuredmedia":[{"embeddable":true,"href":"https:\/\/yingmeipack.com\/fr\/wp-json\/wp\/v2\/media\/581"}],"wp:attachment":[{"href":"https:\/\/yingmeipack.com\/fr\/wp-json\/wp\/v2\/media?parent=580"}],"wp:term":[{"taxonomy":"product_brand","embeddable":true,"href":"https:\/\/yingmeipack.com\/fr\/wp-json\/wp\/v2\/product_brand?post=580"},{"taxonomy":"product_cat","embeddable":true,"href":"https:\/\/yingmeipack.com\/fr\/wp-json\/wp\/v2\/product_cat?post=580"},{"taxonomy":"product_tag","embeddable":true,"href":"https:\/\/yingmeipack.com\/fr\/wp-json\/wp\/v2\/product_tag?post=580"}],"curies":[{"name":"wp","href":"https:\/\/api.w.org\/{rel}","templated":true}]}}