{"id":572,"date":"2022-11-24T13:58:44","date_gmt":"2022-11-24T13:58:44","guid":{"rendered":"https:\/\/yingmeipack.com\/?post_type=product&#038;p=572"},"modified":"2022-11-25T02:15:10","modified_gmt":"2022-11-25T02:15:10","slug":"reusable-plastic-empty-portable-compact-case-with-mirror","status":"publish","type":"product","link":"https:\/\/yingmeipack.com\/fr\/product\/reusable-plastic-empty-portable-compact-case-with-mirror\/","title":{"rendered":"Mallette compacte portative vide en plastique r\u00e9utilisable avec miroir"},"content":{"rendered":"","protected":false},"excerpt":{"rendered":"<p>L\u00e9ger et fin - L'\u00e9paisseur de la bo\u00eete \u00e0 poudre de voyage n'est que de 0,59 pouce. La taille mini appropri\u00e9e est parfaite pour emballer la poudre dans votre trousse de toilette ou votre sac. Il y a un film sur le miroir pour \u00e9viter les rayures\uff0c veuillez le d\u00e9chirer avant de l'utiliser.<br \/>\nPratique \u00e0 utiliser - Les poudriers vides sont dot\u00e9s d'une large ouverture permettant de les remplir facilement et d'un tamis en filet \u00e9lastique. Il n'est pas n\u00e9cessaire de secouer le tamis \u00e9lastique, il suffit d'appuyer l\u00e9g\u00e8rement pour ramasser la poudre. Il permet d'\u00e9conomiser efficacement plus de poudre.<br \/>\nUn fond de teint facile \u00e0 appliquer - Il suffit de coller un peu de poudre et de tapoter l\u00e9g\u00e8rement et uniform\u00e9ment sur le visage pour que le fond de teint soit termin\u00e9. Vous pouvez vous maquiller en d\u00e9placement. Nos houppettes de maquillage sont fabriqu\u00e9es en coton, elles sont douces, respirantes et lavables, elles n'absorbent pas le fond de teint.<br \/>\nAnti-fuite : Le r\u00e9cipient \u00e0 poudre est dot\u00e9 d'une houppette et d'un syst\u00e8me anti-fuite, ce qui garantit un transport s\u00fbr et pratique. La capacit\u00e9 est de 5ml\/0.17oz, la taille est de 3inch(diam\u00e8tre)\u00d70.63inch(hauteur), id\u00e9al pour les voyages.<br \/>\nUtilisations multiples : La bo\u00eete \u00e0 poudre de maquillage est un outil utile pour ranger les cosm\u00e9tiques ou m\u00e9langer votre propre poudre, id\u00e9ale pour la poudre libre, les paillettes, le fard \u00e0 joues, etc. Si vous avez des questions, veuillez d'abord nous contacter, nous fournissons un service client\u00e8le 24\/7, nous offrons un service de remplacement gratuit d'un an sur tous nos articles.<\/p>","protected":false},"featured_media":573,"template":"","meta":{"_kad_post_transparent":"default","_kad_post_title":"","_kad_post_layout":"default","_kad_post_sidebar_id":"","_kad_post_content_style":"default","_kad_post_vertical_padding":"default","_kad_post_feature":"","_kad_post_feature_position":"","_kad_post_header":false,"_kad_post_footer":false,"jetpack_publicize_message":"","jetpack_publicize_feature_enabled":true,"jetpack_social_post_already_shared":false,"jetpack_social_options":{"image_generator_settings":{"template":"highway","default_image_id":0,"enabled":false},"version":2}},"product_brand":[],"product_cat":[37],"product_tag":[219,218,221,222,220],"class_list":{"0":"post-572","1":"product","2":"type-product","3":"status-publish","4":"has-post-thumbnail","6":"product_cat-compacts","7":"product_tag-compact-case-with-mirror","8":"product_tag-empty-compact-case","9":"product_tag-plastic-compact-case","10":"product_tag-portable-compact-case","11":"product_tag-reusable-compact-case","13":"first","14":"instock","15":"shipping-taxable","16":"product-type-simple","17":"entry","18":"content-bg","19":"loop-entry"},"aioseo_notices":[],"jetpack_publicize_connections":[],"jetpack_sharing_enabled":true,"_links":{"self":[{"href":"https:\/\/yingmeipack.com\/fr\/wp-json\/wp\/v2\/product\/572","targetHints":{"allow":["GET"]}}],"collection":[{"href":"https:\/\/yingmeipack.com\/fr\/wp-json\/wp\/v2\/product"}],"about":[{"href":"https:\/\/yingmeipack.com\/fr\/wp-json\/wp\/v2\/types\/product"}],"version-history":[{"count":1,"href":"https:\/\/yingmeipack.com\/fr\/wp-json\/wp\/v2\/product\/572\/revisions"}],"predecessor-version":[{"id":579,"href":"https:\/\/yingmeipack.com\/fr\/wp-json\/wp\/v2\/product\/572\/revisions\/579"}],"wp:featuredmedia":[{"embeddable":true,"href":"https:\/\/yingmeipack.com\/fr\/wp-json\/wp\/v2\/media\/573"}],"wp:attachment":[{"href":"https:\/\/yingmeipack.com\/fr\/wp-json\/wp\/v2\/media?parent=572"}],"wp:term":[{"taxonomy":"product_brand","embeddable":true,"href":"https:\/\/yingmeipack.com\/fr\/wp-json\/wp\/v2\/product_brand?post=572"},{"taxonomy":"product_cat","embeddable":true,"href":"https:\/\/yingmeipack.com\/fr\/wp-json\/wp\/v2\/product_cat?post=572"},{"taxonomy":"product_tag","embeddable":true,"href":"https:\/\/yingmeipack.com\/fr\/wp-json\/wp\/v2\/product_tag?post=572"}],"curies":[{"name":"wp","href":"https:\/\/api.w.org\/{rel}","templated":true}]}}