{"id":554,"date":"2022-11-24T03:01:19","date_gmt":"2022-11-24T03:01:19","guid":{"rendered":"https:\/\/yingmeipack.com\/?post_type=product&#038;p=554"},"modified":"2025-09-02T07:22:16","modified_gmt":"2025-09-02T07:22:16","slug":"4-ounce-aluminum-tin-jar-120ml-refillable-screw-lid-container","status":"publish","type":"product","link":"https:\/\/yingmeipack.com\/fr\/product\/4-ounce-aluminum-tin-jar-120ml-refillable-screw-lid-container\/","title":{"rendered":"Rose Gold 120ml 4oz Aluminum Tin Can with Screw Cap"},"content":{"rendered":"","protected":false},"excerpt":{"rendered":"<p>Emballage : comprend 48 bo\u00eetes rondes \u00e0 vis de couleur rose et 48 \u00e9tiquettes rondes blanches. L'emballage en vrac r\u00e9pond \u00e0 vos besoins multiples.<br \/>\nSize: The round tin measures 82mm in diameter and 30mm height with a capacity of 4 oz. \/ 120 ml. The round labels measures 2-3\/8&#8243; in diameter.<br \/>\nMat\u00e9riau : Fabriqu\u00e9 en aluminium, l\u00e9ger mais durable, facile \u00e0 transporter.<br \/>\nCouvercle \u00e0 vis : Le couvercle \u00e0 vis \u00e9tanche \u00e9limine le risque de fuite ou de fonte et prot\u00e8ge vos produits de l'exposition \u00e0 la lumi\u00e8re et aux temp\u00e9ratures \u00e9lev\u00e9es.<br \/>\nUtilisations polyvalentes : Excellents contenants pour les baumes \u00e0 l\u00e8vres, les gloss, les cr\u00e8mes, les cosm\u00e9tiques, les pommades, les pilules, les perles, les vis, les bonbons, les boutons, les pi\u00e8ces de monnaie, les herbes, les bougies et bien d'autres choses encore.<\/p>","protected":false},"featured_media":3825,"template":"","meta":{"_kad_post_transparent":"default","_kad_post_title":"","_kad_post_layout":"default","_kad_post_sidebar_id":"","_kad_post_content_style":"default","_kad_post_vertical_padding":"default","_kad_post_feature":"","_kad_post_feature_position":"","_kad_post_header":false,"_kad_post_footer":false,"jetpack_publicize_message":"","jetpack_publicize_feature_enabled":true,"jetpack_social_post_already_shared":false,"jetpack_social_options":{"image_generator_settings":{"template":"highway","default_image_id":0,"enabled":false},"version":2}},"product_brand":[],"product_cat":[28,24,27],"product_tag":[211,210,213,212],"class_list":{"0":"post-554","1":"product","2":"type-product","3":"status-publish","4":"has-post-thumbnail","6":"product_cat-aluminum-jars","7":"product_cat-jars","8":"product_cat-metal-jars","9":"product_tag-120ml-aluminum-tin","10":"product_tag-4-ounce-aluminum-tin","11":"product_tag-aluminum-screw-lid-jar","12":"product_tag-refillable-screw-lid-container","14":"first","15":"instock","16":"shipping-taxable","17":"purchasable","18":"product-type-simple","19":"entry","20":"content-bg","21":"loop-entry"},"aioseo_notices":[],"jetpack_publicize_connections":[],"jetpack_sharing_enabled":true,"_links":{"self":[{"href":"https:\/\/yingmeipack.com\/fr\/wp-json\/wp\/v2\/product\/554","targetHints":{"allow":["GET"]}}],"collection":[{"href":"https:\/\/yingmeipack.com\/fr\/wp-json\/wp\/v2\/product"}],"about":[{"href":"https:\/\/yingmeipack.com\/fr\/wp-json\/wp\/v2\/types\/product"}],"version-history":[{"count":4,"href":"https:\/\/yingmeipack.com\/fr\/wp-json\/wp\/v2\/product\/554\/revisions"}],"predecessor-version":[{"id":3827,"href":"https:\/\/yingmeipack.com\/fr\/wp-json\/wp\/v2\/product\/554\/revisions\/3827"}],"wp:featuredmedia":[{"embeddable":true,"href":"https:\/\/yingmeipack.com\/fr\/wp-json\/wp\/v2\/media\/3825"}],"wp:attachment":[{"href":"https:\/\/yingmeipack.com\/fr\/wp-json\/wp\/v2\/media?parent=554"}],"wp:term":[{"taxonomy":"product_brand","embeddable":true,"href":"https:\/\/yingmeipack.com\/fr\/wp-json\/wp\/v2\/product_brand?post=554"},{"taxonomy":"product_cat","embeddable":true,"href":"https:\/\/yingmeipack.com\/fr\/wp-json\/wp\/v2\/product_cat?post=554"},{"taxonomy":"product_tag","embeddable":true,"href":"https:\/\/yingmeipack.com\/fr\/wp-json\/wp\/v2\/product_tag?post=554"}],"curies":[{"name":"wp","href":"https:\/\/api.w.org\/{rel}","templated":true}]}}