{"id":548,"date":"2022-11-24T02:33:45","date_gmt":"2022-11-24T02:33:45","guid":{"rendered":"https:\/\/yingmeipack.com\/?post_type=product&#038;p=548"},"modified":"2025-06-13T02:35:39","modified_gmt":"2025-06-13T02:35:39","slug":"250ml-screw-top-lid-jars-round-aluminum-tin-container-cans","status":"publish","type":"product","link":"https:\/\/yingmeipack.com\/fr\/product\/250ml-screw-top-lid-jars-round-aluminum-tin-container-cans\/","title":{"rendered":"Bocaux \u00e0 Couvercle Viss\u00e9 250ml Bocaux Ronds en Aluminium Bo\u00eetes de conserve"},"content":{"rendered":"","protected":false},"excerpt":{"rendered":"<p>Ces bo\u00eetes de conserve de 250 ml font partie des bo\u00eetes de conserve de grande taille disponibles dans notre boutique en ligne. Avec un diam\u00e8tre de 100 mm et une hauteur de 42 mm, ces bo\u00eetes vides contiennent un grand volume tout en \u00e9tant relativement compactes. Tous nos petits r\u00e9cipients m\u00e9talliques sont fabriqu\u00e9s \u00e0 partir d'une seule feuille d'aluminium haut de gamme. Nos bo\u00eetes sans soudure 100% sont donc s\u00fbres pour les aliments et exemptes de BPA. Ce mod\u00e8le de bo\u00eete m\u00e9tallique est couramment utilis\u00e9 dans les industries cosm\u00e9tiques, alimentaires et m\u00e9dicales. Gr\u00e2ce \u00e0 leur rev\u00eatement en EPE, ces bo\u00eetes emp\u00eachent l'air et l'humidit\u00e9 d'y p\u00e9n\u00e9trer. Vos produits sont ainsi parfaitement prot\u00e9g\u00e9s, quel que soit l'environnement.<br \/>\nGr\u00e2ce \u00e0 leurs couvercles viss\u00e9s, ces conteneurs en fer blanc peuvent \u00eatre facilement ouverts et ferm\u00e9s. Cela vous permet d'ouvrir et de fermer vos mat\u00e9riaux d'emballage plusieurs fois sans perte de qualit\u00e9. Nos petits conteneurs m\u00e9talliques sont en outre dot\u00e9s de bords roul\u00e9s. Gr\u00e2ce \u00e0 cela, il n'y a pas d'ar\u00eates vives, ce qui les rend s\u00fbrs pour un usage quotidien. Gr\u00e2ce \u00e0 leur taille relativement grande, ces bo\u00eetes en fer blanc sont id\u00e9ales pour conserver des cosm\u00e9tiques ou des produits alimentaires tels que des biscuits, des bonbons, des herbes ou du th\u00e9.<\/p>\n<div style=\"width: 1280px;\" class=\"wp-video\"><!--[if lt IE 9]><script>document.createElement('video');<\/script><![endif]--><br \/>\n<video class=\"wp-video-shortcode\" id=\"video-548-1\" width=\"1280\" height=\"720\" loop autoplay preload=\"metadata\" controls=\"controls\"><source type=\"video\/mp4\" src=\"http:\/\/yingmeipack.com\/wp-content\/uploads\/2022\/11\/Aluminum-Cosmetics-Jar.mp4?_=1\" \/><a href=\"http:\/\/yingmeipack.com\/wp-content\/uploads\/2022\/11\/Aluminum-Cosmetics-Jar.mp4\">http:\/\/yingmeipack.com\/wp-content\/uploads\/2022\/11\/Aluminum-Cosmetics-Jar.mp4<\/a><\/video><\/div>","protected":false},"featured_media":549,"template":"","meta":{"_kad_post_transparent":"default","_kad_post_title":"","_kad_post_layout":"default","_kad_post_sidebar_id":"","_kad_post_content_style":"default","_kad_post_vertical_padding":"default","_kad_post_feature":"","_kad_post_feature_position":"","_kad_post_header":false,"_kad_post_footer":false,"jetpack_publicize_message":"","jetpack_publicize_feature_enabled":true,"jetpack_social_post_already_shared":false,"jetpack_social_options":{"image_generator_settings":{"template":"highway","default_image_id":0,"enabled":false},"version":2}},"product_brand":[],"product_cat":[28,24,27],"product_tag":[206,209,208,207],"class_list":{"0":"post-548","1":"product","2":"type-product","3":"status-publish","4":"has-post-thumbnail","6":"product_cat-aluminum-jars","7":"product_cat-jars","8":"product_cat-metal-jars","9":"product_tag-250ml-screw-top-tins","10":"product_tag-round-aluminum-cans","11":"product_tag-round-aluminum-containers","12":"product_tag-round-aluminum-tins","14":"first","15":"instock","16":"shipping-taxable","17":"purchasable","18":"product-type-simple","19":"entry","20":"content-bg","21":"loop-entry"},"aioseo_notices":[],"jetpack_publicize_connections":[],"jetpack_sharing_enabled":true,"_links":{"self":[{"href":"https:\/\/yingmeipack.com\/fr\/wp-json\/wp\/v2\/product\/548","targetHints":{"allow":["GET"]}}],"collection":[{"href":"https:\/\/yingmeipack.com\/fr\/wp-json\/wp\/v2\/product"}],"about":[{"href":"https:\/\/yingmeipack.com\/fr\/wp-json\/wp\/v2\/types\/product"}],"version-history":[{"count":1,"href":"https:\/\/yingmeipack.com\/fr\/wp-json\/wp\/v2\/product\/548\/revisions"}],"predecessor-version":[{"id":553,"href":"https:\/\/yingmeipack.com\/fr\/wp-json\/wp\/v2\/product\/548\/revisions\/553"}],"wp:featuredmedia":[{"embeddable":true,"href":"https:\/\/yingmeipack.com\/fr\/wp-json\/wp\/v2\/media\/549"}],"wp:attachment":[{"href":"https:\/\/yingmeipack.com\/fr\/wp-json\/wp\/v2\/media?parent=548"}],"wp:term":[{"taxonomy":"product_brand","embeddable":true,"href":"https:\/\/yingmeipack.com\/fr\/wp-json\/wp\/v2\/product_brand?post=548"},{"taxonomy":"product_cat","embeddable":true,"href":"https:\/\/yingmeipack.com\/fr\/wp-json\/wp\/v2\/product_cat?post=548"},{"taxonomy":"product_tag","embeddable":true,"href":"https:\/\/yingmeipack.com\/fr\/wp-json\/wp\/v2\/product_tag?post=548"}],"curies":[{"name":"wp","href":"https:\/\/api.w.org\/{rel}","templated":true}]}}