{"id":539,"date":"2022-11-24T02:14:52","date_gmt":"2022-11-24T02:14:52","guid":{"rendered":"https:\/\/yingmeipack.com\/?post_type=product&#038;p=539"},"modified":"2022-11-24T02:31:27","modified_gmt":"2022-11-24T02:31:27","slug":"210ml-empty-refillable-reusable-mist-spray-transparent-bottle","status":"publish","type":"product","link":"https:\/\/yingmeipack.com\/fr\/product\/210ml-empty-refillable-reusable-mist-spray-transparent-bottle\/","title":{"rendered":"210ml Bouteille de brume transparente vide, rechargeable et r\u00e9utilisable"},"content":{"rendered":"","protected":false},"excerpt":{"rendered":"<p>Notre flacon pulv\u00e9risateur vide en PET est 100% sans BPA. Il est recyclable, r\u00e9utilisable et sans danger pour l'environnement. Il s'agit d'un flacon en PET transparent avec une buse de pulv\u00e9risation en PP blanc d'une capacit\u00e9 de stockage de 210 ml. Ce flacon est tr\u00e8s pratique \u00e0 utiliser et \u00e0 transporter en raison de sa taille compacte. Ce produit peut r\u00e9pondre \u00e0 toutes vos activit\u00e9s quotidiennes, qu'il s'agisse de d\u00e9sinfectant pour les mains, de m\u00e9dicaments, etc. On peut le transporter dans son sac, son sac \u00e0 main, sa poche, etc. et aussi l'utiliser \u00e0 la maison pour recevoir des invit\u00e9s. Ce vaporisateur est id\u00e9al pour la maison, la salle de bain, la cuisine, l'aromath\u00e9rapie et les voyages. Ce produit peut \u00e9galement \u00eatre utilis\u00e9 pour stocker et utiliser de l'alcool m\u00e9dical, des huiles essentielles, du d\u00e9sinfectant pour les mains \u00e0 base d'alcool, des produits de beaut\u00e9, de la laque pour les cheveux, des produits de nettoyage, des huiles pour la cuisine et les soins personnels.<\/p>","protected":false},"featured_media":541,"template":"","meta":{"_kad_post_transparent":"default","_kad_post_title":"","_kad_post_layout":"default","_kad_post_sidebar_id":"","_kad_post_content_style":"default","_kad_post_vertical_padding":"default","_kad_post_feature":"","_kad_post_feature_position":"","_kad_post_header":false,"_kad_post_footer":false,"jetpack_publicize_message":"","jetpack_publicize_feature_enabled":true,"jetpack_social_post_already_shared":false,"jetpack_social_options":{"image_generator_settings":{"template":"highway","default_image_id":0,"enabled":false},"version":2}},"product_brand":[],"product_cat":[19,20],"product_tag":[205,203,204,202,201],"class_list":{"0":"post-539","1":"product","2":"type-product","3":"status-publish","4":"has-post-thumbnail","6":"product_cat-bottles","7":"product_cat-plastic-bottles","8":"product_tag-210ml-spray-bottle","9":"product_tag-empty-mist-spray-bottle","10":"product_tag-refillable-mist-spray-bottle","11":"product_tag-spray-bottle","12":"product_tag-spray-transparent-bottle","14":"first","15":"instock","16":"shipping-taxable","17":"product-type-simple","18":"entry","19":"content-bg","20":"loop-entry"},"aioseo_notices":[],"jetpack_publicize_connections":[],"jetpack_sharing_enabled":true,"_links":{"self":[{"href":"https:\/\/yingmeipack.com\/fr\/wp-json\/wp\/v2\/product\/539","targetHints":{"allow":["GET"]}}],"collection":[{"href":"https:\/\/yingmeipack.com\/fr\/wp-json\/wp\/v2\/product"}],"about":[{"href":"https:\/\/yingmeipack.com\/fr\/wp-json\/wp\/v2\/types\/product"}],"version-history":[{"count":1,"href":"https:\/\/yingmeipack.com\/fr\/wp-json\/wp\/v2\/product\/539\/revisions"}],"predecessor-version":[{"id":547,"href":"https:\/\/yingmeipack.com\/fr\/wp-json\/wp\/v2\/product\/539\/revisions\/547"}],"wp:featuredmedia":[{"embeddable":true,"href":"https:\/\/yingmeipack.com\/fr\/wp-json\/wp\/v2\/media\/541"}],"wp:attachment":[{"href":"https:\/\/yingmeipack.com\/fr\/wp-json\/wp\/v2\/media?parent=539"}],"wp:term":[{"taxonomy":"product_brand","embeddable":true,"href":"https:\/\/yingmeipack.com\/fr\/wp-json\/wp\/v2\/product_brand?post=539"},{"taxonomy":"product_cat","embeddable":true,"href":"https:\/\/yingmeipack.com\/fr\/wp-json\/wp\/v2\/product_cat?post=539"},{"taxonomy":"product_tag","embeddable":true,"href":"https:\/\/yingmeipack.com\/fr\/wp-json\/wp\/v2\/product_tag?post=539"}],"curies":[{"name":"wp","href":"https:\/\/api.w.org\/{rel}","templated":true}]}}