{"id":529,"date":"2022-11-23T12:48:34","date_gmt":"2022-11-23T12:48:34","guid":{"rendered":"https:\/\/yingmeipack.com\/?post_type=product&#038;p=529"},"modified":"2022-11-23T13:04:26","modified_gmt":"2022-11-23T13:04:26","slug":"550ml-aluminum-cosmetic-jars-tins-cans-with-screw-cap-lid","status":"publish","type":"product","link":"https:\/\/yingmeipack.com\/fr\/product\/550ml-aluminum-cosmetic-jars-tins-cans-with-screw-cap-lid\/","title":{"rendered":"550ml Aluminium Cosmetic Jars Tins Cans with Screw Cap Lid (pots cosm\u00e9tiques en aluminium avec couvercle \u00e0 vis)"},"content":{"rendered":"","protected":false},"excerpt":{"rendered":"<p>Ce pot cosm\u00e9tique en aluminium est fabriqu\u00e9 en aluminium de couleur noire mate, la dimension de ce pot est de 83\u00d7101 mm, la capacit\u00e9 est de 550ml. Il est l\u00e9ger et facile \u00e0 transporter. Le couvercle \u00e0 filetage est adapt\u00e9 pour une fermeture herm\u00e9tique. Emballage en vrac pour une utilisation polyvalente. Ces bo\u00eetes de conserve n'ont pas d'ar\u00eates vives, toutes les ar\u00eates sont arrondies et form\u00e9es sans couture. Ces bo\u00eetes de rangement permettent d'organiser de nombreux petits objets et vous aident \u00e0 \u00e9viter les d\u00e9sagr\u00e9ments li\u00e9s au d\u00e9sordre tout en vous permettant de les transporter et de les ranger facilement. C'est un excellent contenant pour la maison, le bureau, l'atelier, l'\u00e9cole et un choix parfait pour l'artisanat, les cotons, les crochets, les perles, les boutons, les pi\u00e8ces de monnaie, les \u00e9pingles, les vis, l'effaceur, la laque et d'autres petits objets. Ils conviennent \u00e9galement au stockage du slime, \u00e0 la fabrication de bougies et au bricolage. Les clients peuvent personnaliser tous les d\u00e9tails en fonction de leurs propres demandes.<\/p>\n<div style=\"width: 1290px;\" class=\"wp-video\"><!--[if lt IE 9]><script>document.createElement('video');<\/script><![endif]--><br \/>\n<video class=\"wp-video-shortcode\" id=\"video-529-1\" width=\"1290\" height=\"726\" loop autoplay preload=\"auto\" controls=\"controls\"><source type=\"video\/mp4\" src=\"http:\/\/yingmeipack.com\/wp-content\/uploads\/2022\/11\/550ml-matte-black-aluminum-screw-lid-jar.mp4?_=1\" \/><a href=\"http:\/\/yingmeipack.com\/wp-content\/uploads\/2022\/11\/550ml-matte-black-aluminum-screw-lid-jar.mp4\">http:\/\/yingmeipack.com\/wp-content\/uploads\/2022\/11\/550ml-matte-black-aluminum-screw-lid-jar.mp4<\/a><\/video><\/div>","protected":false},"featured_media":530,"template":"","meta":{"_kad_post_transparent":"default","_kad_post_title":"","_kad_post_layout":"default","_kad_post_sidebar_id":"","_kad_post_content_style":"default","_kad_post_vertical_padding":"default","_kad_post_feature":"","_kad_post_feature_position":"","_kad_post_header":false,"_kad_post_footer":false,"jetpack_publicize_message":"","jetpack_publicize_feature_enabled":true,"jetpack_social_post_already_shared":false,"jetpack_social_options":{"image_generator_settings":{"template":"highway","default_image_id":0,"enabled":false},"version":2}},"product_brand":[],"product_cat":[28,24,27],"product_tag":[200,199,197,198],"class_list":{"0":"post-529","1":"product","2":"type-product","3":"status-publish","4":"has-post-thumbnail","6":"product_cat-aluminum-jars","7":"product_cat-jars","8":"product_cat-metal-jars","9":"product_tag-550ml-aluminum-jars","10":"product_tag-aluminum-cosmetic-cans","11":"product_tag-aluminum-cosmetic-jars","12":"product_tag-aluminum-cosmetic-tins","14":"first","15":"instock","16":"shipping-taxable","17":"product-type-simple","18":"entry","19":"content-bg","20":"loop-entry"},"aioseo_notices":[],"jetpack_publicize_connections":[],"jetpack_sharing_enabled":true,"_links":{"self":[{"href":"https:\/\/yingmeipack.com\/fr\/wp-json\/wp\/v2\/product\/529","targetHints":{"allow":["GET"]}}],"collection":[{"href":"https:\/\/yingmeipack.com\/fr\/wp-json\/wp\/v2\/product"}],"about":[{"href":"https:\/\/yingmeipack.com\/fr\/wp-json\/wp\/v2\/types\/product"}],"version-history":[{"count":2,"href":"https:\/\/yingmeipack.com\/fr\/wp-json\/wp\/v2\/product\/529\/revisions"}],"predecessor-version":[{"id":538,"href":"https:\/\/yingmeipack.com\/fr\/wp-json\/wp\/v2\/product\/529\/revisions\/538"}],"wp:featuredmedia":[{"embeddable":true,"href":"https:\/\/yingmeipack.com\/fr\/wp-json\/wp\/v2\/media\/530"}],"wp:attachment":[{"href":"https:\/\/yingmeipack.com\/fr\/wp-json\/wp\/v2\/media?parent=529"}],"wp:term":[{"taxonomy":"product_brand","embeddable":true,"href":"https:\/\/yingmeipack.com\/fr\/wp-json\/wp\/v2\/product_brand?post=529"},{"taxonomy":"product_cat","embeddable":true,"href":"https:\/\/yingmeipack.com\/fr\/wp-json\/wp\/v2\/product_cat?post=529"},{"taxonomy":"product_tag","embeddable":true,"href":"https:\/\/yingmeipack.com\/fr\/wp-json\/wp\/v2\/product_tag?post=529"}],"curies":[{"name":"wp","href":"https:\/\/api.w.org\/{rel}","templated":true}]}}