{"id":515,"date":"2022-11-23T08:13:09","date_gmt":"2022-11-23T08:13:09","guid":{"rendered":"https:\/\/yingmeipack.com\/?post_type=product&#038;p=515"},"modified":"2022-11-23T12:43:23","modified_gmt":"2022-11-23T12:43:23","slug":"custom-130ml-empty-green-plastic-cosmetic-jar-lotion-bottle","status":"publish","type":"product","link":"https:\/\/yingmeipack.com\/fr\/product\/custom-130ml-empty-green-plastic-cosmetic-jar-lotion-bottle\/","title":{"rendered":"Bouteille de lotion en plastique verte vide 130ml sur mesure"},"content":{"rendered":"","protected":false},"excerpt":{"rendered":"<p>Dimensions : Hauteur - 34 mm x Diam\u00e8tre - 70 mm.<br \/>\nStockage polyvalent pour tous les articles pour lesquels vous avez besoin d'un bocal herm\u00e9tique ! Ces bocaux font tout !<br \/>\nAIRTIGHT, LEAK PROOF, SMELL PROOF l'ajustement pr\u00e9cis de ces pots est id\u00e9al pour les cosm\u00e9tiques et les usages personnels.<br \/>\nLes pots r\u00e9utilisables sont faciles \u00e0 nettoyer, \u00e0 r\u00e9utiliser et \u00e0 recycler.<br \/>\nLe vert fonc\u00e9 emp\u00eache les produits photosensibles d'\u00eatre endommag\u00e9s par la lumi\u00e8re du soleil.<\/p>\n<p>Si vous cherchez une solution \u00e0 vos probl\u00e8mes de stockage, c'est le r\u00e9cipient qu'il vous faut. Ce pot en plastique de haute qualit\u00e9 passe au lave-vaisselle et au micro-ondes. Le corps du r\u00e9cipient, facile \u00e0 ouvrir et \u00e0 utiliser, vous permet d'identifier facilement le contenu \u00e0 l'int\u00e9rieur, ce qui en fait un r\u00e9cipient de stockage pratique pour votre cuisine. Le r\u00e9cipient conserve la fra\u00eecheur de vos aliments et les pr\u00e9serve des odeurs. Gr\u00e2ce \u00e0 son couvercle l\u00e9ger et herm\u00e9tique, cette bo\u00eete est facile \u00e0 transporter. La bo\u00eete est fabriqu\u00e9e par nos soins, ce qui vous garantit la qualit\u00e9 du produit. Magasinez en toute confiance avec nous, car nous vendons un article de d\u00e9coration toutes les 45 secondes, ce qui fait de nous la premi\u00e8re destination indienne pour le mobilier et la d\u00e9coration int\u00e9rieure.<\/p>","protected":false},"featured_media":516,"template":"","meta":{"_kad_post_transparent":"default","_kad_post_title":"","_kad_post_layout":"default","_kad_post_sidebar_id":"","_kad_post_content_style":"default","_kad_post_vertical_padding":"default","_kad_post_feature":"","_kad_post_feature_position":"","_kad_post_header":false,"_kad_post_footer":false,"jetpack_publicize_message":"","jetpack_publicize_feature_enabled":true,"jetpack_social_post_already_shared":false,"jetpack_social_options":{"image_generator_settings":{"template":"highway","default_image_id":0,"enabled":false},"version":2}},"product_brand":[],"product_cat":[19,24,20,25],"product_tag":[193,190,191,192],"class_list":{"0":"post-515","1":"product","2":"type-product","3":"status-publish","4":"has-post-thumbnail","6":"product_cat-bottles","7":"product_cat-jars","8":"product_cat-plastic-bottles","9":"product_cat-plastic-jars","10":"product_tag-130ml-plastic-jar","11":"product_tag-empty-green-plastic-cosmetic-jar","12":"product_tag-empty-plastic-cosmetic-jar","13":"product_tag-green-plastic-cosmetic-jar","15":"first","16":"instock","17":"shipping-taxable","18":"product-type-simple","19":"entry","20":"content-bg","21":"loop-entry"},"aioseo_notices":[],"jetpack_publicize_connections":[],"jetpack_sharing_enabled":true,"_links":{"self":[{"href":"https:\/\/yingmeipack.com\/fr\/wp-json\/wp\/v2\/product\/515","targetHints":{"allow":["GET"]}}],"collection":[{"href":"https:\/\/yingmeipack.com\/fr\/wp-json\/wp\/v2\/product"}],"about":[{"href":"https:\/\/yingmeipack.com\/fr\/wp-json\/wp\/v2\/types\/product"}],"version-history":[{"count":1,"href":"https:\/\/yingmeipack.com\/fr\/wp-json\/wp\/v2\/product\/515\/revisions"}],"predecessor-version":[{"id":522,"href":"https:\/\/yingmeipack.com\/fr\/wp-json\/wp\/v2\/product\/515\/revisions\/522"}],"wp:featuredmedia":[{"embeddable":true,"href":"https:\/\/yingmeipack.com\/fr\/wp-json\/wp\/v2\/media\/516"}],"wp:attachment":[{"href":"https:\/\/yingmeipack.com\/fr\/wp-json\/wp\/v2\/media?parent=515"}],"wp:term":[{"taxonomy":"product_brand","embeddable":true,"href":"https:\/\/yingmeipack.com\/fr\/wp-json\/wp\/v2\/product_brand?post=515"},{"taxonomy":"product_cat","embeddable":true,"href":"https:\/\/yingmeipack.com\/fr\/wp-json\/wp\/v2\/product_cat?post=515"},{"taxonomy":"product_tag","embeddable":true,"href":"https:\/\/yingmeipack.com\/fr\/wp-json\/wp\/v2\/product_tag?post=515"}],"curies":[{"name":"wp","href":"https:\/\/api.w.org\/{rel}","templated":true}]}}